{"id":921,"date":"2024-12-11T10:58:13","date_gmt":"2024-12-11T13:58:13","guid":{"rendered":"https:\/\/transito.cambe.pr.gov.br\/?page_id=921"},"modified":"2025-04-09T07:39:46","modified_gmt":"2025-04-09T10:39:46","slug":"informacoes-sobre-o-equipamento-9208","status":"publish","type":"page","link":"https:\/\/transito.cambe.pr.gov.br\/index.php\/sistema-automatico-nao-metrologico-de-fiscalizacao-de-transito\/informacoes-sobre-o-equipamento-9208\/","title":{"rendered":"Informa\u00e7\u00f5es sobre o Equipamento 9208"},"content":{"rendered":"<p><span style=\"color: #000000;\"><strong>Identificador:<\/strong> CAMBE9208<\/span><\/p>\n<p><span style=\"color: #000000;\"><strong>Local de Instala\u00e7\u00e3o:<\/strong> Rua Dinamarca cruzamento com Rua Noruega<\/span><\/p>\n<p><span style=\"color: #000000;\"><strong>Faixas<\/strong>: 1<\/span><\/p>\n<p><span style=\"color: #000000;\"><strong>Sentido:<\/strong> C-B<\/span><\/p>\n<p><span style=\"color: #000000;\"><strong>N\u00famero de S\u00e9rie: <\/strong>M00214<\/span><\/p>\n<p><span style=\"color: #000000;\"><strong>Tipo:\u00a0<\/strong>Sistema Autom\u00e1tico N\u00e3o Metrol\u00f3gico de Fiscaliza\u00e7\u00e3o de Tr\u00e2nsito<\/span><\/p>\n<p><span style=\"color: #000000;\"><strong>Equipamento:<\/strong> Avan\u00e7o de Sinal Vermelho + Parada sobre a Faixa de Pedestre + Convers\u00e3o \u00e0 Esquerda<\/span><\/p>\n<p><span style=\"color: #000000;\"><strong>Latitude:<\/strong> -23,275953<\/span><\/p>\n<p><span style=\"color: #000000;\"><strong>Longitude: <\/strong>-51,283975<\/span><\/p>\n<p>&nbsp;<\/p>\n<p><span style=\"color: #000000;\"><strong>Laudo de Aferi\u00e7\u00e3o e\/ou Declara\u00e7\u00e3o de Conformidade:\u00a0<\/strong><\/span><\/p>\n<p><a href=\"https:\/\/transito.cambe.pr.gov.br\/wp-content\/uploads\/2025\/02\/001_SnMetrologico.pdf\" target=\"_blank\" rel=\"noopener\"><strong data-wp-editing=\"1\"><span style=\"color: #00b458;\"><img loading=\"lazy\" decoding=\"async\" class=\"alignnone wp-image-661\" src=\"https:\/\/transito.cambe.pr.gov.br\/wp-content\/uploads\/2024\/11\/724933-1-300x300.png\" alt=\"\" width=\"20\" height=\"20\" srcset=\"https:\/\/transito.cambe.pr.gov.br\/wp-content\/uploads\/2024\/11\/724933-1-300x300.png 300w, https:\/\/transito.cambe.pr.gov.br\/wp-content\/uploads\/2024\/11\/724933-1-150x150.png 150w, https:\/\/transito.cambe.pr.gov.br\/wp-content\/uploads\/2024\/11\/724933-1-50x50.png 50w, https:\/\/transito.cambe.pr.gov.br\/wp-content\/uploads\/2024\/11\/724933-1-80x80.png 80w, https:\/\/transito.cambe.pr.gov.br\/wp-content\/uploads\/2024\/11\/724933-1.png 512w\" sizes=\"auto, (max-width: 20px) 100vw, 20px\" \/>\u00a0 \u00a001<\/span><\/strong><\/a><\/p>\n","protected":false},"excerpt":{"rendered":"<p>Identificador: CAMBE9208 Local de Instala\u00e7\u00e3o: Rua Dinamarca cruzamento com Rua Noruega Faixas: 1 Sentido: C-B N\u00famero de S\u00e9rie: M00214 Tipo:\u00a0Sistema Autom\u00e1tico N\u00e3o Metrol\u00f3gico de Fiscaliza\u00e7\u00e3o de Tr\u00e2nsito Equipamento: Avan\u00e7o de Sinal Vermelho + Parada sobre a Faixa de Pedestre + Convers\u00e3o \u00e0 Esquerda Latitude: -23,275953 Longitude: -51,283975 &nbsp; Laudo de Aferi\u00e7\u00e3o e\/ou Declara\u00e7\u00e3o de Conformidade:\u00a0 [&hellip;]<\/p>\n","protected":false},"author":5,"featured_media":0,"parent":868,"menu_order":0,"comment_status":"closed","ping_status":"closed","template":"","meta":{"footnotes":""},"class_list":["post-921","page","type-page","status-publish","hentry"],"blocksy_meta":[],"yoast_head":"<!-- This site is optimized with the Yoast SEO plugin v24.4 - https:\/\/yoast.com\/wordpress\/plugins\/seo\/ -->\n<title>Informa\u00e7\u00f5es sobre o Equipamento 9208 - Seguran\u00e7a P\u00fablica e Tr\u00e2nsito - Camb\u00e9<\/title>\n<meta name=\"robots\" content=\"index, follow, max-snippet:-1, max-image-preview:large, max-video-preview:-1\" \/>\n<link rel=\"canonical\" href=\"https:\/\/transito.cambe.pr.gov.br\/index.php\/sistema-automatico-nao-metrologico-de-fiscalizacao-de-transito\/informacoes-sobre-o-equipamento-9208\/\" \/>\n<meta property=\"og:locale\" content=\"pt_BR\" \/>\n<meta property=\"og:type\" content=\"article\" \/>\n<meta property=\"og:title\" content=\"Informa\u00e7\u00f5es sobre o Equipamento 9208 - Seguran\u00e7a P\u00fablica e Tr\u00e2nsito - Camb\u00e9\" \/>\n<meta property=\"og:description\" content=\"Identificador: CAMBE9208 Local de Instala\u00e7\u00e3o: Rua Dinamarca cruzamento com Rua Noruega Faixas: 1 Sentido: C-B N\u00famero de S\u00e9rie: M00214 Tipo:\u00a0Sistema Autom\u00e1tico N\u00e3o Metrol\u00f3gico de Fiscaliza\u00e7\u00e3o de Tr\u00e2nsito Equipamento: Avan\u00e7o de Sinal Vermelho + Parada sobre a Faixa de Pedestre + Convers\u00e3o \u00e0 Esquerda Latitude: -23,275953 Longitude: -51,283975 &nbsp; Laudo de Aferi\u00e7\u00e3o e\/ou Declara\u00e7\u00e3o de Conformidade:\u00a0 [&hellip;]\" \/>\n<meta property=\"og:url\" content=\"https:\/\/transito.cambe.pr.gov.br\/index.php\/sistema-automatico-nao-metrologico-de-fiscalizacao-de-transito\/informacoes-sobre-o-equipamento-9208\/\" \/>\n<meta property=\"og:site_name\" content=\"Seguran\u00e7a P\u00fablica e Tr\u00e2nsito - Camb\u00e9\" \/>\n<meta property=\"article:publisher\" content=\"https:\/\/www.facebook.com\/DepartamentoTransitoCambe\/\" \/>\n<meta property=\"article:modified_time\" content=\"2025-04-09T10:39:46+00:00\" \/>\n<meta property=\"og:image\" content=\"https:\/\/transito.cambe.pr.gov.br\/wp-content\/uploads\/2024\/11\/724933-1-300x300.png\" \/>\n<meta name=\"twitter:card\" content=\"summary_large_image\" \/>\n<meta name=\"twitter:label1\" content=\"Est. tempo de leitura\" \/>\n\t<meta name=\"twitter:data1\" content=\"1 minuto\" \/>\n<script type=\"application\/ld+json\" class=\"yoast-schema-graph\">{\"@context\":\"https:\/\/schema.org\",\"@graph\":[{\"@type\":\"WebPage\",\"@id\":\"https:\/\/transito.cambe.pr.gov.br\/index.php\/sistema-automatico-nao-metrologico-de-fiscalizacao-de-transito\/informacoes-sobre-o-equipamento-9208\/\",\"url\":\"https:\/\/transito.cambe.pr.gov.br\/index.php\/sistema-automatico-nao-metrologico-de-fiscalizacao-de-transito\/informacoes-sobre-o-equipamento-9208\/\",\"name\":\"Informa\u00e7\u00f5es sobre o Equipamento 9208 - Seguran\u00e7a P\u00fablica e Tr\u00e2nsito - Camb\u00e9\",\"isPartOf\":{\"@id\":\"https:\/\/transito.cambe.pr.gov.br\/#website\"},\"primaryImageOfPage\":{\"@id\":\"https:\/\/transito.cambe.pr.gov.br\/index.php\/sistema-automatico-nao-metrologico-de-fiscalizacao-de-transito\/informacoes-sobre-o-equipamento-9208\/#primaryimage\"},\"image\":{\"@id\":\"https:\/\/transito.cambe.pr.gov.br\/index.php\/sistema-automatico-nao-metrologico-de-fiscalizacao-de-transito\/informacoes-sobre-o-equipamento-9208\/#primaryimage\"},\"thumbnailUrl\":\"https:\/\/transito.cambe.pr.gov.br\/wp-content\/uploads\/2024\/11\/724933-1-300x300.png\",\"datePublished\":\"2024-12-11T13:58:13+00:00\",\"dateModified\":\"2025-04-09T10:39:46+00:00\",\"breadcrumb\":{\"@id\":\"https:\/\/transito.cambe.pr.gov.br\/index.php\/sistema-automatico-nao-metrologico-de-fiscalizacao-de-transito\/informacoes-sobre-o-equipamento-9208\/#breadcrumb\"},\"inLanguage\":\"pt-BR\",\"potentialAction\":[{\"@type\":\"ReadAction\",\"target\":[\"https:\/\/transito.cambe.pr.gov.br\/index.php\/sistema-automatico-nao-metrologico-de-fiscalizacao-de-transito\/informacoes-sobre-o-equipamento-9208\/\"]}]},{\"@type\":\"ImageObject\",\"inLanguage\":\"pt-BR\",\"@id\":\"https:\/\/transito.cambe.pr.gov.br\/index.php\/sistema-automatico-nao-metrologico-de-fiscalizacao-de-transito\/informacoes-sobre-o-equipamento-9208\/#primaryimage\",\"url\":\"https:\/\/transito.cambe.pr.gov.br\/wp-content\/uploads\/2024\/11\/724933-1.png\",\"contentUrl\":\"https:\/\/transito.cambe.pr.gov.br\/wp-content\/uploads\/2024\/11\/724933-1.png\",\"width\":512,\"height\":512},{\"@type\":\"BreadcrumbList\",\"@id\":\"https:\/\/transito.cambe.pr.gov.br\/index.php\/sistema-automatico-nao-metrologico-de-fiscalizacao-de-transito\/informacoes-sobre-o-equipamento-9208\/#breadcrumb\",\"itemListElement\":[{\"@type\":\"ListItem\",\"position\":1,\"name\":\"In\u00edcio\",\"item\":\"https:\/\/transito.cambe.pr.gov.br\/\"},{\"@type\":\"ListItem\",\"position\":2,\"name\":\"Sistema Autom\u00e1tico N\u00e3o Metrol\u00f3gico de Fiscaliza\u00e7\u00e3o de Tr\u00e2nsito\",\"item\":\"https:\/\/transito.cambe.pr.gov.br\/index.php\/sistema-automatico-nao-metrologico-de-fiscalizacao-de-transito\/\"},{\"@type\":\"ListItem\",\"position\":3,\"name\":\"Informa\u00e7\u00f5es sobre o Equipamento 9208\"}]},{\"@type\":\"WebSite\",\"@id\":\"https:\/\/transito.cambe.pr.gov.br\/#website\",\"url\":\"https:\/\/transito.cambe.pr.gov.br\/\",\"name\":\"Seguran\u00e7a P\u00fablica e Tr\u00e2nsito - Camb\u00e9\",\"description\":\"\",\"publisher\":{\"@id\":\"https:\/\/transito.cambe.pr.gov.br\/#organization\"},\"alternateName\":\"SESTRAN-Camb\u00e9\",\"potentialAction\":[{\"@type\":\"SearchAction\",\"target\":{\"@type\":\"EntryPoint\",\"urlTemplate\":\"https:\/\/transito.cambe.pr.gov.br\/?s={search_term_string}\"},\"query-input\":{\"@type\":\"PropertyValueSpecification\",\"valueRequired\":true,\"valueName\":\"search_term_string\"}}],\"inLanguage\":\"pt-BR\"},{\"@type\":\"Organization\",\"@id\":\"https:\/\/transito.cambe.pr.gov.br\/#organization\",\"name\":\"Secretaria de Seguran\u00e7a P\u00fablica e Tr\u00e2nsito de Camb\u00e9\",\"alternateName\":\"SESTRAN-Camb\u00e9\",\"url\":\"https:\/\/transito.cambe.pr.gov.br\/\",\"logo\":{\"@type\":\"ImageObject\",\"inLanguage\":\"pt-BR\",\"@id\":\"https:\/\/transito.cambe.pr.gov.br\/#\/schema\/logo\/image\/\",\"url\":\"https:\/\/transito.cambe.pr.gov.br\/wp-content\/uploads\/2023\/08\/brasao_cambe100x100.png\",\"contentUrl\":\"https:\/\/transito.cambe.pr.gov.br\/wp-content\/uploads\/2023\/08\/brasao_cambe100x100.png\",\"width\":100,\"height\":100,\"caption\":\"Secretaria de Seguran\u00e7a P\u00fablica e Tr\u00e2nsito de Camb\u00e9\"},\"image\":{\"@id\":\"https:\/\/transito.cambe.pr.gov.br\/#\/schema\/logo\/image\/\"},\"sameAs\":[\"https:\/\/www.facebook.com\/DepartamentoTransitoCambe\/\"]}]}<\/script>\n<!-- \/ Yoast SEO plugin. -->","yoast_head_json":{"title":"Informa\u00e7\u00f5es sobre o Equipamento 9208 - Seguran\u00e7a P\u00fablica e Tr\u00e2nsito - Camb\u00e9","robots":{"index":"index","follow":"follow","max-snippet":"max-snippet:-1","max-image-preview":"max-image-preview:large","max-video-preview":"max-video-preview:-1"},"canonical":"https:\/\/transito.cambe.pr.gov.br\/index.php\/sistema-automatico-nao-metrologico-de-fiscalizacao-de-transito\/informacoes-sobre-o-equipamento-9208\/","og_locale":"pt_BR","og_type":"article","og_title":"Informa\u00e7\u00f5es sobre o Equipamento 9208 - Seguran\u00e7a P\u00fablica e Tr\u00e2nsito - Camb\u00e9","og_description":"Identificador: CAMBE9208 Local de Instala\u00e7\u00e3o: Rua Dinamarca cruzamento com Rua Noruega Faixas: 1 Sentido: C-B N\u00famero de S\u00e9rie: M00214 Tipo:\u00a0Sistema Autom\u00e1tico N\u00e3o Metrol\u00f3gico de Fiscaliza\u00e7\u00e3o de Tr\u00e2nsito Equipamento: Avan\u00e7o de Sinal Vermelho + Parada sobre a Faixa de Pedestre + Convers\u00e3o \u00e0 Esquerda Latitude: -23,275953 Longitude: -51,283975 &nbsp; Laudo de Aferi\u00e7\u00e3o e\/ou Declara\u00e7\u00e3o de Conformidade:\u00a0 [&hellip;]","og_url":"https:\/\/transito.cambe.pr.gov.br\/index.php\/sistema-automatico-nao-metrologico-de-fiscalizacao-de-transito\/informacoes-sobre-o-equipamento-9208\/","og_site_name":"Seguran\u00e7a P\u00fablica e Tr\u00e2nsito - Camb\u00e9","article_publisher":"https:\/\/www.facebook.com\/DepartamentoTransitoCambe\/","article_modified_time":"2025-04-09T10:39:46+00:00","og_image":[{"url":"https:\/\/transito.cambe.pr.gov.br\/wp-content\/uploads\/2024\/11\/724933-1-300x300.png","type":"","width":"","height":""}],"twitter_card":"summary_large_image","twitter_misc":{"Est. tempo de leitura":"1 minuto"},"schema":{"@context":"https:\/\/schema.org","@graph":[{"@type":"WebPage","@id":"https:\/\/transito.cambe.pr.gov.br\/index.php\/sistema-automatico-nao-metrologico-de-fiscalizacao-de-transito\/informacoes-sobre-o-equipamento-9208\/","url":"https:\/\/transito.cambe.pr.gov.br\/index.php\/sistema-automatico-nao-metrologico-de-fiscalizacao-de-transito\/informacoes-sobre-o-equipamento-9208\/","name":"Informa\u00e7\u00f5es sobre o Equipamento 9208 - Seguran\u00e7a P\u00fablica e Tr\u00e2nsito - Camb\u00e9","isPartOf":{"@id":"https:\/\/transito.cambe.pr.gov.br\/#website"},"primaryImageOfPage":{"@id":"https:\/\/transito.cambe.pr.gov.br\/index.php\/sistema-automatico-nao-metrologico-de-fiscalizacao-de-transito\/informacoes-sobre-o-equipamento-9208\/#primaryimage"},"image":{"@id":"https:\/\/transito.cambe.pr.gov.br\/index.php\/sistema-automatico-nao-metrologico-de-fiscalizacao-de-transito\/informacoes-sobre-o-equipamento-9208\/#primaryimage"},"thumbnailUrl":"https:\/\/transito.cambe.pr.gov.br\/wp-content\/uploads\/2024\/11\/724933-1-300x300.png","datePublished":"2024-12-11T13:58:13+00:00","dateModified":"2025-04-09T10:39:46+00:00","breadcrumb":{"@id":"https:\/\/transito.cambe.pr.gov.br\/index.php\/sistema-automatico-nao-metrologico-de-fiscalizacao-de-transito\/informacoes-sobre-o-equipamento-9208\/#breadcrumb"},"inLanguage":"pt-BR","potentialAction":[{"@type":"ReadAction","target":["https:\/\/transito.cambe.pr.gov.br\/index.php\/sistema-automatico-nao-metrologico-de-fiscalizacao-de-transito\/informacoes-sobre-o-equipamento-9208\/"]}]},{"@type":"ImageObject","inLanguage":"pt-BR","@id":"https:\/\/transito.cambe.pr.gov.br\/index.php\/sistema-automatico-nao-metrologico-de-fiscalizacao-de-transito\/informacoes-sobre-o-equipamento-9208\/#primaryimage","url":"https:\/\/transito.cambe.pr.gov.br\/wp-content\/uploads\/2024\/11\/724933-1.png","contentUrl":"https:\/\/transito.cambe.pr.gov.br\/wp-content\/uploads\/2024\/11\/724933-1.png","width":512,"height":512},{"@type":"BreadcrumbList","@id":"https:\/\/transito.cambe.pr.gov.br\/index.php\/sistema-automatico-nao-metrologico-de-fiscalizacao-de-transito\/informacoes-sobre-o-equipamento-9208\/#breadcrumb","itemListElement":[{"@type":"ListItem","position":1,"name":"In\u00edcio","item":"https:\/\/transito.cambe.pr.gov.br\/"},{"@type":"ListItem","position":2,"name":"Sistema Autom\u00e1tico N\u00e3o Metrol\u00f3gico de Fiscaliza\u00e7\u00e3o de Tr\u00e2nsito","item":"https:\/\/transito.cambe.pr.gov.br\/index.php\/sistema-automatico-nao-metrologico-de-fiscalizacao-de-transito\/"},{"@type":"ListItem","position":3,"name":"Informa\u00e7\u00f5es sobre o Equipamento 9208"}]},{"@type":"WebSite","@id":"https:\/\/transito.cambe.pr.gov.br\/#website","url":"https:\/\/transito.cambe.pr.gov.br\/","name":"Seguran\u00e7a P\u00fablica e Tr\u00e2nsito - Camb\u00e9","description":"","publisher":{"@id":"https:\/\/transito.cambe.pr.gov.br\/#organization"},"alternateName":"SESTRAN-Camb\u00e9","potentialAction":[{"@type":"SearchAction","target":{"@type":"EntryPoint","urlTemplate":"https:\/\/transito.cambe.pr.gov.br\/?s={search_term_string}"},"query-input":{"@type":"PropertyValueSpecification","valueRequired":true,"valueName":"search_term_string"}}],"inLanguage":"pt-BR"},{"@type":"Organization","@id":"https:\/\/transito.cambe.pr.gov.br\/#organization","name":"Secretaria de Seguran\u00e7a P\u00fablica e Tr\u00e2nsito de Camb\u00e9","alternateName":"SESTRAN-Camb\u00e9","url":"https:\/\/transito.cambe.pr.gov.br\/","logo":{"@type":"ImageObject","inLanguage":"pt-BR","@id":"https:\/\/transito.cambe.pr.gov.br\/#\/schema\/logo\/image\/","url":"https:\/\/transito.cambe.pr.gov.br\/wp-content\/uploads\/2023\/08\/brasao_cambe100x100.png","contentUrl":"https:\/\/transito.cambe.pr.gov.br\/wp-content\/uploads\/2023\/08\/brasao_cambe100x100.png","width":100,"height":100,"caption":"Secretaria de Seguran\u00e7a P\u00fablica e Tr\u00e2nsito de Camb\u00e9"},"image":{"@id":"https:\/\/transito.cambe.pr.gov.br\/#\/schema\/logo\/image\/"},"sameAs":["https:\/\/www.facebook.com\/DepartamentoTransitoCambe\/"]}]}},"_links":{"self":[{"href":"https:\/\/transito.cambe.pr.gov.br\/index.php\/wp-json\/wp\/v2\/pages\/921","targetHints":{"allow":["GET"]}}],"collection":[{"href":"https:\/\/transito.cambe.pr.gov.br\/index.php\/wp-json\/wp\/v2\/pages"}],"about":[{"href":"https:\/\/transito.cambe.pr.gov.br\/index.php\/wp-json\/wp\/v2\/types\/page"}],"author":[{"embeddable":true,"href":"https:\/\/transito.cambe.pr.gov.br\/index.php\/wp-json\/wp\/v2\/users\/5"}],"replies":[{"embeddable":true,"href":"https:\/\/transito.cambe.pr.gov.br\/index.php\/wp-json\/wp\/v2\/comments?post=921"}],"version-history":[{"count":7,"href":"https:\/\/transito.cambe.pr.gov.br\/index.php\/wp-json\/wp\/v2\/pages\/921\/revisions"}],"predecessor-version":[{"id":1829,"href":"https:\/\/transito.cambe.pr.gov.br\/index.php\/wp-json\/wp\/v2\/pages\/921\/revisions\/1829"}],"up":[{"embeddable":true,"href":"https:\/\/transito.cambe.pr.gov.br\/index.php\/wp-json\/wp\/v2\/pages\/868"}],"wp:attachment":[{"href":"https:\/\/transito.cambe.pr.gov.br\/index.php\/wp-json\/wp\/v2\/media?parent=921"}],"curies":[{"name":"wp","href":"https:\/\/api.w.org\/{rel}","templated":true}]}}