{"id":88,"date":"2023-08-17T13:04:26","date_gmt":"2023-08-17T16:04:26","guid":{"rendered":"http:\/\/transito.cambe.pr.gov.br\/?page_id=88"},"modified":"2025-10-20T12:00:58","modified_gmt":"2025-10-20T15:00:58","slug":"interdicao-de-via","status":"publish","type":"page","link":"https:\/\/transito.cambe.pr.gov.br\/index.php\/servicos\/autorizacoes\/interdicao-de-via\/","title":{"rendered":"Interdi\u00e7\u00e3o de via"},"content":{"rendered":"<p style=\"text-align: justify;\"><span style=\"font-weight: 400; font-family: arial, helvetica, sans-serif; color: #000000;\">A interdi\u00e7\u00e3o de vias \u00e9 uma medida que restringe temporariamente o acesso de ve\u00edculos a uma determinada \u00e1rea vi\u00e1ria, por motivos de eventos, feiras, festas ou situa\u00e7\u00f5es especiais.\u00a0<\/span><\/p>\n<p style=\"text-align: justify;\"><span style=\"font-weight: 400; font-family: arial, helvetica, sans-serif; color: #000000;\">No munic\u00edpio de Camb\u00e9, a interdi\u00e7\u00e3o de vias deve ser autorizada pelas secretarias de Fiscaliza\u00e7\u00e3o Urbana e de Seguran\u00e7a P\u00fablica e Tr\u00e2nsito.\u00a0<\/span><\/p>\n<p style=\"text-align: justify;\"><span style=\"font-weight: 400; font-family: arial, helvetica, sans-serif; color: #000000;\">Para obter as autoriza\u00e7\u00f5es, existem requisitos b\u00e1sicos e procedimentos para a interdi\u00e7\u00e3o de vias, sendo eles:<\/span><\/p>\n<ol style=\"text-align: justify;\">\n<li style=\"font-weight: 400;\" aria-level=\"1\"><span style=\"font-family: arial, helvetica, sans-serif; color: #000000;\"><b>Justificativa<\/b><span style=\"font-weight: 400;\">: Deve haver uma justificativa clara e v\u00e1lida para a interdi\u00e7\u00e3o da via. Isso pode incluir a realiza\u00e7\u00e3o de obras, eventos p\u00fablicos, manuten\u00e7\u00e3o, reparos ou outras situa\u00e7\u00f5es que exijam o fechamento da via.<\/span><\/span><br \/>\n<hr \/>\n<\/li>\n<li style=\"font-weight: 400;\" aria-level=\"1\"><span style=\"font-family: arial, helvetica, sans-serif; color: #000000;\"><span style=\"font-family: arial, helvetica, sans-serif; color: #000000;\"><b>Planejamento Pr\u00e9vio<\/b><span style=\"font-weight: 400;\">: A interdi\u00e7\u00e3o de vias deve ser planejada com, no m\u00ednimo, 15 dias \u00fateis de anteced\u00eancia (Art. 252 no C\u00f3digo de Posturas do Munic\u00edpio, Lei Municipal n\u00b0 054\/2020). A interdi\u00e7\u00e3o de via ser\u00e1 analisada pela Comiss\u00e3o de Eventos que pede 15 dias para emitir o parecer.<\/span><\/span><\/span><br \/>\n<hr \/>\n<\/li>\n<li style=\"font-weight: 400;\" aria-level=\"1\"><span style=\"font-family: arial, helvetica, sans-serif; color: #000000;\"><span style=\"font-family: arial, helvetica, sans-serif; color: #000000;\"><b>Observ\u00e2ncia \u00e0s linhas de transporte coletivo<\/b><span style=\"font-weight: 400;\">. <span style=\"text-decoration: underline;\">Vias participantes do sistema de transporte coletivo n\u00e3o podem ser interrompidas.<\/span><\/span><\/span><\/span><br \/>\n<hr \/>\n<\/li>\n<li style=\"font-weight: 400;\" aria-level=\"1\"><span style=\"font-family: arial, helvetica, sans-serif; color: #000000;\"><span style=\"font-family: arial, helvetica, sans-serif; color: #000000;\"><b>Apresenta\u00e7\u00e3o do mapa e dura\u00e7\u00e3o da interdi\u00e7\u00e3o<\/b><span style=\"font-weight: 400;\">. Isso envolve determinar o local exato da interdi\u00e7\u00e3o, o per\u00edodo de tempo durante o qual a via ficar\u00e1 fechada.<\/span><\/span><\/span><br \/>\n<hr \/>\n<\/li>\n<li style=\"font-weight: 400;\" aria-level=\"1\"><span style=\"font-family: arial, helvetica, sans-serif; color: #000000;\"><span style=\"font-family: arial, helvetica, sans-serif; color: #000000;\"><b>Rota Alternativa<\/b><span style=\"font-weight: 400;\">: Quando uma via \u00e9 interditada, \u00e9 importante fornecer rotas alternativas para que os motoristas possam contornar a \u00e1rea fechada sem grandes inconvenientes, incluindo o servi\u00e7o de emerg\u00eancia, como bombeiros e ambul\u00e2ncias.<\/span><\/span><\/span><br \/>\n<hr \/>\n<\/li>\n<li style=\"font-weight: 400;\" aria-level=\"1\"><span style=\"font-family: arial, helvetica, sans-serif; color: #000000;\"><span style=\"font-family: arial, helvetica, sans-serif; color: #000000;\"><b>Coordena\u00e7\u00e3o com Entidades Afetadas<\/b><span style=\"font-weight: 400;\">: Em algumas situa\u00e7\u00f5es, pode ser necess\u00e1rio coordenar a interdi\u00e7\u00e3o de vias com empresas, institui\u00e7\u00f5es ou residentes diretamente afetados. Isso \u00e9 especialmente importante em \u00e1reas comerciais ou residenciais.<\/span><\/span><\/span><br \/>\n<hr \/>\n<\/li>\n<li style=\"font-weight: 400;\" aria-level=\"1\"><span style=\"font-family: arial, helvetica, sans-serif; color: #000000;\"><span style=\"font-family: arial, helvetica, sans-serif; color: #000000;\"><b>Sinaliza\u00e7\u00e3o Adequada<\/b><span style=\"font-weight: 400;\">: \u00c9 essencial que o pr\u00f3prio solicitante forne\u00e7a a sinaliza\u00e7\u00e3o clara e adequada para informar os motoristas e pedestres sobre a interdi\u00e7\u00e3o. Isso pode incluir placas de aviso, cones, barreiras e outros dispositivos de sinaliza\u00e7\u00e3o vis\u00edvel.<\/span><\/span><\/span><br \/>\n<hr \/>\n<\/li>\n<li style=\"font-weight: 400;\" aria-level=\"1\"><span style=\"font-family: arial, helvetica, sans-serif; color: #000000;\"><span style=\"font-family: arial, helvetica, sans-serif; color: #000000;\"><b>Comunica\u00e7\u00e3o P\u00fablica<\/b><span style=\"font-weight: 400;\">: Em muitos casos, \u00e9 necess\u00e1rio comunicar publicamente a interdi\u00e7\u00e3o de vias, seja por meio de m\u00eddia local, redes sociais, sites governamentais ou outros meios de comunica\u00e7\u00e3o. Isso ajuda a informar os cidad\u00e3os sobre a situa\u00e7\u00e3o e as rotas alternativas dispon\u00edveis.<\/span><\/span><\/span><br \/>\n<hr \/>\n<\/li>\n<li style=\"font-weight: 400;\" aria-level=\"1\"><span style=\"font-family: arial, helvetica, sans-serif; color: #000000;\"><span style=\"font-family: arial, helvetica, sans-serif; color: #000000;\"><b>Responsabilidades do requerente\/organizador<\/b><span style=\"font-weight: 400;\">: O zelo pelo espa\u00e7o e equipamentos p\u00fablicos; O zelo pela integridade f\u00edsica dos participantes e demais mun\u00edcipes, garantir a integridade dos bens p\u00fablicos e privados adjacentes ao local do evento; A limpeza durante e ap\u00f3s a realiza\u00e7\u00e3o do evento; Arcar com quaisquer custos, danos, multas ou preju\u00edzos inclusive aqueles causados \u00e0 via p\u00fablica ou a terceiros em decorr\u00eancia da realiza\u00e7\u00e3o do evento.<\/span><\/span><\/span><br \/>\n<hr \/>\n<\/li>\n<li style=\"font-weight: 400;\" aria-level=\"1\"><span style=\"font-family: arial, helvetica, sans-serif; color: #000000;\"><span style=\"font-family: arial, helvetica, sans-serif; color: #000000;\"><b>Licen\u00e7as:<\/b><span style=\"font-weight: 400;\"> Dever\u00e3o ser observadas todas as demais determina\u00e7\u00f5es legais relacionadas: licen\u00e7a sanit\u00e1ria; alvar\u00e1 de autoriza\u00e7\u00e3o e respectivo pagamento de taxa para utiliza\u00e7\u00e3o do espa\u00e7o p\u00fablico; comunica\u00e7\u00e3o aos \u00f3rg\u00e3o de seguran\u00e7a (pol\u00edcia militar e corpo de bombeiros).<\/span><\/span><\/span><br \/>\n<hr \/>\n<\/li>\n<li aria-level=\"1\"><span style=\"font-family: arial, helvetica, sans-serif; color: #000000;\"><span style=\"font-family: arial, helvetica, sans-serif; color: #000000;\"><strong>Alvar\u00e1 de funcionamento:<\/strong> Ser\u00e1 necess\u00e1rio o requerente inserir o alvar\u00e1 de funcionamento para pessoa jur\u00eddica no formul\u00e1rio abaixo.<\/span><\/span><br \/>\n<hr \/>\n<\/li>\n<\/ol>\n<h5><\/h5>\n<h5 style=\"text-align: center;\"><a href=\"https:\/\/transito.cambe.pr.gov.br\/index.php\/servicos\/autorizacoes\/interdicao-de-via\/formulario-de-pedido-de-interdicao\/\">Clique aqui: Formul\u00e1rio para Interdi\u00e7\u00e3o de Vias<\/a><\/h5>\n<hr \/>\n<h5 style=\"text-align: center;\"><a href=\"https:\/\/transito.cambe.pr.gov.br\/index.php\/mudanca\/\">Clique aqui: Formul\u00e1rio para Uso da Via para Mudan\u00e7a<\/a><\/h5>\n<p style=\"text-align: center;\">\n","protected":false},"excerpt":{"rendered":"<p>A interdi\u00e7\u00e3o de vias \u00e9 uma medida que restringe temporariamente o acesso de ve\u00edculos a uma determinada \u00e1rea vi\u00e1ria, por motivos de eventos, feiras, festas ou situa\u00e7\u00f5es especiais.\u00a0 No munic\u00edpio de Camb\u00e9, a interdi\u00e7\u00e3o de vias deve ser autorizada pelas secretarias de Fiscaliza\u00e7\u00e3o Urbana e de Seguran\u00e7a P\u00fablica e Tr\u00e2nsito.\u00a0 Para obter as autoriza\u00e7\u00f5es, existem [&hellip;]<\/p>\n","protected":false},"author":2,"featured_media":0,"parent":63,"menu_order":1,"comment_status":"closed","ping_status":"closed","template":"","meta":{"footnotes":""},"class_list":["post-88","page","type-page","status-publish","hentry"],"blocksy_meta":[],"yoast_head":"<!-- This site is optimized with the Yoast SEO plugin v24.4 - https:\/\/yoast.com\/wordpress\/plugins\/seo\/ -->\n<title>Interdi\u00e7\u00e3o de via - Seguran\u00e7a P\u00fablica e Tr\u00e2nsito - Camb\u00e9<\/title>\n<meta name=\"robots\" content=\"index, follow, max-snippet:-1, max-image-preview:large, max-video-preview:-1\" \/>\n<link rel=\"canonical\" href=\"https:\/\/transito.cambe.pr.gov.br\/index.php\/servicos\/autorizacoes\/interdicao-de-via\/\" \/>\n<meta property=\"og:locale\" content=\"pt_BR\" \/>\n<meta property=\"og:type\" content=\"article\" \/>\n<meta property=\"og:title\" content=\"Interdi\u00e7\u00e3o de via - Seguran\u00e7a P\u00fablica e Tr\u00e2nsito - Camb\u00e9\" \/>\n<meta property=\"og:description\" content=\"A interdi\u00e7\u00e3o de vias \u00e9 uma medida que restringe temporariamente o acesso de ve\u00edculos a uma determinada \u00e1rea vi\u00e1ria, por motivos de eventos, feiras, festas ou situa\u00e7\u00f5es especiais.\u00a0 No munic\u00edpio de Camb\u00e9, a interdi\u00e7\u00e3o de vias deve ser autorizada pelas secretarias de Fiscaliza\u00e7\u00e3o Urbana e de Seguran\u00e7a P\u00fablica e Tr\u00e2nsito.\u00a0 Para obter as autoriza\u00e7\u00f5es, existem [&hellip;]\" \/>\n<meta property=\"og:url\" content=\"https:\/\/transito.cambe.pr.gov.br\/index.php\/servicos\/autorizacoes\/interdicao-de-via\/\" \/>\n<meta property=\"og:site_name\" content=\"Seguran\u00e7a P\u00fablica e Tr\u00e2nsito - Camb\u00e9\" \/>\n<meta property=\"article:publisher\" content=\"https:\/\/www.facebook.com\/DepartamentoTransitoCambe\/\" \/>\n<meta property=\"article:modified_time\" content=\"2025-10-20T15:00:58+00:00\" \/>\n<meta property=\"og:image\" content=\"https:\/\/transito.cambe.pr.gov.br\/wp-content\/uploads\/2023\/08\/brasao_cambe100x100.png\" \/>\n\t<meta property=\"og:image:width\" content=\"100\" \/>\n\t<meta property=\"og:image:height\" content=\"100\" \/>\n\t<meta property=\"og:image:type\" content=\"image\/png\" \/>\n<meta name=\"twitter:card\" content=\"summary_large_image\" \/>\n<meta name=\"twitter:label1\" content=\"Est. tempo de leitura\" \/>\n\t<meta name=\"twitter:data1\" content=\"3 minutos\" \/>\n<script type=\"application\/ld+json\" class=\"yoast-schema-graph\">{\"@context\":\"https:\/\/schema.org\",\"@graph\":[{\"@type\":\"WebPage\",\"@id\":\"https:\/\/transito.cambe.pr.gov.br\/index.php\/servicos\/autorizacoes\/interdicao-de-via\/\",\"url\":\"https:\/\/transito.cambe.pr.gov.br\/index.php\/servicos\/autorizacoes\/interdicao-de-via\/\",\"name\":\"Interdi\u00e7\u00e3o de via - Seguran\u00e7a P\u00fablica e Tr\u00e2nsito - Camb\u00e9\",\"isPartOf\":{\"@id\":\"https:\/\/transito.cambe.pr.gov.br\/#website\"},\"datePublished\":\"2023-08-17T16:04:26+00:00\",\"dateModified\":\"2025-10-20T15:00:58+00:00\",\"breadcrumb\":{\"@id\":\"https:\/\/transito.cambe.pr.gov.br\/index.php\/servicos\/autorizacoes\/interdicao-de-via\/#breadcrumb\"},\"inLanguage\":\"pt-BR\",\"potentialAction\":[{\"@type\":\"ReadAction\",\"target\":[\"https:\/\/transito.cambe.pr.gov.br\/index.php\/servicos\/autorizacoes\/interdicao-de-via\/\"]}]},{\"@type\":\"BreadcrumbList\",\"@id\":\"https:\/\/transito.cambe.pr.gov.br\/index.php\/servicos\/autorizacoes\/interdicao-de-via\/#breadcrumb\",\"itemListElement\":[{\"@type\":\"ListItem\",\"position\":1,\"name\":\"In\u00edcio\",\"item\":\"https:\/\/transito.cambe.pr.gov.br\/\"},{\"@type\":\"ListItem\",\"position\":2,\"name\":\"Servi\u00e7o ao Cidad\u00e3o\",\"item\":\"https:\/\/transito.cambe.pr.gov.br\/index.php\/servicos\/\"},{\"@type\":\"ListItem\",\"position\":3,\"name\":\"Autoriza\u00e7\u00f5es\",\"item\":\"https:\/\/transito.cambe.pr.gov.br\/index.php\/servicos\/autorizacoes\/\"},{\"@type\":\"ListItem\",\"position\":4,\"name\":\"Interdi\u00e7\u00e3o de via\"}]},{\"@type\":\"WebSite\",\"@id\":\"https:\/\/transito.cambe.pr.gov.br\/#website\",\"url\":\"https:\/\/transito.cambe.pr.gov.br\/\",\"name\":\"Seguran\u00e7a P\u00fablica e Tr\u00e2nsito - Camb\u00e9\",\"description\":\"\",\"publisher\":{\"@id\":\"https:\/\/transito.cambe.pr.gov.br\/#organization\"},\"alternateName\":\"SESTRAN-Camb\u00e9\",\"potentialAction\":[{\"@type\":\"SearchAction\",\"target\":{\"@type\":\"EntryPoint\",\"urlTemplate\":\"https:\/\/transito.cambe.pr.gov.br\/?s={search_term_string}\"},\"query-input\":{\"@type\":\"PropertyValueSpecification\",\"valueRequired\":true,\"valueName\":\"search_term_string\"}}],\"inLanguage\":\"pt-BR\"},{\"@type\":\"Organization\",\"@id\":\"https:\/\/transito.cambe.pr.gov.br\/#organization\",\"name\":\"Secretaria de Seguran\u00e7a P\u00fablica e Tr\u00e2nsito de Camb\u00e9\",\"alternateName\":\"SESTRAN-Camb\u00e9\",\"url\":\"https:\/\/transito.cambe.pr.gov.br\/\",\"logo\":{\"@type\":\"ImageObject\",\"inLanguage\":\"pt-BR\",\"@id\":\"https:\/\/transito.cambe.pr.gov.br\/#\/schema\/logo\/image\/\",\"url\":\"https:\/\/transito.cambe.pr.gov.br\/wp-content\/uploads\/2023\/08\/brasao_cambe100x100.png\",\"contentUrl\":\"https:\/\/transito.cambe.pr.gov.br\/wp-content\/uploads\/2023\/08\/brasao_cambe100x100.png\",\"width\":100,\"height\":100,\"caption\":\"Secretaria de Seguran\u00e7a P\u00fablica e Tr\u00e2nsito de Camb\u00e9\"},\"image\":{\"@id\":\"https:\/\/transito.cambe.pr.gov.br\/#\/schema\/logo\/image\/\"},\"sameAs\":[\"https:\/\/www.facebook.com\/DepartamentoTransitoCambe\/\"]}]}<\/script>\n<!-- \/ Yoast SEO plugin. -->","yoast_head_json":{"title":"Interdi\u00e7\u00e3o de via - Seguran\u00e7a P\u00fablica e Tr\u00e2nsito - Camb\u00e9","robots":{"index":"index","follow":"follow","max-snippet":"max-snippet:-1","max-image-preview":"max-image-preview:large","max-video-preview":"max-video-preview:-1"},"canonical":"https:\/\/transito.cambe.pr.gov.br\/index.php\/servicos\/autorizacoes\/interdicao-de-via\/","og_locale":"pt_BR","og_type":"article","og_title":"Interdi\u00e7\u00e3o de via - Seguran\u00e7a P\u00fablica e Tr\u00e2nsito - Camb\u00e9","og_description":"A interdi\u00e7\u00e3o de vias \u00e9 uma medida que restringe temporariamente o acesso de ve\u00edculos a uma determinada \u00e1rea vi\u00e1ria, por motivos de eventos, feiras, festas ou situa\u00e7\u00f5es especiais.\u00a0 No munic\u00edpio de Camb\u00e9, a interdi\u00e7\u00e3o de vias deve ser autorizada pelas secretarias de Fiscaliza\u00e7\u00e3o Urbana e de Seguran\u00e7a P\u00fablica e Tr\u00e2nsito.\u00a0 Para obter as autoriza\u00e7\u00f5es, existem [&hellip;]","og_url":"https:\/\/transito.cambe.pr.gov.br\/index.php\/servicos\/autorizacoes\/interdicao-de-via\/","og_site_name":"Seguran\u00e7a P\u00fablica e Tr\u00e2nsito - Camb\u00e9","article_publisher":"https:\/\/www.facebook.com\/DepartamentoTransitoCambe\/","article_modified_time":"2025-10-20T15:00:58+00:00","og_image":[{"width":100,"height":100,"url":"https:\/\/transito.cambe.pr.gov.br\/wp-content\/uploads\/2023\/08\/brasao_cambe100x100.png","type":"image\/png"}],"twitter_card":"summary_large_image","twitter_misc":{"Est. tempo de leitura":"3 minutos"},"schema":{"@context":"https:\/\/schema.org","@graph":[{"@type":"WebPage","@id":"https:\/\/transito.cambe.pr.gov.br\/index.php\/servicos\/autorizacoes\/interdicao-de-via\/","url":"https:\/\/transito.cambe.pr.gov.br\/index.php\/servicos\/autorizacoes\/interdicao-de-via\/","name":"Interdi\u00e7\u00e3o de via - Seguran\u00e7a P\u00fablica e Tr\u00e2nsito - Camb\u00e9","isPartOf":{"@id":"https:\/\/transito.cambe.pr.gov.br\/#website"},"datePublished":"2023-08-17T16:04:26+00:00","dateModified":"2025-10-20T15:00:58+00:00","breadcrumb":{"@id":"https:\/\/transito.cambe.pr.gov.br\/index.php\/servicos\/autorizacoes\/interdicao-de-via\/#breadcrumb"},"inLanguage":"pt-BR","potentialAction":[{"@type":"ReadAction","target":["https:\/\/transito.cambe.pr.gov.br\/index.php\/servicos\/autorizacoes\/interdicao-de-via\/"]}]},{"@type":"BreadcrumbList","@id":"https:\/\/transito.cambe.pr.gov.br\/index.php\/servicos\/autorizacoes\/interdicao-de-via\/#breadcrumb","itemListElement":[{"@type":"ListItem","position":1,"name":"In\u00edcio","item":"https:\/\/transito.cambe.pr.gov.br\/"},{"@type":"ListItem","position":2,"name":"Servi\u00e7o ao Cidad\u00e3o","item":"https:\/\/transito.cambe.pr.gov.br\/index.php\/servicos\/"},{"@type":"ListItem","position":3,"name":"Autoriza\u00e7\u00f5es","item":"https:\/\/transito.cambe.pr.gov.br\/index.php\/servicos\/autorizacoes\/"},{"@type":"ListItem","position":4,"name":"Interdi\u00e7\u00e3o de via"}]},{"@type":"WebSite","@id":"https:\/\/transito.cambe.pr.gov.br\/#website","url":"https:\/\/transito.cambe.pr.gov.br\/","name":"Seguran\u00e7a P\u00fablica e Tr\u00e2nsito - Camb\u00e9","description":"","publisher":{"@id":"https:\/\/transito.cambe.pr.gov.br\/#organization"},"alternateName":"SESTRAN-Camb\u00e9","potentialAction":[{"@type":"SearchAction","target":{"@type":"EntryPoint","urlTemplate":"https:\/\/transito.cambe.pr.gov.br\/?s={search_term_string}"},"query-input":{"@type":"PropertyValueSpecification","valueRequired":true,"valueName":"search_term_string"}}],"inLanguage":"pt-BR"},{"@type":"Organization","@id":"https:\/\/transito.cambe.pr.gov.br\/#organization","name":"Secretaria de Seguran\u00e7a P\u00fablica e Tr\u00e2nsito de Camb\u00e9","alternateName":"SESTRAN-Camb\u00e9","url":"https:\/\/transito.cambe.pr.gov.br\/","logo":{"@type":"ImageObject","inLanguage":"pt-BR","@id":"https:\/\/transito.cambe.pr.gov.br\/#\/schema\/logo\/image\/","url":"https:\/\/transito.cambe.pr.gov.br\/wp-content\/uploads\/2023\/08\/brasao_cambe100x100.png","contentUrl":"https:\/\/transito.cambe.pr.gov.br\/wp-content\/uploads\/2023\/08\/brasao_cambe100x100.png","width":100,"height":100,"caption":"Secretaria de Seguran\u00e7a P\u00fablica e Tr\u00e2nsito de Camb\u00e9"},"image":{"@id":"https:\/\/transito.cambe.pr.gov.br\/#\/schema\/logo\/image\/"},"sameAs":["https:\/\/www.facebook.com\/DepartamentoTransitoCambe\/"]}]}},"_links":{"self":[{"href":"https:\/\/transito.cambe.pr.gov.br\/index.php\/wp-json\/wp\/v2\/pages\/88","targetHints":{"allow":["GET"]}}],"collection":[{"href":"https:\/\/transito.cambe.pr.gov.br\/index.php\/wp-json\/wp\/v2\/pages"}],"about":[{"href":"https:\/\/transito.cambe.pr.gov.br\/index.php\/wp-json\/wp\/v2\/types\/page"}],"author":[{"embeddable":true,"href":"https:\/\/transito.cambe.pr.gov.br\/index.php\/wp-json\/wp\/v2\/users\/2"}],"replies":[{"embeddable":true,"href":"https:\/\/transito.cambe.pr.gov.br\/index.php\/wp-json\/wp\/v2\/comments?post=88"}],"version-history":[{"count":25,"href":"https:\/\/transito.cambe.pr.gov.br\/index.php\/wp-json\/wp\/v2\/pages\/88\/revisions"}],"predecessor-version":[{"id":2479,"href":"https:\/\/transito.cambe.pr.gov.br\/index.php\/wp-json\/wp\/v2\/pages\/88\/revisions\/2479"}],"up":[{"embeddable":true,"href":"https:\/\/transito.cambe.pr.gov.br\/index.php\/wp-json\/wp\/v2\/pages\/63"}],"wp:attachment":[{"href":"https:\/\/transito.cambe.pr.gov.br\/index.php\/wp-json\/wp\/v2\/media?parent=88"}],"curies":[{"name":"wp","href":"https:\/\/api.w.org\/{rel}","templated":true}]}}