{"id":86,"date":"2023-08-17T13:03:01","date_gmt":"2023-08-17T16:03:01","guid":{"rendered":"http:\/\/transito.cambe.pr.gov.br\/?page_id=86"},"modified":"2025-04-25T07:56:41","modified_gmt":"2025-04-25T10:56:41","slug":"recurso-a-jari","status":"publish","type":"page","link":"https:\/\/transito.cambe.pr.gov.br\/index.php\/multas\/recurso-a-jari\/","title":{"rendered":"Recurso \u00e0 JARI"},"content":{"rendered":"<p style=\"text-align: justify;\"><span style=\"font-family: arial, helvetica, sans-serif; color: #000000;\">Caso n\u00e3o tenha sido apresentada defesa de autua\u00e7\u00e3o ou se a defesa n\u00e3o tiver sido acolhida, tanto o propriet\u00e1rio do ve\u00edculo quanto o condutor infrator indicado t\u00eam a oportunidade de interpor um recurso, seja de forma presencial, por via postal ou online, atrav\u00e9s do site, respeitando o prazo estipulado na Notifica\u00e7\u00e3o de Imposi\u00e7\u00e3o de Penalidade (NIP). Nesta fase, \u00e9 poss\u00edvel protocolar o recurso contra a penalidade aplicada. A SESTRAN encaminhar\u00e1 o recurso \u00e0 Junta Administrativa de Recursos de Infra\u00e7\u00f5es (JARI), que avaliar\u00e1 o caso e tomar\u00e1 uma decis\u00e3o. Essa decis\u00e3o pode resultar no deferimento ou indeferimento do recurso, ou, ainda, na recusa do pedido em caso de ilegitimidade.<\/span><\/p>\n<p style=\"text-align: justify;\"><span style=\"font-weight: 400; color: #000000; font-family: arial, helvetica, sans-serif;\">Caso o recurso seja deferido, a multa ser\u00e1 cancelada; no entanto, caso contr\u00e1rio, a multa dever\u00e1 ser quitada.<\/span><\/p>\n<hr \/>\n<p style=\"text-align: center;\"><span style=\"color: #000000; font-family: arial, helvetica, sans-serif;\"><span style=\"font-weight: 400;\"><strong><span style=\"color: #ff0000;\">IMPORTANTE<\/span><\/strong><\/span><\/span><\/p>\n<p style=\"text-align: center;\"><span style=\"color: #000000; font-family: arial, helvetica, sans-serif;\"><span style=\"font-weight: 400;\">O requerimento de recurso <\/span><span style=\"font-weight: 400;\">deve ser preenchido em nome do propriet\u00e1rio do ve\u00edculo ou do condutor infrator.<\/span><\/span><\/p>\n<hr \/>\n<p style=\"text-align: justify;\"><span style=\"font-family: arial, helvetica, sans-serif;\"><strong><span style=\"color: #000000;\">Documentos Necess\u00e1rios:<\/span><\/strong><\/span><\/p>\n<p style=\"text-align: justify;\"><span style=\"color: #000000; font-family: arial, helvetica, sans-serif;\"><strong>Ve\u00edculos em nome de Pessoa F\u00edsica:<\/strong><\/span><\/p>\n<ol style=\"text-align: justify;\">\n<li><span style=\"font-weight: 400; color: #000000; font-family: arial, helvetica, sans-serif;\">Requerimento de Recurso \u00e0 JARI \u00e0 SESTRAN (a assinatura deve ser semelhante ao documento de identifica\u00e7\u00e3o apresentado);<\/span><\/li>\n<li><span style=\"font-weight: 400; color: #000000; font-family: arial, helvetica, sans-serif;\">Notifica\u00e7\u00e3o\u00a0 de Imposi\u00e7\u00e3o da Penalidade &#8211; NIP (cada peti\u00e7\u00e3o dever\u00e1 ter somente um auto de infra\u00e7\u00e3o por objeto);<\/span><\/li>\n<li><span style=\"font-weight: 400; color: #000000; font-family: arial, helvetica, sans-serif;\">RG ou CNH do Requerente (outro documento de identifica\u00e7\u00e3o que comprove a assinatura);<\/span><\/li>\n<li><span style=\"font-weight: 400; color: #000000; font-family: arial, helvetica, sans-serif;\">Documenta\u00e7\u00e3o do ve\u00edculo &#8211; CRLV;<\/span><\/li>\n<li><span style=\"font-weight: 400; color: #000000; font-family: arial, helvetica, sans-serif;\">Procura\u00e7\u00e3o e RG do procurador, quando for o caso;<\/span><\/li>\n<li><span style=\"font-weight: 400; color: #000000; font-family: arial, helvetica, sans-serif;\">Documentos comprobat\u00f3rios das alega\u00e7\u00f5es do Recurso;<\/span><\/li>\n<\/ol>\n<p style=\"text-align: justify;\"><span style=\"color: #000000; font-family: arial, helvetica, sans-serif;\"><strong>Ve\u00edculos em nome de Pessoa Jur\u00eddica:<\/strong><\/span><\/p>\n<ol style=\"text-align: justify;\">\n<li><span style=\"font-weight: 400; color: #000000; font-family: arial, helvetica, sans-serif;\">Requerimento de Recurso \u00e0 JARI\u00a0 \u00e0 SESTRAN (a assinatura deve ser semelhante ao documento de identifica\u00e7\u00e3o apresentado);<\/span><\/li>\n<li><span style=\"font-weight: 400; color: #000000; font-family: arial, helvetica, sans-serif;\">Notifica\u00e7\u00e3o de Imposi\u00e7\u00e3o da Penalidade &#8211; NIP (cada peti\u00e7\u00e3o dever\u00e1 ter somente um auto de infra\u00e7\u00e3o por objeto);<\/span><\/li>\n<li><span style=\"font-weight: 400; color: #000000; font-family: arial, helvetica, sans-serif;\">RG ou CNH do S\u00f3cio da Empresa que assina no Contrato Social ou outro documento de identifica\u00e7\u00e3o que comprove a assinatura;<\/span><\/li>\n<li><span style=\"font-weight: 400; color: #000000; font-family: arial, helvetica, sans-serif;\">Documento do Ve\u00edculo &#8211; CRLV;<\/span><\/li>\n<li><span style=\"font-weight: 400; color: #000000; font-family: arial, helvetica, sans-serif;\">Documentos comprobat\u00f3rios das alega\u00e7\u00f5es da Defesa**;<\/span><\/li>\n<li><span style=\"font-weight: 400; color: #000000; font-family: arial, helvetica, sans-serif;\">Procura\u00e7\u00e3o e RG do procurador, quando for o caso; e<\/span><\/li>\n<li><span style=\"color: #000000; font-family: arial, helvetica, sans-serif;\"><span style=\"font-weight: 400;\">Contrato Social (\u00faltima altera\u00e7\u00e3o)<\/span><b>***<\/b><span style=\"font-weight: 400;\">;<\/span><\/span><\/li>\n<\/ol>\n<p style=\"text-align: justify;\"><span style=\"color: #000000; font-family: arial, helvetica, sans-serif;\"><b>\u00a0\u00a0***<\/b><span style=\"font-weight: 400;\"> Ve\u00edculo em nome de \u00d3rg\u00e3o P\u00fablico complementar a documenta\u00e7\u00e3o:<\/span><\/span><\/p>\n<ul style=\"text-align: justify;\">\n<li><span style=\"color: #000000; font-family: arial, helvetica, sans-serif;\"><span style=\"font-weight: 400;\"> \u00a0 \u00a0 \u00a0 \u00a0 <\/span><span style=\"font-weight: 400;\">Portaria de Nomea\u00e7\u00e3o do Dirigente;<\/span><\/span><\/li>\n<li><span style=\"color: #000000; font-family: arial, helvetica, sans-serif;\"><span style=\"font-weight: 400;\"> \u00a0 \u00a0 \u00a0 \u00a0 <\/span><span style=\"font-weight: 400;\">Documento de identifica\u00e7\u00e3o (RG) do Dirigente do \u00d3rg\u00e3o ou outro documento que comprove a assinatura;<\/span><\/span><\/li>\n<\/ul>\n<p style=\"text-align: justify;\"><span style=\"color: #000000; font-family: arial, helvetica, sans-serif;\"><b>**<\/b><span style=\"font-weight: 400;\">Servi\u00e7os P\u00fablicos de Urg\u00eancia \/ Utilidade P\u00fablica (art.29, VII do CTB): Apresentar em car\u00e1ter complementar documentos que comprovem a urg\u00eancia visando an\u00e1lise do julgador (ex: ordem de servi\u00e7o correspondendo com a data e hor\u00e1rio do cometimento da infra\u00e7\u00e3o, escala de trabalho, no caso de ambul\u00e2ncias o relat\u00f3rio m\u00e9dico e Ordem de servi\u00e7o).<\/span><\/span><\/p>\n<hr \/>\n<p><strong><span style=\"font-size: 14pt; font-family: arial, helvetica, sans-serif; color: #000000;\">Como Protocolar<\/span><\/strong><\/p>\n<p><strong><span style=\"color: #000000; font-family: arial, helvetica, sans-serif;\">PRESENCIAL ou VIA CORREIOS<\/span><\/strong><\/p>\n<p><span style=\"color: #000000; font-family: arial, helvetica, sans-serif;\">Protocolar presencialmente na SESTRAN &#8211; Secretaria Municipal de Seguran\u00e7a P\u00fablica e Tr\u00e2nsito ou via CORREIOS para o endere\u00e7o Rua Fran\u00e7a, 87, Centro &#8211; Camb\u00e9 &#8211; PR CEP: 86181-040<\/span><\/p>\n<hr \/>\n<p style=\"text-align: justify;\"><strong><span style=\"font-size: 14pt; font-family: arial, helvetica, sans-serif; color: #000000;\">Documentos para <\/span><span style=\"font-family: arial, helvetica, sans-serif; font-size: 14pt; color: #000000;\">Downloads<\/span><\/strong><\/p>\n<p><a href=\"https:\/\/transito.cambe.pr.gov.br\/wp-content\/uploads\/2025\/04\/REQUERIMENTO-DE-DEFESA-DE-AUTUACAO-SESTRAN.pdf\"><strong><span style=\"color: #008000;\" data-wp-editing=\"1\"><span style=\"color: #00b458;\"><img loading=\"lazy\" decoding=\"async\" class=\"alignnone wp-image-661\" src=\"https:\/\/transito.cambe.pr.gov.br\/wp-content\/uploads\/2024\/11\/724933-1-300x300.png\" alt=\"\" width=\"20\" height=\"20\" srcset=\"https:\/\/transito.cambe.pr.gov.br\/wp-content\/uploads\/2024\/11\/724933-1-300x300.png 300w, https:\/\/transito.cambe.pr.gov.br\/wp-content\/uploads\/2024\/11\/724933-1-150x150.png 150w, https:\/\/transito.cambe.pr.gov.br\/wp-content\/uploads\/2024\/11\/724933-1-50x50.png 50w, https:\/\/transito.cambe.pr.gov.br\/wp-content\/uploads\/2024\/11\/724933-1-80x80.png 80w, https:\/\/transito.cambe.pr.gov.br\/wp-content\/uploads\/2024\/11\/724933-1.png 512w\" sizes=\"auto, (max-width: 20px) 100vw, 20px\" \/>\u00a0<\/span> RECURSO \u00c0 JARI &#8211; CLIQUE AQUI<\/span><\/strong><\/a><\/p>\n","protected":false},"excerpt":{"rendered":"<p>Caso n\u00e3o tenha sido apresentada defesa de autua\u00e7\u00e3o ou se a defesa n\u00e3o tiver sido acolhida, tanto o propriet\u00e1rio do ve\u00edculo quanto o condutor infrator indicado t\u00eam a oportunidade de interpor um recurso, seja de forma presencial, por via postal ou online, atrav\u00e9s do site, respeitando o prazo estipulado na Notifica\u00e7\u00e3o de Imposi\u00e7\u00e3o de Penalidade [&hellip;]<\/p>\n","protected":false},"author":2,"featured_media":0,"parent":61,"menu_order":3,"comment_status":"closed","ping_status":"closed","template":"","meta":{"footnotes":""},"class_list":["post-86","page","type-page","status-publish","hentry"],"blocksy_meta":[],"yoast_head":"<!-- This site is optimized with the Yoast SEO plugin v27.6 - https:\/\/yoast.com\/product\/yoast-seo-wordpress\/ -->\n<title>Recurso \u00e0 JARI - Seguran\u00e7a P\u00fablica e Tr\u00e2nsito - Camb\u00e9<\/title>\n<meta name=\"robots\" content=\"index, follow, max-snippet:-1, max-image-preview:large, max-video-preview:-1\" \/>\n<link rel=\"canonical\" href=\"https:\/\/transito.cambe.pr.gov.br\/index.php\/multas\/recurso-a-jari\/\" \/>\n<meta property=\"og:locale\" content=\"pt_BR\" \/>\n<meta property=\"og:type\" content=\"article\" \/>\n<meta property=\"og:title\" content=\"Recurso \u00e0 JARI - Seguran\u00e7a P\u00fablica e Tr\u00e2nsito - Camb\u00e9\" \/>\n<meta property=\"og:description\" content=\"Caso n\u00e3o tenha sido apresentada defesa de autua\u00e7\u00e3o ou se a defesa n\u00e3o tiver sido acolhida, tanto o propriet\u00e1rio do ve\u00edculo quanto o condutor infrator indicado t\u00eam a oportunidade de interpor um recurso, seja de forma presencial, por via postal ou online, atrav\u00e9s do site, respeitando o prazo estipulado na Notifica\u00e7\u00e3o de Imposi\u00e7\u00e3o de Penalidade [&hellip;]\" \/>\n<meta property=\"og:url\" content=\"https:\/\/transito.cambe.pr.gov.br\/index.php\/multas\/recurso-a-jari\/\" \/>\n<meta property=\"og:site_name\" content=\"Seguran\u00e7a P\u00fablica e Tr\u00e2nsito - Camb\u00e9\" \/>\n<meta property=\"article:publisher\" content=\"https:\/\/www.facebook.com\/DepartamentoTransitoCambe\/\" \/>\n<meta property=\"article:modified_time\" content=\"2025-04-25T10:56:41+00:00\" \/>\n<meta property=\"og:image\" content=\"https:\/\/transito.cambe.pr.gov.br\/wp-content\/uploads\/2024\/11\/724933-1-300x300.png\" \/>\n<meta name=\"twitter:card\" content=\"summary_large_image\" \/>\n<meta name=\"twitter:label1\" content=\"Est. tempo de leitura\" \/>\n\t<meta name=\"twitter:data1\" content=\"3 minutos\" \/>\n<script type=\"application\/ld+json\" class=\"yoast-schema-graph\">{\"@context\":\"https:\\\/\\\/schema.org\",\"@graph\":[{\"@type\":\"WebPage\",\"@id\":\"https:\\\/\\\/transito.cambe.pr.gov.br\\\/index.php\\\/multas\\\/recurso-a-jari\\\/\",\"url\":\"https:\\\/\\\/transito.cambe.pr.gov.br\\\/index.php\\\/multas\\\/recurso-a-jari\\\/\",\"name\":\"Recurso \u00e0 JARI - Seguran\u00e7a P\u00fablica e Tr\u00e2nsito - Camb\u00e9\",\"isPartOf\":{\"@id\":\"https:\\\/\\\/transito.cambe.pr.gov.br\\\/#website\"},\"primaryImageOfPage\":{\"@id\":\"https:\\\/\\\/transito.cambe.pr.gov.br\\\/index.php\\\/multas\\\/recurso-a-jari\\\/#primaryimage\"},\"image\":{\"@id\":\"https:\\\/\\\/transito.cambe.pr.gov.br\\\/index.php\\\/multas\\\/recurso-a-jari\\\/#primaryimage\"},\"thumbnailUrl\":\"https:\\\/\\\/transito.cambe.pr.gov.br\\\/wp-content\\\/uploads\\\/2024\\\/11\\\/724933-1-300x300.png\",\"datePublished\":\"2023-08-17T16:03:01+00:00\",\"dateModified\":\"2025-04-25T10:56:41+00:00\",\"breadcrumb\":{\"@id\":\"https:\\\/\\\/transito.cambe.pr.gov.br\\\/index.php\\\/multas\\\/recurso-a-jari\\\/#breadcrumb\"},\"inLanguage\":\"pt-BR\",\"potentialAction\":[{\"@type\":\"ReadAction\",\"target\":[\"https:\\\/\\\/transito.cambe.pr.gov.br\\\/index.php\\\/multas\\\/recurso-a-jari\\\/\"]}]},{\"@type\":\"ImageObject\",\"inLanguage\":\"pt-BR\",\"@id\":\"https:\\\/\\\/transito.cambe.pr.gov.br\\\/index.php\\\/multas\\\/recurso-a-jari\\\/#primaryimage\",\"url\":\"https:\\\/\\\/transito.cambe.pr.gov.br\\\/wp-content\\\/uploads\\\/2024\\\/11\\\/724933-1.png\",\"contentUrl\":\"https:\\\/\\\/transito.cambe.pr.gov.br\\\/wp-content\\\/uploads\\\/2024\\\/11\\\/724933-1.png\",\"width\":512,\"height\":512},{\"@type\":\"BreadcrumbList\",\"@id\":\"https:\\\/\\\/transito.cambe.pr.gov.br\\\/index.php\\\/multas\\\/recurso-a-jari\\\/#breadcrumb\",\"itemListElement\":[{\"@type\":\"ListItem\",\"position\":1,\"name\":\"In\u00edcio\",\"item\":\"https:\\\/\\\/transito.cambe.pr.gov.br\\\/\"},{\"@type\":\"ListItem\",\"position\":2,\"name\":\"Infra\u00e7\u00f5es\",\"item\":\"https:\\\/\\\/transito.cambe.pr.gov.br\\\/index.php\\\/multas\\\/\"},{\"@type\":\"ListItem\",\"position\":3,\"name\":\"Recurso \u00e0 JARI\"}]},{\"@type\":\"WebSite\",\"@id\":\"https:\\\/\\\/transito.cambe.pr.gov.br\\\/#website\",\"url\":\"https:\\\/\\\/transito.cambe.pr.gov.br\\\/\",\"name\":\"Seguran\u00e7a P\u00fablica e Tr\u00e2nsito - Camb\u00e9\",\"description\":\"\",\"publisher\":{\"@id\":\"https:\\\/\\\/transito.cambe.pr.gov.br\\\/#organization\"},\"alternateName\":\"SESTRAN-Camb\u00e9\",\"potentialAction\":[{\"@type\":\"SearchAction\",\"target\":{\"@type\":\"EntryPoint\",\"urlTemplate\":\"https:\\\/\\\/transito.cambe.pr.gov.br\\\/?s={search_term_string}\"},\"query-input\":{\"@type\":\"PropertyValueSpecification\",\"valueRequired\":true,\"valueName\":\"search_term_string\"}}],\"inLanguage\":\"pt-BR\"},{\"@type\":\"Organization\",\"@id\":\"https:\\\/\\\/transito.cambe.pr.gov.br\\\/#organization\",\"name\":\"Secretaria de Seguran\u00e7a P\u00fablica e Tr\u00e2nsito de Camb\u00e9\",\"alternateName\":\"SESTRAN-Camb\u00e9\",\"url\":\"https:\\\/\\\/transito.cambe.pr.gov.br\\\/\",\"logo\":{\"@type\":\"ImageObject\",\"inLanguage\":\"pt-BR\",\"@id\":\"https:\\\/\\\/transito.cambe.pr.gov.br\\\/#\\\/schema\\\/logo\\\/image\\\/\",\"url\":\"https:\\\/\\\/transito.cambe.pr.gov.br\\\/wp-content\\\/uploads\\\/2023\\\/08\\\/brasao_cambe100x100.png\",\"contentUrl\":\"https:\\\/\\\/transito.cambe.pr.gov.br\\\/wp-content\\\/uploads\\\/2023\\\/08\\\/brasao_cambe100x100.png\",\"width\":100,\"height\":100,\"caption\":\"Secretaria de Seguran\u00e7a P\u00fablica e Tr\u00e2nsito de Camb\u00e9\"},\"image\":{\"@id\":\"https:\\\/\\\/transito.cambe.pr.gov.br\\\/#\\\/schema\\\/logo\\\/image\\\/\"},\"sameAs\":[\"https:\\\/\\\/www.facebook.com\\\/DepartamentoTransitoCambe\\\/\"]}]}<\/script>\n<!-- \/ Yoast SEO plugin. -->","yoast_head_json":{"title":"Recurso \u00e0 JARI - Seguran\u00e7a P\u00fablica e Tr\u00e2nsito - Camb\u00e9","robots":{"index":"index","follow":"follow","max-snippet":"max-snippet:-1","max-image-preview":"max-image-preview:large","max-video-preview":"max-video-preview:-1"},"canonical":"https:\/\/transito.cambe.pr.gov.br\/index.php\/multas\/recurso-a-jari\/","og_locale":"pt_BR","og_type":"article","og_title":"Recurso \u00e0 JARI - Seguran\u00e7a P\u00fablica e Tr\u00e2nsito - Camb\u00e9","og_description":"Caso n\u00e3o tenha sido apresentada defesa de autua\u00e7\u00e3o ou se a defesa n\u00e3o tiver sido acolhida, tanto o propriet\u00e1rio do ve\u00edculo quanto o condutor infrator indicado t\u00eam a oportunidade de interpor um recurso, seja de forma presencial, por via postal ou online, atrav\u00e9s do site, respeitando o prazo estipulado na Notifica\u00e7\u00e3o de Imposi\u00e7\u00e3o de Penalidade [&hellip;]","og_url":"https:\/\/transito.cambe.pr.gov.br\/index.php\/multas\/recurso-a-jari\/","og_site_name":"Seguran\u00e7a P\u00fablica e Tr\u00e2nsito - Camb\u00e9","article_publisher":"https:\/\/www.facebook.com\/DepartamentoTransitoCambe\/","article_modified_time":"2025-04-25T10:56:41+00:00","og_image":[{"url":"https:\/\/transito.cambe.pr.gov.br\/wp-content\/uploads\/2024\/11\/724933-1-300x300.png","type":"","width":"","height":""}],"twitter_card":"summary_large_image","twitter_misc":{"Est. tempo de leitura":"3 minutos"},"schema":{"@context":"https:\/\/schema.org","@graph":[{"@type":"WebPage","@id":"https:\/\/transito.cambe.pr.gov.br\/index.php\/multas\/recurso-a-jari\/","url":"https:\/\/transito.cambe.pr.gov.br\/index.php\/multas\/recurso-a-jari\/","name":"Recurso \u00e0 JARI - Seguran\u00e7a P\u00fablica e Tr\u00e2nsito - Camb\u00e9","isPartOf":{"@id":"https:\/\/transito.cambe.pr.gov.br\/#website"},"primaryImageOfPage":{"@id":"https:\/\/transito.cambe.pr.gov.br\/index.php\/multas\/recurso-a-jari\/#primaryimage"},"image":{"@id":"https:\/\/transito.cambe.pr.gov.br\/index.php\/multas\/recurso-a-jari\/#primaryimage"},"thumbnailUrl":"https:\/\/transito.cambe.pr.gov.br\/wp-content\/uploads\/2024\/11\/724933-1-300x300.png","datePublished":"2023-08-17T16:03:01+00:00","dateModified":"2025-04-25T10:56:41+00:00","breadcrumb":{"@id":"https:\/\/transito.cambe.pr.gov.br\/index.php\/multas\/recurso-a-jari\/#breadcrumb"},"inLanguage":"pt-BR","potentialAction":[{"@type":"ReadAction","target":["https:\/\/transito.cambe.pr.gov.br\/index.php\/multas\/recurso-a-jari\/"]}]},{"@type":"ImageObject","inLanguage":"pt-BR","@id":"https:\/\/transito.cambe.pr.gov.br\/index.php\/multas\/recurso-a-jari\/#primaryimage","url":"https:\/\/transito.cambe.pr.gov.br\/wp-content\/uploads\/2024\/11\/724933-1.png","contentUrl":"https:\/\/transito.cambe.pr.gov.br\/wp-content\/uploads\/2024\/11\/724933-1.png","width":512,"height":512},{"@type":"BreadcrumbList","@id":"https:\/\/transito.cambe.pr.gov.br\/index.php\/multas\/recurso-a-jari\/#breadcrumb","itemListElement":[{"@type":"ListItem","position":1,"name":"In\u00edcio","item":"https:\/\/transito.cambe.pr.gov.br\/"},{"@type":"ListItem","position":2,"name":"Infra\u00e7\u00f5es","item":"https:\/\/transito.cambe.pr.gov.br\/index.php\/multas\/"},{"@type":"ListItem","position":3,"name":"Recurso \u00e0 JARI"}]},{"@type":"WebSite","@id":"https:\/\/transito.cambe.pr.gov.br\/#website","url":"https:\/\/transito.cambe.pr.gov.br\/","name":"Seguran\u00e7a P\u00fablica e Tr\u00e2nsito - Camb\u00e9","description":"","publisher":{"@id":"https:\/\/transito.cambe.pr.gov.br\/#organization"},"alternateName":"SESTRAN-Camb\u00e9","potentialAction":[{"@type":"SearchAction","target":{"@type":"EntryPoint","urlTemplate":"https:\/\/transito.cambe.pr.gov.br\/?s={search_term_string}"},"query-input":{"@type":"PropertyValueSpecification","valueRequired":true,"valueName":"search_term_string"}}],"inLanguage":"pt-BR"},{"@type":"Organization","@id":"https:\/\/transito.cambe.pr.gov.br\/#organization","name":"Secretaria de Seguran\u00e7a P\u00fablica e Tr\u00e2nsito de Camb\u00e9","alternateName":"SESTRAN-Camb\u00e9","url":"https:\/\/transito.cambe.pr.gov.br\/","logo":{"@type":"ImageObject","inLanguage":"pt-BR","@id":"https:\/\/transito.cambe.pr.gov.br\/#\/schema\/logo\/image\/","url":"https:\/\/transito.cambe.pr.gov.br\/wp-content\/uploads\/2023\/08\/brasao_cambe100x100.png","contentUrl":"https:\/\/transito.cambe.pr.gov.br\/wp-content\/uploads\/2023\/08\/brasao_cambe100x100.png","width":100,"height":100,"caption":"Secretaria de Seguran\u00e7a P\u00fablica e Tr\u00e2nsito de Camb\u00e9"},"image":{"@id":"https:\/\/transito.cambe.pr.gov.br\/#\/schema\/logo\/image\/"},"sameAs":["https:\/\/www.facebook.com\/DepartamentoTransitoCambe\/"]}]}},"_links":{"self":[{"href":"https:\/\/transito.cambe.pr.gov.br\/index.php\/wp-json\/wp\/v2\/pages\/86","targetHints":{"allow":["GET"]}}],"collection":[{"href":"https:\/\/transito.cambe.pr.gov.br\/index.php\/wp-json\/wp\/v2\/pages"}],"about":[{"href":"https:\/\/transito.cambe.pr.gov.br\/index.php\/wp-json\/wp\/v2\/types\/page"}],"author":[{"embeddable":true,"href":"https:\/\/transito.cambe.pr.gov.br\/index.php\/wp-json\/wp\/v2\/users\/2"}],"replies":[{"embeddable":true,"href":"https:\/\/transito.cambe.pr.gov.br\/index.php\/wp-json\/wp\/v2\/comments?post=86"}],"version-history":[{"count":22,"href":"https:\/\/transito.cambe.pr.gov.br\/index.php\/wp-json\/wp\/v2\/pages\/86\/revisions"}],"predecessor-version":[{"id":1872,"href":"https:\/\/transito.cambe.pr.gov.br\/index.php\/wp-json\/wp\/v2\/pages\/86\/revisions\/1872"}],"up":[{"embeddable":true,"href":"https:\/\/transito.cambe.pr.gov.br\/index.php\/wp-json\/wp\/v2\/pages\/61"}],"wp:attachment":[{"href":"https:\/\/transito.cambe.pr.gov.br\/index.php\/wp-json\/wp\/v2\/media?parent=86"}],"curies":[{"name":"wp","href":"https:\/\/api.w.org\/{rel}","templated":true}]}}