{"id":84,"date":"2023-08-17T13:00:59","date_gmt":"2023-08-17T16:00:59","guid":{"rendered":"http:\/\/transito.cambe.pr.gov.br\/?page_id=84"},"modified":"2025-04-25T07:56:20","modified_gmt":"2025-04-25T10:56:20","slug":"defesa-previa","status":"publish","type":"page","link":"https:\/\/transito.cambe.pr.gov.br\/index.php\/multas\/defesa-previa\/","title":{"rendered":"Defesa da Autua\u00e7\u00e3o"},"content":{"rendered":"<p style=\"text-align: justify;\"><span style=\"font-weight: 400; color: #000000; font-family: arial, helvetica, sans-serif;\">O propriet\u00e1rio ou o condutor do ve\u00edculo tem a possibilidade de apresentar uma <strong>defesa<\/strong> <strong>pr\u00e9via<\/strong> junto \u00e0 SESTRAN, \u00e9 a primeira possibilidade para que o cidad\u00e3o apresente sua contesta\u00e7\u00e3o, seja de forma presencial, por via postal ou ainda de forma online atrav\u00e9s do site, seguindo o prazo estipulado na Notifica\u00e7\u00e3o de Autua\u00e7\u00e3o (NA). <\/span><\/p>\n<p style=\"text-align: justify;\"><span style=\"color: #000000; font-family: arial, helvetica, sans-serif;\"><span style=\"font-weight: 400;\">Para apresenta\u00e7\u00e3o de defesa pr\u00e9via de forma presencial ou postal o requerente dever\u00e1 <\/span><span style=\"font-weight: 400;\">redigir as alega\u00e7\u00f5es de defesa e seus dados pessoais em um formul\u00e1rio apropriado, al\u00e9m de fornecer a documenta\u00e7\u00e3o necess\u00e1ria conforme as exig\u00eancias legais. Ap\u00f3s esse processo, aguarda-se o julgamento do recurso.<\/span><\/span><\/p>\n<p>&nbsp;<\/p>\n<hr \/>\n<p style=\"text-align: center;\"><span style=\"text-decoration: underline; color: #ff0000;\"><strong>IMPORTANTE<\/strong><\/span><\/p>\n<p style=\"text-align: center;\"><span style=\"color: #000000; font-family: arial, helvetica, sans-serif;\"><span style=\"font-weight: 400;\">Por sua vez, <\/span><strong>a multa resultante de infra\u00e7\u00e3o leve ou m\u00e9dia ser\u00e1 convertida em advert\u00eancia por escrito, de forma autom\u00e1tica, no ato da imposi\u00e7\u00e3o de penalidade, sem haver necessidade de pedido ou recurso<\/strong><span style=\"font-weight: 400;\"><strong>.<\/strong> <\/span><\/span><\/p>\n<p style=\"text-align: center;\"><span style=\"color: #ff0000;\"><strong>ATEN\u00c7\u00c3O<\/strong><\/span>: <span style=\"font-family: arial, helvetica, sans-serif; color: #000000;\">isso, desde que o motorista n\u00e3o tenha cometido nenhuma outra infra\u00e7\u00e3o de tr\u00e2nsito nos 12 meses anteriores \u00e0 infra\u00e7\u00e3o.<\/span><\/p>\n<hr \/>\n<p>&nbsp;<\/p>\n<p style=\"text-align: justify;\"><span style=\"font-weight: 400; color: #000000; font-family: arial, helvetica, sans-serif;\">A SESTRAN realiza uma an\u00e1lise minuciosa da solicita\u00e7\u00e3o, podendo deferir ou indeferir o pedido, de acordo com a situa\u00e7\u00e3o apresentada. No caso de deferimento, o processo \u00e9 arquivado. Em contrapartida, caso o pedido seja indeferido, ser\u00e1 emitida a NIP &#8211; Notifica\u00e7\u00e3o de Imposi\u00e7\u00e3o da Penalidade ao propriet\u00e1rio do ve\u00edculo, juntamente com a divulga\u00e7\u00e3o do resultado do recurso no Di\u00e1rio Oficial do Munic\u00edpio.<\/span><\/p>\n<p style=\"text-align: justify;\"><span style=\"font-family: arial, helvetica, sans-serif;\"><span style=\"font-weight: 400; color: #000000;\">Para acessar o desfecho e os fundamentos do processo, \u00e9 poss\u00edvel consultar o site<\/span><a href=\"https:\/\/www.gitcidadao.pr.gov.br\/\"> <span style=\"font-weight: 400;\">https:\/\/www.gitcidadao.pr.gov.br\/<\/span><\/a><span style=\"font-weight: 400;\">, <span style=\"color: #000000;\">onde tais informa\u00e7\u00f5es estar\u00e3o dispon\u00edveis.<\/span><\/span><\/span><\/p>\n<hr \/>\n<p style=\"text-align: justify;\"><span style=\"font-family: arial, helvetica, sans-serif; font-size: 14pt;\"><strong><span style=\"color: #000000;\">Documentos Necess\u00e1rios:<\/span><\/strong><\/span><\/p>\n<p style=\"text-align: justify;\"><span style=\"color: #000000; font-family: arial, helvetica, sans-serif;\"><span style=\"font-weight: 400;\">Para apresentar recurso de autua\u00e7\u00e3o, o motorista deve baixar, preencher, assinar o <\/span><span style=\"font-weight: 400;\">Requerimento<\/span><span style=\"font-weight: 400;\"> de Defesa e anexar c\u00f3pias simples de:<\/span><\/span><\/p>\n<p><span style=\"color: #000000;\"><strong>Obs.:<\/strong> ao imprimir o Requerimento de Defesa, certifique-se de atualizar a data para o ano vigente<\/span><\/p>\n<p><span style=\"color: #000000;\"><strong><span style=\"font-family: arial, helvetica, sans-serif;\">C\u00f3pias simples:<\/span><\/strong><\/span><\/p>\n<ul style=\"text-align: justify; list-style-type: disc;\">\n<li style=\"font-weight: 400;\" aria-level=\"1\"><span style=\"font-weight: 400; color: #000000; font-family: arial, helvetica, sans-serif;\">Notifica\u00e7\u00e3o da autua\u00e7\u00e3o ou qualquer documento que facilite a identifica\u00e7\u00e3o do auto de infra\u00e7\u00e3o;<\/span><\/li>\n<li style=\"font-weight: 400;\" aria-level=\"1\"><span style=\"font-weight: 400; color: #000000; font-family: arial, helvetica, sans-serif;\">Certificado de Registro e Licenciamento do Ve\u00edculo &#8211; CRLV;<\/span><\/li>\n<li style=\"font-weight: 400;\" aria-level=\"1\"><span style=\"font-weight: 400; color: #000000; font-family: arial, helvetica, sans-serif;\">CNH ou outra identifica\u00e7\u00e3o que comprove a assinatura do requerente;<\/span><\/li>\n<li aria-level=\"1\"><span style=\"font-weight: 400; color: #000000; font-family: arial, helvetica, sans-serif;\">Pessoa Jur\u00eddica tamb\u00e9m deve comprovar (c\u00f3pia simples) a representatividade legal daquele que assina como propriet\u00e1rio do ve\u00edculo;<\/span><\/li>\n<li style=\"font-weight: 400;\" aria-level=\"1\"><span style=\"font-weight: 400; color: #000000; font-family: arial, helvetica, sans-serif;\">Procura\u00e7\u00e3o, quando o requerente for representado por terceiro.<\/span><\/li>\n<\/ul>\n<p style=\"text-align: justify;\"><span style=\"color: #000000; font-family: arial, helvetica, sans-serif;\"><span style=\"font-weight: 400;\">Estas exig\u00eancias est\u00e3o previstas na <\/span><span style=\"color: #008000;\"><strong><a style=\"color: #008000;\" href=\"https:\/\/www.gov.br\/infraestrutura\/pt-br\/assuntos\/transito\/conteudo-contran\/resolucoes\/Resolucao9002022.pdf\">Resolu\u00e7\u00e3o n.\u00ba 900\/2022<\/a><\/strong><span style=\"font-weight: 400; color: #000000;\"> do Conselho Nacional de Tr\u00e2nsito &#8211; Contran.<\/span><\/span><\/span><\/p>\n<hr \/>\n<p><strong><span style=\"font-size: 14pt; font-family: arial, helvetica, sans-serif; color: #000000;\">Como Protocolar<\/span><\/strong><\/p>\n<p><strong><span style=\"color: #000000; font-family: arial, helvetica, sans-serif;\">PRESENCIAL ou VIA CORREIOS\u00a0<\/span><\/strong><\/p>\n<p><span style=\"color: #000000; font-family: arial, helvetica, sans-serif;\">Protocolar presencialmente na SESTRAN &#8211; Secretaria Municipal de Seguran\u00e7a P\u00fablica e Tr\u00e2nsito ou via CORREIOS para o endere\u00e7o Rua Fran\u00e7a, 87, Centro &#8211; Camb\u00e9 &#8211; PR CEP: 86181-040<\/span><\/p>\n<hr \/>\n<p style=\"text-align: justify;\"><strong><span style=\"font-size: 14pt; font-family: arial, helvetica, sans-serif; color: #000000;\">Documentos para <\/span><span style=\"font-family: arial, helvetica, sans-serif; font-size: 14pt; color: #000000;\">Downloads<\/span><\/strong><\/p>\n<p><a href=\"https:\/\/transito.cambe.pr.gov.br\/wp-content\/uploads\/2025\/04\/REQUERIMENTO-DE-DEFESA-DE-AUTUACAO-SESTRAN.pdf\"><strong><span style=\"color: #008000;\" data-wp-editing=\"1\"><span style=\"color: #00b458;\"><img loading=\"lazy\" decoding=\"async\" class=\"alignnone wp-image-661\" src=\"https:\/\/transito.cambe.pr.gov.br\/wp-content\/uploads\/2024\/11\/724933-1-300x300.png\" alt=\"\" width=\"20\" height=\"20\" srcset=\"https:\/\/transito.cambe.pr.gov.br\/wp-content\/uploads\/2024\/11\/724933-1-300x300.png 300w, https:\/\/transito.cambe.pr.gov.br\/wp-content\/uploads\/2024\/11\/724933-1-150x150.png 150w, https:\/\/transito.cambe.pr.gov.br\/wp-content\/uploads\/2024\/11\/724933-1-50x50.png 50w, https:\/\/transito.cambe.pr.gov.br\/wp-content\/uploads\/2024\/11\/724933-1-80x80.png 80w, https:\/\/transito.cambe.pr.gov.br\/wp-content\/uploads\/2024\/11\/724933-1.png 512w\" sizes=\"auto, (max-width: 20px) 100vw, 20px\" \/>\u00a0<\/span> DEFESA PR\u00c9VIA &#8211; CLIQUE AQUI<\/span><\/strong><\/a><\/p>\n","protected":false},"excerpt":{"rendered":"<p>O propriet\u00e1rio ou o condutor do ve\u00edculo tem a possibilidade de apresentar uma defesa pr\u00e9via junto \u00e0 SESTRAN, \u00e9 a primeira possibilidade para que o cidad\u00e3o apresente sua contesta\u00e7\u00e3o, seja de forma presencial, por via postal ou ainda de forma online atrav\u00e9s do site, seguindo o prazo estipulado na Notifica\u00e7\u00e3o de Autua\u00e7\u00e3o (NA). Para apresenta\u00e7\u00e3o [&hellip;]<\/p>\n","protected":false},"author":2,"featured_media":0,"parent":61,"menu_order":2,"comment_status":"closed","ping_status":"closed","template":"","meta":{"footnotes":""},"class_list":["post-84","page","type-page","status-publish","hentry"],"blocksy_meta":[],"yoast_head":"<!-- This site is optimized with the Yoast SEO plugin v24.4 - https:\/\/yoast.com\/wordpress\/plugins\/seo\/ -->\n<title>Defesa da Autua\u00e7\u00e3o - Seguran\u00e7a P\u00fablica e Tr\u00e2nsito - Camb\u00e9<\/title>\n<meta name=\"robots\" content=\"index, follow, max-snippet:-1, max-image-preview:large, max-video-preview:-1\" \/>\n<link rel=\"canonical\" href=\"https:\/\/transito.cambe.pr.gov.br\/index.php\/multas\/defesa-previa\/\" \/>\n<meta property=\"og:locale\" content=\"pt_BR\" \/>\n<meta property=\"og:type\" content=\"article\" \/>\n<meta property=\"og:title\" content=\"Defesa da Autua\u00e7\u00e3o - Seguran\u00e7a P\u00fablica e Tr\u00e2nsito - Camb\u00e9\" \/>\n<meta property=\"og:description\" content=\"O propriet\u00e1rio ou o condutor do ve\u00edculo tem a possibilidade de apresentar uma defesa pr\u00e9via junto \u00e0 SESTRAN, \u00e9 a primeira possibilidade para que o cidad\u00e3o apresente sua contesta\u00e7\u00e3o, seja de forma presencial, por via postal ou ainda de forma online atrav\u00e9s do site, seguindo o prazo estipulado na Notifica\u00e7\u00e3o de Autua\u00e7\u00e3o (NA). Para apresenta\u00e7\u00e3o [&hellip;]\" \/>\n<meta property=\"og:url\" content=\"https:\/\/transito.cambe.pr.gov.br\/index.php\/multas\/defesa-previa\/\" \/>\n<meta property=\"og:site_name\" content=\"Seguran\u00e7a P\u00fablica e Tr\u00e2nsito - Camb\u00e9\" \/>\n<meta property=\"article:publisher\" content=\"https:\/\/www.facebook.com\/DepartamentoTransitoCambe\/\" \/>\n<meta property=\"article:modified_time\" content=\"2025-04-25T10:56:20+00:00\" \/>\n<meta property=\"og:image\" content=\"https:\/\/transito.cambe.pr.gov.br\/wp-content\/uploads\/2024\/11\/724933-1-300x300.png\" \/>\n<meta name=\"twitter:card\" content=\"summary_large_image\" \/>\n<meta name=\"twitter:label1\" content=\"Est. tempo de leitura\" \/>\n\t<meta name=\"twitter:data1\" content=\"3 minutos\" \/>\n<script type=\"application\/ld+json\" class=\"yoast-schema-graph\">{\"@context\":\"https:\/\/schema.org\",\"@graph\":[{\"@type\":\"WebPage\",\"@id\":\"https:\/\/transito.cambe.pr.gov.br\/index.php\/multas\/defesa-previa\/\",\"url\":\"https:\/\/transito.cambe.pr.gov.br\/index.php\/multas\/defesa-previa\/\",\"name\":\"Defesa da Autua\u00e7\u00e3o - Seguran\u00e7a P\u00fablica e Tr\u00e2nsito - Camb\u00e9\",\"isPartOf\":{\"@id\":\"https:\/\/transito.cambe.pr.gov.br\/#website\"},\"primaryImageOfPage\":{\"@id\":\"https:\/\/transito.cambe.pr.gov.br\/index.php\/multas\/defesa-previa\/#primaryimage\"},\"image\":{\"@id\":\"https:\/\/transito.cambe.pr.gov.br\/index.php\/multas\/defesa-previa\/#primaryimage\"},\"thumbnailUrl\":\"https:\/\/transito.cambe.pr.gov.br\/wp-content\/uploads\/2024\/11\/724933-1-300x300.png\",\"datePublished\":\"2023-08-17T16:00:59+00:00\",\"dateModified\":\"2025-04-25T10:56:20+00:00\",\"breadcrumb\":{\"@id\":\"https:\/\/transito.cambe.pr.gov.br\/index.php\/multas\/defesa-previa\/#breadcrumb\"},\"inLanguage\":\"pt-BR\",\"potentialAction\":[{\"@type\":\"ReadAction\",\"target\":[\"https:\/\/transito.cambe.pr.gov.br\/index.php\/multas\/defesa-previa\/\"]}]},{\"@type\":\"ImageObject\",\"inLanguage\":\"pt-BR\",\"@id\":\"https:\/\/transito.cambe.pr.gov.br\/index.php\/multas\/defesa-previa\/#primaryimage\",\"url\":\"https:\/\/transito.cambe.pr.gov.br\/wp-content\/uploads\/2024\/11\/724933-1.png\",\"contentUrl\":\"https:\/\/transito.cambe.pr.gov.br\/wp-content\/uploads\/2024\/11\/724933-1.png\",\"width\":512,\"height\":512},{\"@type\":\"BreadcrumbList\",\"@id\":\"https:\/\/transito.cambe.pr.gov.br\/index.php\/multas\/defesa-previa\/#breadcrumb\",\"itemListElement\":[{\"@type\":\"ListItem\",\"position\":1,\"name\":\"In\u00edcio\",\"item\":\"https:\/\/transito.cambe.pr.gov.br\/\"},{\"@type\":\"ListItem\",\"position\":2,\"name\":\"Infra\u00e7\u00f5es\",\"item\":\"https:\/\/transito.cambe.pr.gov.br\/index.php\/multas\/\"},{\"@type\":\"ListItem\",\"position\":3,\"name\":\"Defesa da Autua\u00e7\u00e3o\"}]},{\"@type\":\"WebSite\",\"@id\":\"https:\/\/transito.cambe.pr.gov.br\/#website\",\"url\":\"https:\/\/transito.cambe.pr.gov.br\/\",\"name\":\"Seguran\u00e7a P\u00fablica e Tr\u00e2nsito - Camb\u00e9\",\"description\":\"\",\"publisher\":{\"@id\":\"https:\/\/transito.cambe.pr.gov.br\/#organization\"},\"alternateName\":\"SESTRAN-Camb\u00e9\",\"potentialAction\":[{\"@type\":\"SearchAction\",\"target\":{\"@type\":\"EntryPoint\",\"urlTemplate\":\"https:\/\/transito.cambe.pr.gov.br\/?s={search_term_string}\"},\"query-input\":{\"@type\":\"PropertyValueSpecification\",\"valueRequired\":true,\"valueName\":\"search_term_string\"}}],\"inLanguage\":\"pt-BR\"},{\"@type\":\"Organization\",\"@id\":\"https:\/\/transito.cambe.pr.gov.br\/#organization\",\"name\":\"Secretaria de Seguran\u00e7a P\u00fablica e Tr\u00e2nsito de Camb\u00e9\",\"alternateName\":\"SESTRAN-Camb\u00e9\",\"url\":\"https:\/\/transito.cambe.pr.gov.br\/\",\"logo\":{\"@type\":\"ImageObject\",\"inLanguage\":\"pt-BR\",\"@id\":\"https:\/\/transito.cambe.pr.gov.br\/#\/schema\/logo\/image\/\",\"url\":\"https:\/\/transito.cambe.pr.gov.br\/wp-content\/uploads\/2023\/08\/brasao_cambe100x100.png\",\"contentUrl\":\"https:\/\/transito.cambe.pr.gov.br\/wp-content\/uploads\/2023\/08\/brasao_cambe100x100.png\",\"width\":100,\"height\":100,\"caption\":\"Secretaria de Seguran\u00e7a P\u00fablica e Tr\u00e2nsito de Camb\u00e9\"},\"image\":{\"@id\":\"https:\/\/transito.cambe.pr.gov.br\/#\/schema\/logo\/image\/\"},\"sameAs\":[\"https:\/\/www.facebook.com\/DepartamentoTransitoCambe\/\"]}]}<\/script>\n<!-- \/ Yoast SEO plugin. -->","yoast_head_json":{"title":"Defesa da Autua\u00e7\u00e3o - Seguran\u00e7a P\u00fablica e Tr\u00e2nsito - Camb\u00e9","robots":{"index":"index","follow":"follow","max-snippet":"max-snippet:-1","max-image-preview":"max-image-preview:large","max-video-preview":"max-video-preview:-1"},"canonical":"https:\/\/transito.cambe.pr.gov.br\/index.php\/multas\/defesa-previa\/","og_locale":"pt_BR","og_type":"article","og_title":"Defesa da Autua\u00e7\u00e3o - Seguran\u00e7a P\u00fablica e Tr\u00e2nsito - Camb\u00e9","og_description":"O propriet\u00e1rio ou o condutor do ve\u00edculo tem a possibilidade de apresentar uma defesa pr\u00e9via junto \u00e0 SESTRAN, \u00e9 a primeira possibilidade para que o cidad\u00e3o apresente sua contesta\u00e7\u00e3o, seja de forma presencial, por via postal ou ainda de forma online atrav\u00e9s do site, seguindo o prazo estipulado na Notifica\u00e7\u00e3o de Autua\u00e7\u00e3o (NA). Para apresenta\u00e7\u00e3o [&hellip;]","og_url":"https:\/\/transito.cambe.pr.gov.br\/index.php\/multas\/defesa-previa\/","og_site_name":"Seguran\u00e7a P\u00fablica e Tr\u00e2nsito - Camb\u00e9","article_publisher":"https:\/\/www.facebook.com\/DepartamentoTransitoCambe\/","article_modified_time":"2025-04-25T10:56:20+00:00","og_image":[{"url":"https:\/\/transito.cambe.pr.gov.br\/wp-content\/uploads\/2024\/11\/724933-1-300x300.png","type":"","width":"","height":""}],"twitter_card":"summary_large_image","twitter_misc":{"Est. tempo de leitura":"3 minutos"},"schema":{"@context":"https:\/\/schema.org","@graph":[{"@type":"WebPage","@id":"https:\/\/transito.cambe.pr.gov.br\/index.php\/multas\/defesa-previa\/","url":"https:\/\/transito.cambe.pr.gov.br\/index.php\/multas\/defesa-previa\/","name":"Defesa da Autua\u00e7\u00e3o - Seguran\u00e7a P\u00fablica e Tr\u00e2nsito - Camb\u00e9","isPartOf":{"@id":"https:\/\/transito.cambe.pr.gov.br\/#website"},"primaryImageOfPage":{"@id":"https:\/\/transito.cambe.pr.gov.br\/index.php\/multas\/defesa-previa\/#primaryimage"},"image":{"@id":"https:\/\/transito.cambe.pr.gov.br\/index.php\/multas\/defesa-previa\/#primaryimage"},"thumbnailUrl":"https:\/\/transito.cambe.pr.gov.br\/wp-content\/uploads\/2024\/11\/724933-1-300x300.png","datePublished":"2023-08-17T16:00:59+00:00","dateModified":"2025-04-25T10:56:20+00:00","breadcrumb":{"@id":"https:\/\/transito.cambe.pr.gov.br\/index.php\/multas\/defesa-previa\/#breadcrumb"},"inLanguage":"pt-BR","potentialAction":[{"@type":"ReadAction","target":["https:\/\/transito.cambe.pr.gov.br\/index.php\/multas\/defesa-previa\/"]}]},{"@type":"ImageObject","inLanguage":"pt-BR","@id":"https:\/\/transito.cambe.pr.gov.br\/index.php\/multas\/defesa-previa\/#primaryimage","url":"https:\/\/transito.cambe.pr.gov.br\/wp-content\/uploads\/2024\/11\/724933-1.png","contentUrl":"https:\/\/transito.cambe.pr.gov.br\/wp-content\/uploads\/2024\/11\/724933-1.png","width":512,"height":512},{"@type":"BreadcrumbList","@id":"https:\/\/transito.cambe.pr.gov.br\/index.php\/multas\/defesa-previa\/#breadcrumb","itemListElement":[{"@type":"ListItem","position":1,"name":"In\u00edcio","item":"https:\/\/transito.cambe.pr.gov.br\/"},{"@type":"ListItem","position":2,"name":"Infra\u00e7\u00f5es","item":"https:\/\/transito.cambe.pr.gov.br\/index.php\/multas\/"},{"@type":"ListItem","position":3,"name":"Defesa da Autua\u00e7\u00e3o"}]},{"@type":"WebSite","@id":"https:\/\/transito.cambe.pr.gov.br\/#website","url":"https:\/\/transito.cambe.pr.gov.br\/","name":"Seguran\u00e7a P\u00fablica e Tr\u00e2nsito - Camb\u00e9","description":"","publisher":{"@id":"https:\/\/transito.cambe.pr.gov.br\/#organization"},"alternateName":"SESTRAN-Camb\u00e9","potentialAction":[{"@type":"SearchAction","target":{"@type":"EntryPoint","urlTemplate":"https:\/\/transito.cambe.pr.gov.br\/?s={search_term_string}"},"query-input":{"@type":"PropertyValueSpecification","valueRequired":true,"valueName":"search_term_string"}}],"inLanguage":"pt-BR"},{"@type":"Organization","@id":"https:\/\/transito.cambe.pr.gov.br\/#organization","name":"Secretaria de Seguran\u00e7a P\u00fablica e Tr\u00e2nsito de Camb\u00e9","alternateName":"SESTRAN-Camb\u00e9","url":"https:\/\/transito.cambe.pr.gov.br\/","logo":{"@type":"ImageObject","inLanguage":"pt-BR","@id":"https:\/\/transito.cambe.pr.gov.br\/#\/schema\/logo\/image\/","url":"https:\/\/transito.cambe.pr.gov.br\/wp-content\/uploads\/2023\/08\/brasao_cambe100x100.png","contentUrl":"https:\/\/transito.cambe.pr.gov.br\/wp-content\/uploads\/2023\/08\/brasao_cambe100x100.png","width":100,"height":100,"caption":"Secretaria de Seguran\u00e7a P\u00fablica e Tr\u00e2nsito de Camb\u00e9"},"image":{"@id":"https:\/\/transito.cambe.pr.gov.br\/#\/schema\/logo\/image\/"},"sameAs":["https:\/\/www.facebook.com\/DepartamentoTransitoCambe\/"]}]}},"_links":{"self":[{"href":"https:\/\/transito.cambe.pr.gov.br\/index.php\/wp-json\/wp\/v2\/pages\/84","targetHints":{"allow":["GET"]}}],"collection":[{"href":"https:\/\/transito.cambe.pr.gov.br\/index.php\/wp-json\/wp\/v2\/pages"}],"about":[{"href":"https:\/\/transito.cambe.pr.gov.br\/index.php\/wp-json\/wp\/v2\/types\/page"}],"author":[{"embeddable":true,"href":"https:\/\/transito.cambe.pr.gov.br\/index.php\/wp-json\/wp\/v2\/users\/2"}],"replies":[{"embeddable":true,"href":"https:\/\/transito.cambe.pr.gov.br\/index.php\/wp-json\/wp\/v2\/comments?post=84"}],"version-history":[{"count":39,"href":"https:\/\/transito.cambe.pr.gov.br\/index.php\/wp-json\/wp\/v2\/pages\/84\/revisions"}],"predecessor-version":[{"id":1871,"href":"https:\/\/transito.cambe.pr.gov.br\/index.php\/wp-json\/wp\/v2\/pages\/84\/revisions\/1871"}],"up":[{"embeddable":true,"href":"https:\/\/transito.cambe.pr.gov.br\/index.php\/wp-json\/wp\/v2\/pages\/61"}],"wp:attachment":[{"href":"https:\/\/transito.cambe.pr.gov.br\/index.php\/wp-json\/wp\/v2\/media?parent=84"}],"curies":[{"name":"wp","href":"https:\/\/api.w.org\/{rel}","templated":true}]}}