{"id":81,"date":"2023-08-17T12:56:29","date_gmt":"2023-08-17T15:56:29","guid":{"rendered":"http:\/\/transito.cambe.pr.gov.br\/?page_id=81"},"modified":"2026-01-23T11:48:02","modified_gmt":"2026-01-23T14:48:02","slug":"apresentacao-do-condutor","status":"publish","type":"page","link":"https:\/\/transito.cambe.pr.gov.br\/index.php\/multas\/apresentacao-do-condutor\/","title":{"rendered":"Indica\u00e7\u00e3o do Condutor"},"content":{"rendered":"\t\t<div data-elementor-type=\"wp-page\" data-elementor-id=\"81\" class=\"elementor elementor-81\">\n\t\t\t\t<div class=\"elementor-element elementor-element-52bd109 e-flex e-con-boxed e-con e-parent\" data-id=\"52bd109\" data-element_type=\"container\">\n\t\t\t\t\t<div class=\"e-con-inner\">\n\t\t\t\t<div class=\"elementor-element elementor-element-5868e41 elementor-widget elementor-widget-text-editor\" data-id=\"5868e41\" data-element_type=\"widget\" data-widget_type=\"text-editor.default\">\n\t\t\t\t\t\t\t\t\t<p><span style=\"font-family: arial, helvetica, sans-serif; color: #000000;\">Quando um propriet\u00e1rio precisar transferir a responsabilidade de uma infra\u00e7\u00e3o emitida pela Prefeitura de Camb\u00e9, \u00e9 fundamental que ele identifique de forma precisa o condutor que estava, de fato, operando o ve\u00edculo no momento da autua\u00e7\u00e3o.<\/span><\/p>\t\t\t\t\t\t\t\t<\/div>\n\t\t\t\t\t<\/div>\n\t\t\t\t<\/div>\n\t\t<div class=\"elementor-element elementor-element-5db9f5c e-flex e-con-boxed e-con e-parent\" data-id=\"5db9f5c\" data-element_type=\"container\" data-settings=\"{&quot;background_background&quot;:&quot;classic&quot;}\">\n\t\t\t\t\t<div class=\"e-con-inner\">\n\t\t<div class=\"elementor-element elementor-element-1f8f7f7 e-con-full e-flex e-con e-child\" data-id=\"1f8f7f7\" data-element_type=\"container\" data-settings=\"{&quot;background_background&quot;:&quot;classic&quot;}\">\n\t\t\t\t<div class=\"elementor-element elementor-element-7892d99 elementor-widget elementor-widget-text-editor\" data-id=\"7892d99\" data-element_type=\"widget\" data-widget_type=\"text-editor.default\">\n\t\t\t\t\t\t\t\t\t<p style=\"text-align: center;\"><span style=\"font-size: 14pt;\"><strong><span style=\"color: #ff0000; font-family: arial, helvetica, sans-serif;\">IMPORTANTE<\/span><\/strong><\/span><\/p><p style=\"text-align: center;\"><span style=\"font-weight: 400; color: #000000; font-family: arial, helvetica, sans-serif;\">No caso de um ve\u00edculo registrado em nome de uma Pessoa Jur\u00eddica, \u00e9 imperativo proceder com a identifica\u00e7\u00e3o do condutor infrator. A falta desse procedimento acarretar\u00e1 na aplica\u00e7\u00e3o de multas por N\u00e3o Identifica\u00e7\u00e3o de Condutor (NIC), de acordo com o Par\u00e1grafo 8\u00ba do Artigo 257 do C\u00f3digo de Tr\u00e2nsito Brasileiro.<\/span><\/p>\t\t\t\t\t\t\t\t<\/div>\n\t\t\t\t<\/div>\n\t\t\t\t\t<\/div>\n\t\t\t\t<\/div>\n\t\t<div class=\"elementor-element elementor-element-a167cbc e-flex e-con-boxed e-con e-parent\" data-id=\"a167cbc\" data-element_type=\"container\">\n\t\t\t\t\t<div class=\"e-con-inner\">\n\t\t\t\t<div class=\"elementor-element elementor-element-d1d8122 elementor-widget-divider--separator-type-pattern elementor-widget-divider--view-line elementor-widget elementor-widget-divider\" data-id=\"d1d8122\" data-element_type=\"widget\" data-widget_type=\"divider.default\">\n\t\t\t\t\t\t\t<div class=\"elementor-divider\" style=\"--divider-pattern-url: url(&quot;data:image\/svg+xml,%3Csvg xmlns=&#039;http:\/\/www.w3.org\/2000\/svg&#039; preserveAspectRatio=&#039;none&#039; overflow=&#039;visible&#039; height=&#039;100%&#039; viewBox=&#039;0 0 20 16&#039; fill=&#039;none&#039; stroke=&#039;black&#039; stroke-width=&#039;1&#039; stroke-linecap=&#039;square&#039; stroke-miterlimit=&#039;10&#039;%3E%3Cg transform=&#039;translate(-12.000000, 0)&#039;%3E%3Cpath d=&#039;M28,0L10,18&#039;\/%3E%3Cpath d=&#039;M18,0L0,18&#039;\/%3E%3Cpath d=&#039;M48,0L30,18&#039;\/%3E%3Cpath d=&#039;M38,0L20,18&#039;\/%3E%3C\/g%3E%3C\/svg%3E&quot;);\">\n\t\t\t<span class=\"elementor-divider-separator\">\n\t\t\t\t\t\t<\/span>\n\t\t<\/div>\n\t\t\t\t\t\t<\/div>\n\t\t\t\t\t<\/div>\n\t\t\t\t<\/div>\n\t\t<div class=\"elementor-element elementor-element-1d7bb68 e-flex e-con-boxed e-con e-parent\" data-id=\"1d7bb68\" data-element_type=\"container\">\n\t\t\t\t\t<div class=\"e-con-inner\">\n\t\t\t\t<div class=\"elementor-element elementor-element-e5e0cd7 elementor-widget elementor-widget-text-editor\" data-id=\"e5e0cd7\" data-element_type=\"widget\" data-widget_type=\"text-editor.default\">\n\t\t\t\t\t\t\t\t\t<h5 style=\"text-align: justify;\"><span style=\"font-family: arial, helvetica, sans-serif; font-size: 18pt;\"><strong><span style=\"color: #000000;\">Prazo:<\/span><\/strong><\/span><\/h5><p style=\"text-align: justify;\"><span style=\"font-weight: 400; color: #000000; font-family: arial, helvetica, sans-serif;\">O prazo limite para efetuar essa identifica\u00e7\u00e3o est\u00e1 claramente especificado na notifica\u00e7\u00e3o de autua\u00e7\u00e3o, e coincide com o prazo para a apresenta\u00e7\u00e3o de uma defesa.<\/span><\/p><hr \/><h5 style=\"text-align: justify;\"><span style=\"font-size: 18pt;\"><strong><span style=\"font-family: arial, helvetica, sans-serif;\"><span style=\"color: #000000;\">Documentos Necess\u00e1rios:<\/span><\/span><\/strong><\/span><\/h5><p style=\"text-align: justify;\"><span style=\"font-family: arial, helvetica, sans-serif; color: #000000;\"><strong>1. <\/strong>Requerimento de identifica\u00e7\u00e3o de condutor sem rasuras, preenchido e com assinaturas <strong>ORIGINAIS<\/strong>\u00a0do condutor e do propriet\u00e1rio do ve\u00edculo. E se enviado de forma online, a digitaliza\u00e7\u00e3o dever\u00e1 ser colorida.<\/span><br \/><span style=\"font-family: arial, helvetica, sans-serif; color: #000000;\"><strong>2.\u00a0<\/strong>C\u00f3pia leg\u00edvel do documento de habilita\u00e7\u00e3o do condutor infrator.<\/span><br \/><span style=\"font-family: arial, helvetica, sans-serif; color: #000000;\"><strong>3.\u00a0<\/strong>C\u00f3pia leg\u00edvel do documento de identifica\u00e7\u00e3o do propriet\u00e1rio do ve\u00edculo.<\/span><br \/><span style=\"font-family: arial, helvetica, sans-serif; color: #000000;\"><strong>4.\u00a0<\/strong>Em caso de ve\u00edculo de propriedade de pessoa jur\u00eddica ser\u00e1 necess\u00e1rio c\u00f3pia do contrato social da empresa ou documento que comprove a representatividade daquele que assina como propriet\u00e1rio e tamb\u00e9m seu documento de identifica\u00e7\u00e3o.<\/span><br \/><span style=\"font-family: arial, helvetica, sans-serif; color: #000000;\"><strong>5.\u00a0<\/strong>As c\u00f3pias n\u00e3o precisam ser autenticadas.<\/span><\/p>\t\t\t\t\t\t\t\t<\/div>\n\t\t\t\t\t<\/div>\n\t\t\t\t<\/div>\n\t\t<div class=\"elementor-element elementor-element-e65aa36 e-flex e-con-boxed e-con e-parent\" data-id=\"e65aa36\" data-element_type=\"container\">\n\t\t\t\t\t<div class=\"e-con-inner\">\n\t\t\t\t<div class=\"elementor-element elementor-element-f3a1fa3 elementor-align-center elementor-widget elementor-widget-button\" data-id=\"f3a1fa3\" data-element_type=\"widget\" data-widget_type=\"button.default\">\n\t\t\t\t\t\t\t\t\t\t<a class=\"elementor-button elementor-button-link elementor-size-sm\" href=\"https:\/\/transito.cambe.pr.gov.br\/wp-content\/uploads\/2025\/04\/Indicacao-do-Condutor-PRONTO-SESTRAN.pdf\">\n\t\t\t\t\t\t<span class=\"elementor-button-content-wrapper\">\n\t\t\t\t\t\t\t\t\t<span class=\"elementor-button-text\">\u00a0CLIQUE AQUI - REQUERIMENTO DE INDICA\u00c7\u00c3O DO CONDUTOR (PDF)<\/span>\n\t\t\t\t\t<\/span>\n\t\t\t\t\t<\/a>\n\t\t\t\t\t\t\t\t<\/div>\n\t\t\t\t\t<\/div>\n\t\t\t\t<\/div>\n\t\t<div class=\"elementor-element elementor-element-16b235f e-flex e-con-boxed e-con e-parent\" data-id=\"16b235f\" data-element_type=\"container\">\n\t\t\t\t\t<div class=\"e-con-inner\">\n\t\t\t\t<div class=\"elementor-element elementor-element-8458c37 elementor-widget-divider--separator-type-pattern elementor-widget-divider--view-line elementor-widget elementor-widget-divider\" data-id=\"8458c37\" data-element_type=\"widget\" data-widget_type=\"divider.default\">\n\t\t\t\t\t\t\t<div class=\"elementor-divider\" style=\"--divider-pattern-url: url(&quot;data:image\/svg+xml,%3Csvg xmlns=&#039;http:\/\/www.w3.org\/2000\/svg&#039; preserveAspectRatio=&#039;none&#039; overflow=&#039;visible&#039; height=&#039;100%&#039; viewBox=&#039;0 0 20 16&#039; fill=&#039;none&#039; stroke=&#039;black&#039; stroke-width=&#039;1&#039; stroke-linecap=&#039;square&#039; stroke-miterlimit=&#039;10&#039;%3E%3Cg transform=&#039;translate(-12.000000, 0)&#039;%3E%3Cpath d=&#039;M28,0L10,18&#039;\/%3E%3Cpath d=&#039;M18,0L0,18&#039;\/%3E%3Cpath d=&#039;M48,0L30,18&#039;\/%3E%3Cpath d=&#039;M38,0L20,18&#039;\/%3E%3C\/g%3E%3C\/svg%3E&quot;);\">\n\t\t\t<span class=\"elementor-divider-separator\">\n\t\t\t\t\t\t<\/span>\n\t\t<\/div>\n\t\t\t\t\t\t<\/div>\n\t\t\t\t\t<\/div>\n\t\t\t\t<\/div>\n\t\t<div class=\"elementor-element elementor-element-e739b8f e-flex e-con-boxed e-con e-parent\" data-id=\"e739b8f\" data-element_type=\"container\">\n\t\t\t\t\t<div class=\"e-con-inner\">\n\t\t\t\t<div class=\"elementor-element elementor-element-98abb07 elementor-widget elementor-widget-text-editor\" data-id=\"98abb07\" data-element_type=\"widget\" data-widget_type=\"text-editor.default\">\n\t\t\t\t\t\t\t\t\t<h5 style=\"text-align: justify;\"><span style=\"font-size: 18pt;\"><strong><span style=\"color: #000000; font-family: arial, helvetica, sans-serif;\">Como Apresentar:<\/span><\/strong><\/span><\/h5><h5 style=\"text-align: justify;\"><span style=\"font-family: arial, helvetica, sans-serif; color: #000000;\"><strong>ONLINE<\/strong><\/span><\/h5><p style=\"text-align: justify;\"><span style=\"color: #000000; font-family: arial, helvetica, sans-serif;\"><strong>Para isso, basta ter o requerimento de identifica\u00e7\u00e3o de condutor \u00a0devidamente preenchido e todos os documentos escaneados.<\/strong><\/span><br \/><span style=\"color: #000000; font-family: arial, helvetica, sans-serif;\">Ap\u00f3s a inclus\u00e3o do protocolo online, um n\u00famero de protocolo ser\u00e1 encaminhado ao e-mail informado no cadastro. Voc\u00ea pode acompanhar o andamento da solicita\u00e7\u00e3o com este n\u00famero.<\/span><\/p><p>\u00a0<\/p>\t\t\t\t\t\t\t\t<\/div>\n\t\t\t\t<div class=\"elementor-element elementor-element-53f7570 elementor-align-center elementor-widget elementor-widget-button\" data-id=\"53f7570\" data-element_type=\"widget\" data-widget_type=\"button.default\">\n\t\t\t\t\t\t\t\t\t\t<a class=\"elementor-button elementor-button-link elementor-size-sm\" href=\"http:\/\/www.geproc.pr.gov.br\/geproc\/ng\/?route=pub\/processo\/incluir&#038;_publico=true\">\n\t\t\t\t\t\t<span class=\"elementor-button-content-wrapper\">\n\t\t\t\t\t\t\t\t\t<span class=\"elementor-button-text\">CLIQUE AQUI - PARA INCLUIR O PROTOCOLO ONLINE<\/span>\n\t\t\t\t\t<\/span>\n\t\t\t\t\t<\/a>\n\t\t\t\t\t\t\t\t<\/div>\n\t\t\t\t\t<\/div>\n\t\t\t\t<\/div>\n\t\t<div class=\"elementor-element elementor-element-0ded896 e-flex e-con-boxed e-con e-parent\" data-id=\"0ded896\" data-element_type=\"container\">\n\t\t\t\t\t<div class=\"e-con-inner\">\n\t\t\t\t<div class=\"elementor-element elementor-element-51d684f elementor-widget-divider--view-line elementor-widget elementor-widget-divider\" data-id=\"51d684f\" data-element_type=\"widget\" data-widget_type=\"divider.default\">\n\t\t\t\t\t\t\t<div class=\"elementor-divider\">\n\t\t\t<span class=\"elementor-divider-separator\">\n\t\t\t\t\t\t<\/span>\n\t\t<\/div>\n\t\t\t\t\t\t<\/div>\n\t\t\t\t\t<\/div>\n\t\t\t\t<\/div>\n\t\t<div class=\"elementor-element elementor-element-deea599 e-flex e-con-boxed e-con e-parent\" data-id=\"deea599\" data-element_type=\"container\">\n\t\t\t\t\t<div class=\"e-con-inner\">\n\t\t\t\t<div class=\"elementor-element elementor-element-a5fe146 elementor-widget elementor-widget-text-editor\" data-id=\"a5fe146\" data-element_type=\"widget\" data-widget_type=\"text-editor.default\">\n\t\t\t\t\t\t\t\t\t<h5 style=\"text-align: justify;\"><strong><span style=\"color: #000000; font-family: arial, helvetica, sans-serif;\">PRESENCIAL\u00a0<\/span><\/strong><\/h5><p style=\"text-align: justify;\"><span style=\"font-family: arial, helvetica, sans-serif; color: #000000;\">Protocolar presencialmente na Secretaria de Seguran\u00e7a P\u00fablica e Tr\u00e2nsito \u2013 SESTRAN<\/span><\/p><p style=\"text-align: justify;\"><strong><span style=\"color: #000000; font-family: arial, helvetica, sans-serif;\">Hor\u00e1rio de atendimento: dias \u00fateis, das 08:30 \u00e0s 11:30 e das 13:00 \u00e0s 17h00.\u00a0<\/span><\/strong><\/p>\t\t\t\t\t\t\t\t<\/div>\n\t\t\t\t\t<\/div>\n\t\t\t\t<\/div>\n\t\t<div class=\"elementor-element elementor-element-dbf3a54 e-flex e-con-boxed e-con e-parent\" data-id=\"dbf3a54\" data-element_type=\"container\">\n\t\t\t\t\t<div class=\"e-con-inner\">\n\t\t\t\t<div class=\"elementor-element elementor-element-960ba95 elementor-widget-divider--view-line elementor-widget elementor-widget-divider\" data-id=\"960ba95\" data-element_type=\"widget\" data-widget_type=\"divider.default\">\n\t\t\t\t\t\t\t<div class=\"elementor-divider\">\n\t\t\t<span class=\"elementor-divider-separator\">\n\t\t\t\t\t\t<\/span>\n\t\t<\/div>\n\t\t\t\t\t\t<\/div>\n\t\t\t\t\t<\/div>\n\t\t\t\t<\/div>\n\t\t<div class=\"elementor-element elementor-element-feef071 e-flex e-con-boxed e-con e-parent\" data-id=\"feef071\" data-element_type=\"container\">\n\t\t\t\t\t<div class=\"e-con-inner\">\n\t\t\t\t<div class=\"elementor-element elementor-element-3afc3c5 elementor-widget elementor-widget-text-editor\" data-id=\"3afc3c5\" data-element_type=\"widget\" data-widget_type=\"text-editor.default\">\n\t\t\t\t\t\t\t\t\t<h5><strong>VIA CORREIOS<\/strong><\/h5><p><span style=\"color: #000000;\">Envie os documentos necess\u00e1rios para Secretaria de Seguran\u00e7a P\u00fablica e Tr\u00e2nsito &#8211; SESTRAN<\/span><\/p><p><span style=\"color: #000000;\"><strong>Rua Fran\u00e7a, 87, Centro &#8211; Camb\u00e9 &#8211; PR CEP: 86181-040.<\/strong><\/span><\/p>\t\t\t\t\t\t\t\t<\/div>\n\t\t\t\t\t<\/div>\n\t\t\t\t<\/div>\n\t\t<div class=\"elementor-element elementor-element-19ed785 e-flex e-con-boxed e-con e-parent\" data-id=\"19ed785\" data-element_type=\"container\">\n\t\t\t\t\t<div class=\"e-con-inner\">\n\t\t\t\t<div class=\"elementor-element elementor-element-0345999 elementor-widget-divider--separator-type-pattern elementor-widget-divider--view-line elementor-widget elementor-widget-divider\" data-id=\"0345999\" data-element_type=\"widget\" data-widget_type=\"divider.default\">\n\t\t\t\t\t\t\t<div class=\"elementor-divider\" style=\"--divider-pattern-url: url(&quot;data:image\/svg+xml,%3Csvg xmlns=&#039;http:\/\/www.w3.org\/2000\/svg&#039; preserveAspectRatio=&#039;none&#039; overflow=&#039;visible&#039; height=&#039;100%&#039; viewBox=&#039;0 0 20 16&#039; fill=&#039;none&#039; stroke=&#039;black&#039; stroke-width=&#039;1&#039; stroke-linecap=&#039;square&#039; stroke-miterlimit=&#039;10&#039;%3E%3Cg transform=&#039;translate(-12.000000, 0)&#039;%3E%3Cpath d=&#039;M28,0L10,18&#039;\/%3E%3Cpath d=&#039;M18,0L0,18&#039;\/%3E%3Cpath d=&#039;M48,0L30,18&#039;\/%3E%3Cpath d=&#039;M38,0L20,18&#039;\/%3E%3C\/g%3E%3C\/svg%3E&quot;);\">\n\t\t\t<span class=\"elementor-divider-separator\">\n\t\t\t\t\t\t<\/span>\n\t\t<\/div>\n\t\t\t\t\t\t<\/div>\n\t\t\t\t\t<\/div>\n\t\t\t\t<\/div>\n\t\t<div class=\"elementor-element elementor-element-8e7afca e-flex e-con-boxed e-con e-parent\" data-id=\"8e7afca\" data-element_type=\"container\">\n\t\t\t\t\t<div class=\"e-con-inner\">\n\t\t\t\t<div class=\"elementor-element elementor-element-21a8709 elementor-widget elementor-widget-text-editor\" data-id=\"21a8709\" data-element_type=\"widget\" data-widget_type=\"text-editor.default\">\n\t\t\t\t\t\t\t\t\t<h5><span style=\"color: #000000;\"><strong>O que diz a lei<\/strong><\/span><\/h5><p><span style=\"color: #000000;\">A Resolu\u00e7\u00e3o n.\u00ba 060\/2019 do Conselho Estadual de Tr\u00e2nsito do Paran\u00e1, disp\u00f5e sobre a Gest\u00e3o Eletr\u00f4nica de processos de defesa, recursos e identifica\u00e7\u00e3o do condutor infrator e d\u00e1 outras provid\u00eancias.<\/span><\/p>\t\t\t\t\t\t\t\t<\/div>\n\t\t\t\t\t<\/div>\n\t\t\t\t<\/div>\n\t\t\t\t<\/div>\n\t\t","protected":false},"excerpt":{"rendered":"<p>Quando um propriet\u00e1rio precisar transferir a responsabilidade de uma infra\u00e7\u00e3o emitida pela Prefeitura de Camb\u00e9, \u00e9 fundamental que ele identifique de forma precisa o condutor que estava, de fato, operando o ve\u00edculo no momento da autua\u00e7\u00e3o. IMPORTANTE No caso de um ve\u00edculo registrado em nome de uma Pessoa Jur\u00eddica, \u00e9 imperativo proceder com a identifica\u00e7\u00e3o [&hellip;]<\/p>\n","protected":false},"author":2,"featured_media":0,"parent":61,"menu_order":1,"comment_status":"closed","ping_status":"closed","template":"elementor_theme","meta":{"footnotes":""},"class_list":["post-81","page","type-page","status-publish","hentry"],"blocksy_meta":[],"yoast_head":"<!-- This site is optimized with the Yoast SEO plugin v24.4 - https:\/\/yoast.com\/wordpress\/plugins\/seo\/ -->\n<title>Indica\u00e7\u00e3o do Condutor - Seguran\u00e7a P\u00fablica e Tr\u00e2nsito - Camb\u00e9<\/title>\n<meta name=\"robots\" content=\"index, follow, max-snippet:-1, max-image-preview:large, max-video-preview:-1\" \/>\n<link rel=\"canonical\" href=\"https:\/\/transito.cambe.pr.gov.br\/index.php\/multas\/apresentacao-do-condutor\/\" \/>\n<meta property=\"og:locale\" content=\"pt_BR\" \/>\n<meta property=\"og:type\" content=\"article\" \/>\n<meta property=\"og:title\" content=\"Indica\u00e7\u00e3o do Condutor - Seguran\u00e7a P\u00fablica e Tr\u00e2nsito - Camb\u00e9\" \/>\n<meta property=\"og:description\" content=\"Quando um propriet\u00e1rio precisar transferir a responsabilidade de uma infra\u00e7\u00e3o emitida pela Prefeitura de Camb\u00e9, \u00e9 fundamental que ele identifique de forma precisa o condutor que estava, de fato, operando o ve\u00edculo no momento da autua\u00e7\u00e3o. IMPORTANTE No caso de um ve\u00edculo registrado em nome de uma Pessoa Jur\u00eddica, \u00e9 imperativo proceder com a identifica\u00e7\u00e3o [&hellip;]\" \/>\n<meta property=\"og:url\" content=\"https:\/\/transito.cambe.pr.gov.br\/index.php\/multas\/apresentacao-do-condutor\/\" \/>\n<meta property=\"og:site_name\" content=\"Seguran\u00e7a P\u00fablica e Tr\u00e2nsito - Camb\u00e9\" \/>\n<meta property=\"article:publisher\" content=\"https:\/\/www.facebook.com\/DepartamentoTransitoCambe\/\" \/>\n<meta property=\"article:modified_time\" content=\"2026-01-23T14:48:02+00:00\" \/>\n<meta property=\"og:image\" content=\"https:\/\/transito.cambe.pr.gov.br\/wp-content\/uploads\/2023\/08\/brasao_cambe100x100.png\" \/>\n\t<meta property=\"og:image:width\" content=\"100\" \/>\n\t<meta property=\"og:image:height\" content=\"100\" \/>\n\t<meta property=\"og:image:type\" content=\"image\/png\" \/>\n<meta name=\"twitter:card\" content=\"summary_large_image\" \/>\n<script type=\"application\/ld+json\" class=\"yoast-schema-graph\">{\"@context\":\"https:\/\/schema.org\",\"@graph\":[{\"@type\":\"WebPage\",\"@id\":\"https:\/\/transito.cambe.pr.gov.br\/index.php\/multas\/apresentacao-do-condutor\/\",\"url\":\"https:\/\/transito.cambe.pr.gov.br\/index.php\/multas\/apresentacao-do-condutor\/\",\"name\":\"Indica\u00e7\u00e3o do Condutor - Seguran\u00e7a P\u00fablica e Tr\u00e2nsito - Camb\u00e9\",\"isPartOf\":{\"@id\":\"https:\/\/transito.cambe.pr.gov.br\/#website\"},\"datePublished\":\"2023-08-17T15:56:29+00:00\",\"dateModified\":\"2026-01-23T14:48:02+00:00\",\"breadcrumb\":{\"@id\":\"https:\/\/transito.cambe.pr.gov.br\/index.php\/multas\/apresentacao-do-condutor\/#breadcrumb\"},\"inLanguage\":\"pt-BR\",\"potentialAction\":[{\"@type\":\"ReadAction\",\"target\":[\"https:\/\/transito.cambe.pr.gov.br\/index.php\/multas\/apresentacao-do-condutor\/\"]}]},{\"@type\":\"BreadcrumbList\",\"@id\":\"https:\/\/transito.cambe.pr.gov.br\/index.php\/multas\/apresentacao-do-condutor\/#breadcrumb\",\"itemListElement\":[{\"@type\":\"ListItem\",\"position\":1,\"name\":\"In\u00edcio\",\"item\":\"https:\/\/transito.cambe.pr.gov.br\/\"},{\"@type\":\"ListItem\",\"position\":2,\"name\":\"Infra\u00e7\u00f5es\",\"item\":\"https:\/\/transito.cambe.pr.gov.br\/index.php\/multas\/\"},{\"@type\":\"ListItem\",\"position\":3,\"name\":\"Indica\u00e7\u00e3o do Condutor\"}]},{\"@type\":\"WebSite\",\"@id\":\"https:\/\/transito.cambe.pr.gov.br\/#website\",\"url\":\"https:\/\/transito.cambe.pr.gov.br\/\",\"name\":\"Seguran\u00e7a P\u00fablica e Tr\u00e2nsito - Camb\u00e9\",\"description\":\"\",\"publisher\":{\"@id\":\"https:\/\/transito.cambe.pr.gov.br\/#organization\"},\"alternateName\":\"SESTRAN-Camb\u00e9\",\"potentialAction\":[{\"@type\":\"SearchAction\",\"target\":{\"@type\":\"EntryPoint\",\"urlTemplate\":\"https:\/\/transito.cambe.pr.gov.br\/?s={search_term_string}\"},\"query-input\":{\"@type\":\"PropertyValueSpecification\",\"valueRequired\":true,\"valueName\":\"search_term_string\"}}],\"inLanguage\":\"pt-BR\"},{\"@type\":\"Organization\",\"@id\":\"https:\/\/transito.cambe.pr.gov.br\/#organization\",\"name\":\"Secretaria de Seguran\u00e7a P\u00fablica e Tr\u00e2nsito de Camb\u00e9\",\"alternateName\":\"SESTRAN-Camb\u00e9\",\"url\":\"https:\/\/transito.cambe.pr.gov.br\/\",\"logo\":{\"@type\":\"ImageObject\",\"inLanguage\":\"pt-BR\",\"@id\":\"https:\/\/transito.cambe.pr.gov.br\/#\/schema\/logo\/image\/\",\"url\":\"https:\/\/transito.cambe.pr.gov.br\/wp-content\/uploads\/2023\/08\/brasao_cambe100x100.png\",\"contentUrl\":\"https:\/\/transito.cambe.pr.gov.br\/wp-content\/uploads\/2023\/08\/brasao_cambe100x100.png\",\"width\":100,\"height\":100,\"caption\":\"Secretaria de Seguran\u00e7a P\u00fablica e Tr\u00e2nsito de Camb\u00e9\"},\"image\":{\"@id\":\"https:\/\/transito.cambe.pr.gov.br\/#\/schema\/logo\/image\/\"},\"sameAs\":[\"https:\/\/www.facebook.com\/DepartamentoTransitoCambe\/\"]}]}<\/script>\n<!-- \/ Yoast SEO plugin. -->","yoast_head_json":{"title":"Indica\u00e7\u00e3o do Condutor - Seguran\u00e7a P\u00fablica e Tr\u00e2nsito - Camb\u00e9","robots":{"index":"index","follow":"follow","max-snippet":"max-snippet:-1","max-image-preview":"max-image-preview:large","max-video-preview":"max-video-preview:-1"},"canonical":"https:\/\/transito.cambe.pr.gov.br\/index.php\/multas\/apresentacao-do-condutor\/","og_locale":"pt_BR","og_type":"article","og_title":"Indica\u00e7\u00e3o do Condutor - Seguran\u00e7a P\u00fablica e Tr\u00e2nsito - Camb\u00e9","og_description":"Quando um propriet\u00e1rio precisar transferir a responsabilidade de uma infra\u00e7\u00e3o emitida pela Prefeitura de Camb\u00e9, \u00e9 fundamental que ele identifique de forma precisa o condutor que estava, de fato, operando o ve\u00edculo no momento da autua\u00e7\u00e3o. IMPORTANTE No caso de um ve\u00edculo registrado em nome de uma Pessoa Jur\u00eddica, \u00e9 imperativo proceder com a identifica\u00e7\u00e3o [&hellip;]","og_url":"https:\/\/transito.cambe.pr.gov.br\/index.php\/multas\/apresentacao-do-condutor\/","og_site_name":"Seguran\u00e7a P\u00fablica e Tr\u00e2nsito - Camb\u00e9","article_publisher":"https:\/\/www.facebook.com\/DepartamentoTransitoCambe\/","article_modified_time":"2026-01-23T14:48:02+00:00","og_image":[{"width":100,"height":100,"url":"https:\/\/transito.cambe.pr.gov.br\/wp-content\/uploads\/2023\/08\/brasao_cambe100x100.png","type":"image\/png"}],"twitter_card":"summary_large_image","schema":{"@context":"https:\/\/schema.org","@graph":[{"@type":"WebPage","@id":"https:\/\/transito.cambe.pr.gov.br\/index.php\/multas\/apresentacao-do-condutor\/","url":"https:\/\/transito.cambe.pr.gov.br\/index.php\/multas\/apresentacao-do-condutor\/","name":"Indica\u00e7\u00e3o do Condutor - Seguran\u00e7a P\u00fablica e Tr\u00e2nsito - Camb\u00e9","isPartOf":{"@id":"https:\/\/transito.cambe.pr.gov.br\/#website"},"datePublished":"2023-08-17T15:56:29+00:00","dateModified":"2026-01-23T14:48:02+00:00","breadcrumb":{"@id":"https:\/\/transito.cambe.pr.gov.br\/index.php\/multas\/apresentacao-do-condutor\/#breadcrumb"},"inLanguage":"pt-BR","potentialAction":[{"@type":"ReadAction","target":["https:\/\/transito.cambe.pr.gov.br\/index.php\/multas\/apresentacao-do-condutor\/"]}]},{"@type":"BreadcrumbList","@id":"https:\/\/transito.cambe.pr.gov.br\/index.php\/multas\/apresentacao-do-condutor\/#breadcrumb","itemListElement":[{"@type":"ListItem","position":1,"name":"In\u00edcio","item":"https:\/\/transito.cambe.pr.gov.br\/"},{"@type":"ListItem","position":2,"name":"Infra\u00e7\u00f5es","item":"https:\/\/transito.cambe.pr.gov.br\/index.php\/multas\/"},{"@type":"ListItem","position":3,"name":"Indica\u00e7\u00e3o do Condutor"}]},{"@type":"WebSite","@id":"https:\/\/transito.cambe.pr.gov.br\/#website","url":"https:\/\/transito.cambe.pr.gov.br\/","name":"Seguran\u00e7a P\u00fablica e Tr\u00e2nsito - Camb\u00e9","description":"","publisher":{"@id":"https:\/\/transito.cambe.pr.gov.br\/#organization"},"alternateName":"SESTRAN-Camb\u00e9","potentialAction":[{"@type":"SearchAction","target":{"@type":"EntryPoint","urlTemplate":"https:\/\/transito.cambe.pr.gov.br\/?s={search_term_string}"},"query-input":{"@type":"PropertyValueSpecification","valueRequired":true,"valueName":"search_term_string"}}],"inLanguage":"pt-BR"},{"@type":"Organization","@id":"https:\/\/transito.cambe.pr.gov.br\/#organization","name":"Secretaria de Seguran\u00e7a P\u00fablica e Tr\u00e2nsito de Camb\u00e9","alternateName":"SESTRAN-Camb\u00e9","url":"https:\/\/transito.cambe.pr.gov.br\/","logo":{"@type":"ImageObject","inLanguage":"pt-BR","@id":"https:\/\/transito.cambe.pr.gov.br\/#\/schema\/logo\/image\/","url":"https:\/\/transito.cambe.pr.gov.br\/wp-content\/uploads\/2023\/08\/brasao_cambe100x100.png","contentUrl":"https:\/\/transito.cambe.pr.gov.br\/wp-content\/uploads\/2023\/08\/brasao_cambe100x100.png","width":100,"height":100,"caption":"Secretaria de Seguran\u00e7a P\u00fablica e Tr\u00e2nsito de Camb\u00e9"},"image":{"@id":"https:\/\/transito.cambe.pr.gov.br\/#\/schema\/logo\/image\/"},"sameAs":["https:\/\/www.facebook.com\/DepartamentoTransitoCambe\/"]}]}},"_links":{"self":[{"href":"https:\/\/transito.cambe.pr.gov.br\/index.php\/wp-json\/wp\/v2\/pages\/81","targetHints":{"allow":["GET"]}}],"collection":[{"href":"https:\/\/transito.cambe.pr.gov.br\/index.php\/wp-json\/wp\/v2\/pages"}],"about":[{"href":"https:\/\/transito.cambe.pr.gov.br\/index.php\/wp-json\/wp\/v2\/types\/page"}],"author":[{"embeddable":true,"href":"https:\/\/transito.cambe.pr.gov.br\/index.php\/wp-json\/wp\/v2\/users\/2"}],"replies":[{"embeddable":true,"href":"https:\/\/transito.cambe.pr.gov.br\/index.php\/wp-json\/wp\/v2\/comments?post=81"}],"version-history":[{"count":43,"href":"https:\/\/transito.cambe.pr.gov.br\/index.php\/wp-json\/wp\/v2\/pages\/81\/revisions"}],"predecessor-version":[{"id":4093,"href":"https:\/\/transito.cambe.pr.gov.br\/index.php\/wp-json\/wp\/v2\/pages\/81\/revisions\/4093"}],"up":[{"embeddable":true,"href":"https:\/\/transito.cambe.pr.gov.br\/index.php\/wp-json\/wp\/v2\/pages\/61"}],"wp:attachment":[{"href":"https:\/\/transito.cambe.pr.gov.br\/index.php\/wp-json\/wp\/v2\/media?parent=81"}],"curies":[{"name":"wp","href":"https:\/\/api.w.org\/{rel}","templated":true}]}}