{"id":65,"date":"2023-08-17T12:38:49","date_gmt":"2023-08-17T15:38:49","guid":{"rendered":"http:\/\/transito.cambe.pr.gov.br\/?page_id=65"},"modified":"2025-05-26T10:01:28","modified_gmt":"2025-05-26T13:01:28","slug":"credenciais","status":"publish","type":"page","link":"https:\/\/transito.cambe.pr.gov.br\/index.php\/servicos\/credenciais\/","title":{"rendered":"Credenciais"},"content":{"rendered":"<p style=\"text-align: center;\">\n<hr \/>\n<div style=\"background: linear-gradient(135deg, #1b5e20, #66bb6a); border: 3px solid #1b5e20; padding: 12px 18px; margin: 20px 0; border-radius: 12px; box-shadow: 0 4px 12px rgba(0,0,0,0.1); font-family: sans-serif; color: #fff;\">\n<p style=\"margin: 0px; font-size: 14px; text-align: center;\"><span style=\"font-size: 18pt;\"><strong style=\"font-family: arial, helvetica, sans-serif;\">CREDENCIAIS<\/strong><\/span><\/p>\n<p style=\"text-align: center; margin-top: 10px;\"><a style=\"display: inline-block; background: linear-gradient(135deg, #fbc02d, #fff176); color: #339966; padding: 10px 26px; font-weight: bold; border-radius: 6px; text-decoration: none; box-shadow: rgba(0, 0, 0, 0.2) 0px 3px 6px; font-family: sans-serif; margin-right: 12px; min-width: 130px; text-align: center; font-size: 12pt; border: none;\" href=\"https:\/\/transito.cambe.pr.gov.br\/index.php\/servicos\/credenciais\/estacionamento-60\/\">60+ <\/a><a style=\"display: inline-block; background: linear-gradient(135deg, #fbc02d, #fff176); color: #339966; padding: 10px 26px; font-weight: bold; border-radius: 6px; text-decoration: none; box-shadow: 0 3px 6px rgba(0,0,0,0.2); font-family: sans-serif; min-width: 130px; text-align: center; font-size: 12pt; border: none;\" href=\"https:\/\/transito.cambe.pr.gov.br\/index.php\/servicos\/credenciais\/estacionamento-pcd\/\">PCD <\/a><\/p>\n<\/div>\n<hr \/>\n<p style=\"text-align: center;\"><strong><span style=\"color: #ff0000;\">ATEN\u00c7\u00c3O<\/span><\/strong><\/p>\n<p><span style=\"font-family: arial, helvetica, sans-serif; color: #000000;\">Lembre-se que o direito ao estacionamento credenciado \u00e9 v\u00e1lido quando o ve\u00edculo est\u00e1 sendo <strong>dirigido<\/strong> <strong>ou transportando<\/strong> o requerente 60+ ou PCD. No caso de uso indevido, medidas de autua\u00e7\u00e3o ser\u00e3o adotadas.<\/span><\/p>\n<p>&nbsp;<\/p>\n","protected":false},"excerpt":{"rendered":"<p>CREDENCIAIS 60+ PCD ATEN\u00c7\u00c3O Lembre-se que o direito ao estacionamento credenciado \u00e9 v\u00e1lido quando o ve\u00edculo est\u00e1 sendo dirigido ou transportando o requerente 60+ ou PCD. No caso de uso indevido, medidas de autua\u00e7\u00e3o ser\u00e3o adotadas. &nbsp;<\/p>\n","protected":false},"author":2,"featured_media":0,"parent":26,"menu_order":3,"comment_status":"closed","ping_status":"closed","template":"","meta":{"footnotes":""},"class_list":["post-65","page","type-page","status-publish","hentry"],"blocksy_meta":[],"yoast_head":"<!-- This site is optimized with the Yoast SEO plugin v24.4 - https:\/\/yoast.com\/wordpress\/plugins\/seo\/ -->\n<title>Credenciais - Seguran\u00e7a P\u00fablica e Tr\u00e2nsito - Camb\u00e9<\/title>\n<meta name=\"robots\" content=\"index, follow, max-snippet:-1, max-image-preview:large, max-video-preview:-1\" \/>\n<link rel=\"canonical\" href=\"https:\/\/transito.cambe.pr.gov.br\/index.php\/servicos\/credenciais\/\" \/>\n<meta property=\"og:locale\" content=\"pt_BR\" \/>\n<meta property=\"og:type\" content=\"article\" \/>\n<meta property=\"og:title\" content=\"Credenciais - Seguran\u00e7a P\u00fablica e Tr\u00e2nsito - Camb\u00e9\" \/>\n<meta property=\"og:description\" content=\"CREDENCIAIS 60+ PCD ATEN\u00c7\u00c3O Lembre-se que o direito ao estacionamento credenciado \u00e9 v\u00e1lido quando o ve\u00edculo est\u00e1 sendo dirigido ou transportando o requerente 60+ ou PCD. No caso de uso indevido, medidas de autua\u00e7\u00e3o ser\u00e3o adotadas. &nbsp;\" \/>\n<meta property=\"og:url\" content=\"https:\/\/transito.cambe.pr.gov.br\/index.php\/servicos\/credenciais\/\" \/>\n<meta property=\"og:site_name\" content=\"Seguran\u00e7a P\u00fablica e Tr\u00e2nsito - Camb\u00e9\" \/>\n<meta property=\"article:publisher\" content=\"https:\/\/www.facebook.com\/DepartamentoTransitoCambe\/\" \/>\n<meta property=\"article:modified_time\" content=\"2025-05-26T13:01:28+00:00\" \/>\n<meta property=\"og:image\" content=\"https:\/\/transito.cambe.pr.gov.br\/wp-content\/uploads\/2023\/08\/brasao_cambe100x100.png\" \/>\n\t<meta property=\"og:image:width\" content=\"100\" \/>\n\t<meta property=\"og:image:height\" content=\"100\" \/>\n\t<meta property=\"og:image:type\" content=\"image\/png\" \/>\n<meta name=\"twitter:card\" content=\"summary_large_image\" \/>\n<meta name=\"twitter:label1\" content=\"Est. tempo de leitura\" \/>\n\t<meta name=\"twitter:data1\" content=\"1 minuto\" \/>\n<script type=\"application\/ld+json\" class=\"yoast-schema-graph\">{\"@context\":\"https:\/\/schema.org\",\"@graph\":[{\"@type\":\"WebPage\",\"@id\":\"https:\/\/transito.cambe.pr.gov.br\/index.php\/servicos\/credenciais\/\",\"url\":\"https:\/\/transito.cambe.pr.gov.br\/index.php\/servicos\/credenciais\/\",\"name\":\"Credenciais - Seguran\u00e7a P\u00fablica e Tr\u00e2nsito - Camb\u00e9\",\"isPartOf\":{\"@id\":\"https:\/\/transito.cambe.pr.gov.br\/#website\"},\"datePublished\":\"2023-08-17T15:38:49+00:00\",\"dateModified\":\"2025-05-26T13:01:28+00:00\",\"breadcrumb\":{\"@id\":\"https:\/\/transito.cambe.pr.gov.br\/index.php\/servicos\/credenciais\/#breadcrumb\"},\"inLanguage\":\"pt-BR\",\"potentialAction\":[{\"@type\":\"ReadAction\",\"target\":[\"https:\/\/transito.cambe.pr.gov.br\/index.php\/servicos\/credenciais\/\"]}]},{\"@type\":\"BreadcrumbList\",\"@id\":\"https:\/\/transito.cambe.pr.gov.br\/index.php\/servicos\/credenciais\/#breadcrumb\",\"itemListElement\":[{\"@type\":\"ListItem\",\"position\":1,\"name\":\"In\u00edcio\",\"item\":\"https:\/\/transito.cambe.pr.gov.br\/\"},{\"@type\":\"ListItem\",\"position\":2,\"name\":\"Servi\u00e7o ao Cidad\u00e3o\",\"item\":\"https:\/\/transito.cambe.pr.gov.br\/index.php\/servicos\/\"},{\"@type\":\"ListItem\",\"position\":3,\"name\":\"Credenciais\"}]},{\"@type\":\"WebSite\",\"@id\":\"https:\/\/transito.cambe.pr.gov.br\/#website\",\"url\":\"https:\/\/transito.cambe.pr.gov.br\/\",\"name\":\"Seguran\u00e7a P\u00fablica e Tr\u00e2nsito - Camb\u00e9\",\"description\":\"\",\"publisher\":{\"@id\":\"https:\/\/transito.cambe.pr.gov.br\/#organization\"},\"alternateName\":\"SESTRAN-Camb\u00e9\",\"potentialAction\":[{\"@type\":\"SearchAction\",\"target\":{\"@type\":\"EntryPoint\",\"urlTemplate\":\"https:\/\/transito.cambe.pr.gov.br\/?s={search_term_string}\"},\"query-input\":{\"@type\":\"PropertyValueSpecification\",\"valueRequired\":true,\"valueName\":\"search_term_string\"}}],\"inLanguage\":\"pt-BR\"},{\"@type\":\"Organization\",\"@id\":\"https:\/\/transito.cambe.pr.gov.br\/#organization\",\"name\":\"Secretaria de Seguran\u00e7a P\u00fablica e Tr\u00e2nsito de Camb\u00e9\",\"alternateName\":\"SESTRAN-Camb\u00e9\",\"url\":\"https:\/\/transito.cambe.pr.gov.br\/\",\"logo\":{\"@type\":\"ImageObject\",\"inLanguage\":\"pt-BR\",\"@id\":\"https:\/\/transito.cambe.pr.gov.br\/#\/schema\/logo\/image\/\",\"url\":\"https:\/\/transito.cambe.pr.gov.br\/wp-content\/uploads\/2023\/08\/brasao_cambe100x100.png\",\"contentUrl\":\"https:\/\/transito.cambe.pr.gov.br\/wp-content\/uploads\/2023\/08\/brasao_cambe100x100.png\",\"width\":100,\"height\":100,\"caption\":\"Secretaria de Seguran\u00e7a P\u00fablica e Tr\u00e2nsito de Camb\u00e9\"},\"image\":{\"@id\":\"https:\/\/transito.cambe.pr.gov.br\/#\/schema\/logo\/image\/\"},\"sameAs\":[\"https:\/\/www.facebook.com\/DepartamentoTransitoCambe\/\"]}]}<\/script>\n<!-- \/ Yoast SEO plugin. -->","yoast_head_json":{"title":"Credenciais - Seguran\u00e7a P\u00fablica e Tr\u00e2nsito - Camb\u00e9","robots":{"index":"index","follow":"follow","max-snippet":"max-snippet:-1","max-image-preview":"max-image-preview:large","max-video-preview":"max-video-preview:-1"},"canonical":"https:\/\/transito.cambe.pr.gov.br\/index.php\/servicos\/credenciais\/","og_locale":"pt_BR","og_type":"article","og_title":"Credenciais - Seguran\u00e7a P\u00fablica e Tr\u00e2nsito - Camb\u00e9","og_description":"CREDENCIAIS 60+ PCD ATEN\u00c7\u00c3O Lembre-se que o direito ao estacionamento credenciado \u00e9 v\u00e1lido quando o ve\u00edculo est\u00e1 sendo dirigido ou transportando o requerente 60+ ou PCD. No caso de uso indevido, medidas de autua\u00e7\u00e3o ser\u00e3o adotadas. &nbsp;","og_url":"https:\/\/transito.cambe.pr.gov.br\/index.php\/servicos\/credenciais\/","og_site_name":"Seguran\u00e7a P\u00fablica e Tr\u00e2nsito - Camb\u00e9","article_publisher":"https:\/\/www.facebook.com\/DepartamentoTransitoCambe\/","article_modified_time":"2025-05-26T13:01:28+00:00","og_image":[{"width":100,"height":100,"url":"https:\/\/transito.cambe.pr.gov.br\/wp-content\/uploads\/2023\/08\/brasao_cambe100x100.png","type":"image\/png"}],"twitter_card":"summary_large_image","twitter_misc":{"Est. tempo de leitura":"1 minuto"},"schema":{"@context":"https:\/\/schema.org","@graph":[{"@type":"WebPage","@id":"https:\/\/transito.cambe.pr.gov.br\/index.php\/servicos\/credenciais\/","url":"https:\/\/transito.cambe.pr.gov.br\/index.php\/servicos\/credenciais\/","name":"Credenciais - Seguran\u00e7a P\u00fablica e Tr\u00e2nsito - Camb\u00e9","isPartOf":{"@id":"https:\/\/transito.cambe.pr.gov.br\/#website"},"datePublished":"2023-08-17T15:38:49+00:00","dateModified":"2025-05-26T13:01:28+00:00","breadcrumb":{"@id":"https:\/\/transito.cambe.pr.gov.br\/index.php\/servicos\/credenciais\/#breadcrumb"},"inLanguage":"pt-BR","potentialAction":[{"@type":"ReadAction","target":["https:\/\/transito.cambe.pr.gov.br\/index.php\/servicos\/credenciais\/"]}]},{"@type":"BreadcrumbList","@id":"https:\/\/transito.cambe.pr.gov.br\/index.php\/servicos\/credenciais\/#breadcrumb","itemListElement":[{"@type":"ListItem","position":1,"name":"In\u00edcio","item":"https:\/\/transito.cambe.pr.gov.br\/"},{"@type":"ListItem","position":2,"name":"Servi\u00e7o ao Cidad\u00e3o","item":"https:\/\/transito.cambe.pr.gov.br\/index.php\/servicos\/"},{"@type":"ListItem","position":3,"name":"Credenciais"}]},{"@type":"WebSite","@id":"https:\/\/transito.cambe.pr.gov.br\/#website","url":"https:\/\/transito.cambe.pr.gov.br\/","name":"Seguran\u00e7a P\u00fablica e Tr\u00e2nsito - Camb\u00e9","description":"","publisher":{"@id":"https:\/\/transito.cambe.pr.gov.br\/#organization"},"alternateName":"SESTRAN-Camb\u00e9","potentialAction":[{"@type":"SearchAction","target":{"@type":"EntryPoint","urlTemplate":"https:\/\/transito.cambe.pr.gov.br\/?s={search_term_string}"},"query-input":{"@type":"PropertyValueSpecification","valueRequired":true,"valueName":"search_term_string"}}],"inLanguage":"pt-BR"},{"@type":"Organization","@id":"https:\/\/transito.cambe.pr.gov.br\/#organization","name":"Secretaria de Seguran\u00e7a P\u00fablica e Tr\u00e2nsito de Camb\u00e9","alternateName":"SESTRAN-Camb\u00e9","url":"https:\/\/transito.cambe.pr.gov.br\/","logo":{"@type":"ImageObject","inLanguage":"pt-BR","@id":"https:\/\/transito.cambe.pr.gov.br\/#\/schema\/logo\/image\/","url":"https:\/\/transito.cambe.pr.gov.br\/wp-content\/uploads\/2023\/08\/brasao_cambe100x100.png","contentUrl":"https:\/\/transito.cambe.pr.gov.br\/wp-content\/uploads\/2023\/08\/brasao_cambe100x100.png","width":100,"height":100,"caption":"Secretaria de Seguran\u00e7a P\u00fablica e Tr\u00e2nsito de Camb\u00e9"},"image":{"@id":"https:\/\/transito.cambe.pr.gov.br\/#\/schema\/logo\/image\/"},"sameAs":["https:\/\/www.facebook.com\/DepartamentoTransitoCambe\/"]}]}},"_links":{"self":[{"href":"https:\/\/transito.cambe.pr.gov.br\/index.php\/wp-json\/wp\/v2\/pages\/65","targetHints":{"allow":["GET"]}}],"collection":[{"href":"https:\/\/transito.cambe.pr.gov.br\/index.php\/wp-json\/wp\/v2\/pages"}],"about":[{"href":"https:\/\/transito.cambe.pr.gov.br\/index.php\/wp-json\/wp\/v2\/types\/page"}],"author":[{"embeddable":true,"href":"https:\/\/transito.cambe.pr.gov.br\/index.php\/wp-json\/wp\/v2\/users\/2"}],"replies":[{"embeddable":true,"href":"https:\/\/transito.cambe.pr.gov.br\/index.php\/wp-json\/wp\/v2\/comments?post=65"}],"version-history":[{"count":13,"href":"https:\/\/transito.cambe.pr.gov.br\/index.php\/wp-json\/wp\/v2\/pages\/65\/revisions"}],"predecessor-version":[{"id":2009,"href":"https:\/\/transito.cambe.pr.gov.br\/index.php\/wp-json\/wp\/v2\/pages\/65\/revisions\/2009"}],"up":[{"embeddable":true,"href":"https:\/\/transito.cambe.pr.gov.br\/index.php\/wp-json\/wp\/v2\/pages\/26"}],"wp:attachment":[{"href":"https:\/\/transito.cambe.pr.gov.br\/index.php\/wp-json\/wp\/v2\/media?parent=65"}],"curies":[{"name":"wp","href":"https:\/\/api.w.org\/{rel}","templated":true}]}}