{"id":63,"date":"2023-08-17T12:36:16","date_gmt":"2023-08-17T15:36:16","guid":{"rendered":"http:\/\/transito.cambe.pr.gov.br\/?page_id=63"},"modified":"2026-01-23T10:11:37","modified_gmt":"2026-01-23T13:11:37","slug":"autorizacoes","status":"publish","type":"page","link":"https:\/\/transito.cambe.pr.gov.br\/index.php\/servicos\/autorizacoes\/","title":{"rendered":"Autoriza\u00e7\u00f5es"},"content":{"rendered":"\t\t<div data-elementor-type=\"wp-page\" data-elementor-id=\"63\" class=\"elementor elementor-63\">\n\t\t\t\t<div class=\"elementor-element elementor-element-2c4532a e-flex e-con-boxed e-con e-parent\" data-id=\"2c4532a\" data-element_type=\"container\">\n\t\t\t\t\t<div class=\"e-con-inner\">\n\t\t\t\t<div class=\"elementor-element elementor-element-858afd3 elementor-widget__width-auto elementor-widget-divider--separator-type-pattern elementor-widget-divider--view-line elementor-widget elementor-widget-divider\" data-id=\"858afd3\" data-element_type=\"widget\" data-widget_type=\"divider.default\">\n\t\t\t\t\t\t\t<div class=\"elementor-divider\" style=\"--divider-pattern-url: url(&quot;data:image\/svg+xml,%3Csvg xmlns=&#039;http:\/\/www.w3.org\/2000\/svg&#039; preserveAspectRatio=&#039;none&#039; overflow=&#039;visible&#039; height=&#039;100%&#039; viewBox=&#039;0 0 20 16&#039; fill=&#039;none&#039; stroke=&#039;black&#039; stroke-width=&#039;1&#039; stroke-linecap=&#039;square&#039; stroke-miterlimit=&#039;10&#039;%3E%3Cg transform=&#039;translate(-12.000000, 0)&#039;%3E%3Cpath d=&#039;M28,0L10,18&#039;\/%3E%3Cpath d=&#039;M18,0L0,18&#039;\/%3E%3Cpath d=&#039;M48,0L30,18&#039;\/%3E%3Cpath d=&#039;M38,0L20,18&#039;\/%3E%3C\/g%3E%3C\/svg%3E&quot;);\">\n\t\t\t<span class=\"elementor-divider-separator\">\n\t\t\t\t\t\t<\/span>\n\t\t<\/div>\n\t\t\t\t\t\t<\/div>\n\t\t\t\t\t<\/div>\n\t\t\t\t<\/div>\n\t\t<div class=\"elementor-element elementor-element-87a9479 e-flex e-con-boxed e-con e-parent\" data-id=\"87a9479\" data-element_type=\"container\">\n\t\t\t\t\t<div class=\"e-con-inner\">\n\t\t\t\t<div class=\"elementor-element elementor-element-603e2e7a elementor-widget elementor-widget-text-editor\" data-id=\"603e2e7a\" data-element_type=\"widget\" data-widget_type=\"text-editor.default\">\n\t\t\t\t\t\t\t\t\t<hr \/>\r\n\r\n<div style=\"background: linear-gradient(135deg, #1b5e20, #66bb6a); border: 3px solid #1b5e20; padding: 10px 18px; margin: 20px 0; border-radius: 12px; box-shadow: 0 4px 12px rgba(0,0,0,0.1); font-family: sans-serif; color: #fff;\">\r\n<p style=\"margin: 0px; font-size: 14px; text-align: center;\"><span style=\"font-size: 18pt;\"><strong style=\"font-family: arial, helvetica, sans-serif;\">AUTORIZA\u00c7\u00d5ES<\/strong><\/span><\/p>\r\n&nbsp;\r\n<p style=\"text-align: center;\"><a style=\"display: flex; text-align: center; flex-direction: column; align-items: center; justify-content: space-between; background: linear-gradient(135deg, #fbc02d, #fff176); color: #339966; padding: 10px 26px; font-weight: bold; border-radius: 8px; text-decoration: none; box-shadow: rgba(0, 0, 0, 0.2) 0px 3px 6px; font-family: sans-serif; margin-right: auto; min-width: auto; border: none;\" href=\"https:\/\/transito.cambe.pr.gov.br\/index.php\/servicos\/autorizacoes\/corridas-de-rua\/formulario-para-organizador-de-corrida\/\">CORRIDAS DE RUA<\/a><\/p>\r\n<p style=\"text-align: center;\"><a style=\"display: flex; text-align: center; flex-direction: column; align-items: center; justify-content: space-between; background: linear-gradient(135deg, #fbc02d, #fff176); color: #339966; padding: 10px 26px; font-weight: bold; border-radius: 8px; text-decoration: none; box-shadow: rgba(0, 0, 0, 0.2) 0px 3px 6px; font-family: sans-serif; margin-right: auto; min-width: auto; border: none;\" href=\"https:\/\/transito.cambe.pr.gov.br\/index.php\/servicos\/autorizacoes\/interdicao-de-via\/formulario-de-pedido-de-interdicao\/\">INTERDI\u00c7\u00c3O DE VIA<\/a><\/p>\r\n<p style=\"text-align: center;\"><a style=\"display: flex; text-align: center; flex-direction: column; align-items: center; justify-content: space-between; background: linear-gradient(135deg, #fbc02d, #fff176); color: #339966; padding: 10px 26px; font-weight: bold; border-radius: 8px; text-decoration: none; box-shadow: rgba(0, 0, 0, 0.2) 0px 3px 6px; font-family: sans-serif; margin-right: auto; min-width: auto; border: none;\" href=\"https:\/\/transito.cambe.pr.gov.br\/index.php\/mudanca\/\">PARA MUDAN\u00c7A<\/a><\/p>\r\n\r\n<\/div>\t\t\t\t\t\t\t\t<\/div>\n\t\t\t\t\t<\/div>\n\t\t\t\t<\/div>\n\t\t<div class=\"elementor-element elementor-element-9c65430 e-flex e-con-boxed e-con e-parent\" data-id=\"9c65430\" data-element_type=\"container\">\n\t\t\t\t\t<div class=\"e-con-inner\">\n\t\t\t\t<div class=\"elementor-element elementor-element-0c8a931 elementor-widget__width-auto elementor-widget-divider--separator-type-pattern elementor-widget-divider--view-line elementor-widget elementor-widget-divider\" data-id=\"0c8a931\" data-element_type=\"widget\" data-widget_type=\"divider.default\">\n\t\t\t\t\t\t\t<div class=\"elementor-divider\" style=\"--divider-pattern-url: url(&quot;data:image\/svg+xml,%3Csvg xmlns=&#039;http:\/\/www.w3.org\/2000\/svg&#039; preserveAspectRatio=&#039;none&#039; overflow=&#039;visible&#039; height=&#039;100%&#039; viewBox=&#039;0 0 20 16&#039; fill=&#039;none&#039; stroke=&#039;black&#039; stroke-width=&#039;1&#039; stroke-linecap=&#039;square&#039; stroke-miterlimit=&#039;10&#039;%3E%3Cg transform=&#039;translate(-12.000000, 0)&#039;%3E%3Cpath d=&#039;M28,0L10,18&#039;\/%3E%3Cpath d=&#039;M18,0L0,18&#039;\/%3E%3Cpath d=&#039;M48,0L30,18&#039;\/%3E%3Cpath d=&#039;M38,0L20,18&#039;\/%3E%3C\/g%3E%3C\/svg%3E&quot;);\">\n\t\t\t<span class=\"elementor-divider-separator\">\n\t\t\t\t\t\t<\/span>\n\t\t<\/div>\n\t\t\t\t\t\t<\/div>\n\t\t\t\t\t<\/div>\n\t\t\t\t<\/div>\n\t\t\t\t<\/div>\n\t\t","protected":false},"excerpt":{"rendered":"<p>AUTORIZA\u00c7\u00d5ES &nbsp; CORRIDAS DE RUA INTERDI\u00c7\u00c3O DE VIA PARA MUDAN\u00c7A<\/p>\n","protected":false},"author":2,"featured_media":0,"parent":26,"menu_order":2,"comment_status":"closed","ping_status":"closed","template":"elementor_theme","meta":{"footnotes":""},"class_list":["post-63","page","type-page","status-publish","hentry"],"blocksy_meta":[],"yoast_head":"<!-- This site is optimized with the Yoast SEO plugin v24.4 - https:\/\/yoast.com\/wordpress\/plugins\/seo\/ -->\n<title>Autoriza\u00e7\u00f5es - Seguran\u00e7a P\u00fablica e Tr\u00e2nsito - Camb\u00e9<\/title>\n<meta name=\"robots\" content=\"index, follow, max-snippet:-1, max-image-preview:large, max-video-preview:-1\" \/>\n<link rel=\"canonical\" href=\"https:\/\/transito.cambe.pr.gov.br\/index.php\/servicos\/autorizacoes\/\" \/>\n<meta property=\"og:locale\" content=\"pt_BR\" \/>\n<meta property=\"og:type\" content=\"article\" \/>\n<meta property=\"og:title\" content=\"Autoriza\u00e7\u00f5es - Seguran\u00e7a P\u00fablica e Tr\u00e2nsito - Camb\u00e9\" \/>\n<meta property=\"og:description\" content=\"AUTORIZA\u00c7\u00d5ES &nbsp; CORRIDAS DE RUA INTERDI\u00c7\u00c3O DE VIA PARA MUDAN\u00c7A\" \/>\n<meta property=\"og:url\" content=\"https:\/\/transito.cambe.pr.gov.br\/index.php\/servicos\/autorizacoes\/\" \/>\n<meta property=\"og:site_name\" content=\"Seguran\u00e7a P\u00fablica e Tr\u00e2nsito - Camb\u00e9\" \/>\n<meta property=\"article:publisher\" content=\"https:\/\/www.facebook.com\/DepartamentoTransitoCambe\/\" \/>\n<meta property=\"article:modified_time\" content=\"2026-01-23T13:11:37+00:00\" \/>\n<meta property=\"og:image\" content=\"https:\/\/transito.cambe.pr.gov.br\/wp-content\/uploads\/2023\/08\/brasao_cambe100x100.png\" \/>\n\t<meta property=\"og:image:width\" content=\"100\" \/>\n\t<meta property=\"og:image:height\" content=\"100\" \/>\n\t<meta property=\"og:image:type\" content=\"image\/png\" \/>\n<meta name=\"twitter:card\" content=\"summary_large_image\" \/>\n<script type=\"application\/ld+json\" class=\"yoast-schema-graph\">{\"@context\":\"https:\/\/schema.org\",\"@graph\":[{\"@type\":\"WebPage\",\"@id\":\"https:\/\/transito.cambe.pr.gov.br\/index.php\/servicos\/autorizacoes\/\",\"url\":\"https:\/\/transito.cambe.pr.gov.br\/index.php\/servicos\/autorizacoes\/\",\"name\":\"Autoriza\u00e7\u00f5es - Seguran\u00e7a P\u00fablica e Tr\u00e2nsito - Camb\u00e9\",\"isPartOf\":{\"@id\":\"https:\/\/transito.cambe.pr.gov.br\/#website\"},\"datePublished\":\"2023-08-17T15:36:16+00:00\",\"dateModified\":\"2026-01-23T13:11:37+00:00\",\"breadcrumb\":{\"@id\":\"https:\/\/transito.cambe.pr.gov.br\/index.php\/servicos\/autorizacoes\/#breadcrumb\"},\"inLanguage\":\"pt-BR\",\"potentialAction\":[{\"@type\":\"ReadAction\",\"target\":[\"https:\/\/transito.cambe.pr.gov.br\/index.php\/servicos\/autorizacoes\/\"]}]},{\"@type\":\"BreadcrumbList\",\"@id\":\"https:\/\/transito.cambe.pr.gov.br\/index.php\/servicos\/autorizacoes\/#breadcrumb\",\"itemListElement\":[{\"@type\":\"ListItem\",\"position\":1,\"name\":\"In\u00edcio\",\"item\":\"https:\/\/transito.cambe.pr.gov.br\/\"},{\"@type\":\"ListItem\",\"position\":2,\"name\":\"Servi\u00e7o ao Cidad\u00e3o\",\"item\":\"https:\/\/transito.cambe.pr.gov.br\/index.php\/servicos\/\"},{\"@type\":\"ListItem\",\"position\":3,\"name\":\"Autoriza\u00e7\u00f5es\"}]},{\"@type\":\"WebSite\",\"@id\":\"https:\/\/transito.cambe.pr.gov.br\/#website\",\"url\":\"https:\/\/transito.cambe.pr.gov.br\/\",\"name\":\"Seguran\u00e7a P\u00fablica e Tr\u00e2nsito - Camb\u00e9\",\"description\":\"\",\"publisher\":{\"@id\":\"https:\/\/transito.cambe.pr.gov.br\/#organization\"},\"alternateName\":\"SESTRAN-Camb\u00e9\",\"potentialAction\":[{\"@type\":\"SearchAction\",\"target\":{\"@type\":\"EntryPoint\",\"urlTemplate\":\"https:\/\/transito.cambe.pr.gov.br\/?s={search_term_string}\"},\"query-input\":{\"@type\":\"PropertyValueSpecification\",\"valueRequired\":true,\"valueName\":\"search_term_string\"}}],\"inLanguage\":\"pt-BR\"},{\"@type\":\"Organization\",\"@id\":\"https:\/\/transito.cambe.pr.gov.br\/#organization\",\"name\":\"Secretaria de Seguran\u00e7a P\u00fablica e Tr\u00e2nsito de Camb\u00e9\",\"alternateName\":\"SESTRAN-Camb\u00e9\",\"url\":\"https:\/\/transito.cambe.pr.gov.br\/\",\"logo\":{\"@type\":\"ImageObject\",\"inLanguage\":\"pt-BR\",\"@id\":\"https:\/\/transito.cambe.pr.gov.br\/#\/schema\/logo\/image\/\",\"url\":\"https:\/\/transito.cambe.pr.gov.br\/wp-content\/uploads\/2023\/08\/brasao_cambe100x100.png\",\"contentUrl\":\"https:\/\/transito.cambe.pr.gov.br\/wp-content\/uploads\/2023\/08\/brasao_cambe100x100.png\",\"width\":100,\"height\":100,\"caption\":\"Secretaria de Seguran\u00e7a P\u00fablica e Tr\u00e2nsito de Camb\u00e9\"},\"image\":{\"@id\":\"https:\/\/transito.cambe.pr.gov.br\/#\/schema\/logo\/image\/\"},\"sameAs\":[\"https:\/\/www.facebook.com\/DepartamentoTransitoCambe\/\"]}]}<\/script>\n<!-- \/ Yoast SEO plugin. -->","yoast_head_json":{"title":"Autoriza\u00e7\u00f5es - Seguran\u00e7a P\u00fablica e Tr\u00e2nsito - Camb\u00e9","robots":{"index":"index","follow":"follow","max-snippet":"max-snippet:-1","max-image-preview":"max-image-preview:large","max-video-preview":"max-video-preview:-1"},"canonical":"https:\/\/transito.cambe.pr.gov.br\/index.php\/servicos\/autorizacoes\/","og_locale":"pt_BR","og_type":"article","og_title":"Autoriza\u00e7\u00f5es - Seguran\u00e7a P\u00fablica e Tr\u00e2nsito - Camb\u00e9","og_description":"AUTORIZA\u00c7\u00d5ES &nbsp; CORRIDAS DE RUA INTERDI\u00c7\u00c3O DE VIA PARA MUDAN\u00c7A","og_url":"https:\/\/transito.cambe.pr.gov.br\/index.php\/servicos\/autorizacoes\/","og_site_name":"Seguran\u00e7a P\u00fablica e Tr\u00e2nsito - Camb\u00e9","article_publisher":"https:\/\/www.facebook.com\/DepartamentoTransitoCambe\/","article_modified_time":"2026-01-23T13:11:37+00:00","og_image":[{"width":100,"height":100,"url":"https:\/\/transito.cambe.pr.gov.br\/wp-content\/uploads\/2023\/08\/brasao_cambe100x100.png","type":"image\/png"}],"twitter_card":"summary_large_image","schema":{"@context":"https:\/\/schema.org","@graph":[{"@type":"WebPage","@id":"https:\/\/transito.cambe.pr.gov.br\/index.php\/servicos\/autorizacoes\/","url":"https:\/\/transito.cambe.pr.gov.br\/index.php\/servicos\/autorizacoes\/","name":"Autoriza\u00e7\u00f5es - Seguran\u00e7a P\u00fablica e Tr\u00e2nsito - Camb\u00e9","isPartOf":{"@id":"https:\/\/transito.cambe.pr.gov.br\/#website"},"datePublished":"2023-08-17T15:36:16+00:00","dateModified":"2026-01-23T13:11:37+00:00","breadcrumb":{"@id":"https:\/\/transito.cambe.pr.gov.br\/index.php\/servicos\/autorizacoes\/#breadcrumb"},"inLanguage":"pt-BR","potentialAction":[{"@type":"ReadAction","target":["https:\/\/transito.cambe.pr.gov.br\/index.php\/servicos\/autorizacoes\/"]}]},{"@type":"BreadcrumbList","@id":"https:\/\/transito.cambe.pr.gov.br\/index.php\/servicos\/autorizacoes\/#breadcrumb","itemListElement":[{"@type":"ListItem","position":1,"name":"In\u00edcio","item":"https:\/\/transito.cambe.pr.gov.br\/"},{"@type":"ListItem","position":2,"name":"Servi\u00e7o ao Cidad\u00e3o","item":"https:\/\/transito.cambe.pr.gov.br\/index.php\/servicos\/"},{"@type":"ListItem","position":3,"name":"Autoriza\u00e7\u00f5es"}]},{"@type":"WebSite","@id":"https:\/\/transito.cambe.pr.gov.br\/#website","url":"https:\/\/transito.cambe.pr.gov.br\/","name":"Seguran\u00e7a P\u00fablica e Tr\u00e2nsito - Camb\u00e9","description":"","publisher":{"@id":"https:\/\/transito.cambe.pr.gov.br\/#organization"},"alternateName":"SESTRAN-Camb\u00e9","potentialAction":[{"@type":"SearchAction","target":{"@type":"EntryPoint","urlTemplate":"https:\/\/transito.cambe.pr.gov.br\/?s={search_term_string}"},"query-input":{"@type":"PropertyValueSpecification","valueRequired":true,"valueName":"search_term_string"}}],"inLanguage":"pt-BR"},{"@type":"Organization","@id":"https:\/\/transito.cambe.pr.gov.br\/#organization","name":"Secretaria de Seguran\u00e7a P\u00fablica e Tr\u00e2nsito de Camb\u00e9","alternateName":"SESTRAN-Camb\u00e9","url":"https:\/\/transito.cambe.pr.gov.br\/","logo":{"@type":"ImageObject","inLanguage":"pt-BR","@id":"https:\/\/transito.cambe.pr.gov.br\/#\/schema\/logo\/image\/","url":"https:\/\/transito.cambe.pr.gov.br\/wp-content\/uploads\/2023\/08\/brasao_cambe100x100.png","contentUrl":"https:\/\/transito.cambe.pr.gov.br\/wp-content\/uploads\/2023\/08\/brasao_cambe100x100.png","width":100,"height":100,"caption":"Secretaria de Seguran\u00e7a P\u00fablica e Tr\u00e2nsito de Camb\u00e9"},"image":{"@id":"https:\/\/transito.cambe.pr.gov.br\/#\/schema\/logo\/image\/"},"sameAs":["https:\/\/www.facebook.com\/DepartamentoTransitoCambe\/"]}]}},"_links":{"self":[{"href":"https:\/\/transito.cambe.pr.gov.br\/index.php\/wp-json\/wp\/v2\/pages\/63","targetHints":{"allow":["GET"]}}],"collection":[{"href":"https:\/\/transito.cambe.pr.gov.br\/index.php\/wp-json\/wp\/v2\/pages"}],"about":[{"href":"https:\/\/transito.cambe.pr.gov.br\/index.php\/wp-json\/wp\/v2\/types\/page"}],"author":[{"embeddable":true,"href":"https:\/\/transito.cambe.pr.gov.br\/index.php\/wp-json\/wp\/v2\/users\/2"}],"replies":[{"embeddable":true,"href":"https:\/\/transito.cambe.pr.gov.br\/index.php\/wp-json\/wp\/v2\/comments?post=63"}],"version-history":[{"count":45,"href":"https:\/\/transito.cambe.pr.gov.br\/index.php\/wp-json\/wp\/v2\/pages\/63\/revisions"}],"predecessor-version":[{"id":3882,"href":"https:\/\/transito.cambe.pr.gov.br\/index.php\/wp-json\/wp\/v2\/pages\/63\/revisions\/3882"}],"up":[{"embeddable":true,"href":"https:\/\/transito.cambe.pr.gov.br\/index.php\/wp-json\/wp\/v2\/pages\/26"}],"wp:attachment":[{"href":"https:\/\/transito.cambe.pr.gov.br\/index.php\/wp-json\/wp\/v2\/media?parent=63"}],"curies":[{"name":"wp","href":"https:\/\/api.w.org\/{rel}","templated":true}]}}