{"id":61,"date":"2023-08-17T12:33:02","date_gmt":"2023-08-17T15:33:02","guid":{"rendered":"http:\/\/transito.cambe.pr.gov.br\/?page_id=61"},"modified":"2025-12-09T10:28:22","modified_gmt":"2025-12-09T13:28:22","slug":"multas","status":"publish","type":"page","link":"https:\/\/transito.cambe.pr.gov.br\/index.php\/multas\/","title":{"rendered":"Infra\u00e7\u00f5es"},"content":{"rendered":"<p style=\"text-align: justify;\"><span style=\"color: #000000; font-family: arial, helvetica, sans-serif;\">A multa de tr\u00e2nsito \u00e9 uma penalidade financeira imposta por autoridades de tr\u00e2nsito em resposta a infra\u00e7\u00f5es ou viola\u00e7\u00f5es das regras de tr\u00e1fego e seguran\u00e7a vi\u00e1ria. Essas infra\u00e7\u00f5es podem envolver excesso de velocidade, desrespeito a sinais de tr\u00e2nsito, estacionamento indevido, uso inadequado de dispositivos de seguran\u00e7a (como cinto de seguran\u00e7a) e outras transgress\u00f5es relacionadas ao tr\u00e2nsito.<\/span><\/p>\n<p style=\"text-align: justify;\"><span style=\"color: #000000; font-family: arial, helvetica, sans-serif;\">Infra\u00e7\u00f5es de tr\u00e2nsito n\u00e3o apenas acarretam multas financeiras, mas tamb\u00e9m colocam em risco vidas. Ao ignorar sinais, limites de velocidade e outras normas vi\u00e1rias, voc\u00ea compromete n\u00e3o apenas sua pr\u00f3pria seguran\u00e7a, mas tamb\u00e9m a de pedestres e outros motoristas. A condu\u00e7\u00e3o respons\u00e1vel \u00e9 um ato de cidadania que reflete diretamente na qualidade de vida de toda a comunidade.<\/span><\/p>\n<p style=\"text-align: justify;\"><span style=\"color: #000000; font-family: arial, helvetica, sans-serif;\">As multas de tr\u00e2nsito t\u00eam o prop\u00f3sito de promover a seguran\u00e7a nas vias, incentivando os motoristas a obedecerem as leis de tr\u00e2nsito e a adotarem comportamentos seguros.<\/span><\/p>\n<hr \/>\n<div style=\"background: linear-gradient(135deg, #2f5722, #4f7d32); border: 3px solid #d7ff45; padding: 12px 18px; margin: 20px 0; border-radius: 25px; box-shadow: 0 10px 12px rgba(0,0,0,0.1); font-family: sans-serif; color: #fff;\">\n<p style=\"margin: 0px; font-size: 14px; text-align: center;\"><span style=\"font-size: 18pt; color: #ffe32e;\"><strong style=\"font-family: arial, helvetica, sans-serif;\">INDICA\u00c7\u00c3O DE CONDUTOR<\/strong><\/span><\/p>\n<p style=\"text-align: center;\"><span style=\"color: #ffffff; font-family: arial, helvetica, sans-serif;\">Clique aqui para acessar o servi\u00e7o de Indica\u00e7\u00e3o de Condutor<\/span><\/p>\n<p style=\"text-align: center; margin-top: 10px;\"><a style=\"display: inline-block; background: linear-gradient(135deg, #fbc02d, #fff176); color: #339966; padding: 10px 26px; font-weight: bold; border-radius: 20px; text-decoration: none; box-shadow: 0 3px 6px rgba(0,0,0,0.2); font-family: sans-serif; min-width: 130px; text-align: center; font-size: 12pt; border: none;\" href=\"https:\/\/transito.cambe.pr.gov.br\/index.php\/multas\/apresentacao-do-condutor\/\">CLIQUE AQUI<\/a><\/p>\n<\/div>\n<div style=\"background: linear-gradient(135deg, #2f5722, #4f7d32); border: 3px solid #d7ff45; padding: 12px 18px; margin: 20px 0; border-radius: 25px; box-shadow: 0 10px 12px rgba(0,0,0,0.1); font-family: sans-serif; color: #fff;\">\n<p style=\"margin: 0px; font-size: 14px; text-align: center;\"><span style=\"font-size: 18pt; color: #ffe32e;\"><strong style=\"font-family: arial, helvetica, sans-serif;\">DEFESA OU RECURSO DE MULTA<\/strong><\/span><\/p>\n<p style=\"text-align: center;\"><span style=\"color: #ffffff; font-family: arial, helvetica, sans-serif;\">Para enviar sua Defesa Pr\u00e9via ou Recurso de Multa<\/span><\/p>\n<p style=\"text-align: center; margin-top: 10px;\"><a style=\"display: inline-block; background: linear-gradient(135deg, #fbc02d, #fff176); color: #339966; padding: 10px 26px; font-weight: bold; border-radius: 20px; text-decoration: none; box-shadow: 0 3px 6px rgba(0,0,0,0.2); font-family: sans-serif; min-width: 130px; text-align: center; font-size: 12pt; border: none;\" href=\"https:\/\/transito.cambe.pr.gov.br\/index.php\/defesa-e-recursos-de-multas\/\">CLIQUE AQUI<\/a><\/p>\n<\/div>\n","protected":false},"excerpt":{"rendered":"<p>A multa de tr\u00e2nsito \u00e9 uma penalidade financeira imposta por autoridades de tr\u00e2nsito em resposta a infra\u00e7\u00f5es ou viola\u00e7\u00f5es das regras de tr\u00e1fego e seguran\u00e7a vi\u00e1ria. Essas infra\u00e7\u00f5es podem envolver excesso de velocidade, desrespeito a sinais de tr\u00e2nsito, estacionamento indevido, uso inadequado de dispositivos de seguran\u00e7a (como cinto de seguran\u00e7a) e outras transgress\u00f5es relacionadas ao [&hellip;]<\/p>\n","protected":false},"author":2,"featured_media":0,"parent":0,"menu_order":0,"comment_status":"closed","ping_status":"closed","template":"","meta":{"footnotes":""},"class_list":["post-61","page","type-page","status-publish","hentry"],"blocksy_meta":[],"yoast_head":"<!-- This site is optimized with the Yoast SEO plugin v24.4 - https:\/\/yoast.com\/wordpress\/plugins\/seo\/ -->\n<title>Infra\u00e7\u00f5es - Seguran\u00e7a P\u00fablica e Tr\u00e2nsito - Camb\u00e9<\/title>\n<meta name=\"robots\" content=\"index, follow, max-snippet:-1, max-image-preview:large, max-video-preview:-1\" \/>\n<link rel=\"canonical\" href=\"https:\/\/transito.cambe.pr.gov.br\/index.php\/multas\/\" \/>\n<meta property=\"og:locale\" content=\"pt_BR\" \/>\n<meta property=\"og:type\" content=\"article\" \/>\n<meta property=\"og:title\" content=\"Infra\u00e7\u00f5es - Seguran\u00e7a P\u00fablica e Tr\u00e2nsito - Camb\u00e9\" \/>\n<meta property=\"og:description\" content=\"A multa de tr\u00e2nsito \u00e9 uma penalidade financeira imposta por autoridades de tr\u00e2nsito em resposta a infra\u00e7\u00f5es ou viola\u00e7\u00f5es das regras de tr\u00e1fego e seguran\u00e7a vi\u00e1ria. Essas infra\u00e7\u00f5es podem envolver excesso de velocidade, desrespeito a sinais de tr\u00e2nsito, estacionamento indevido, uso inadequado de dispositivos de seguran\u00e7a (como cinto de seguran\u00e7a) e outras transgress\u00f5es relacionadas ao [&hellip;]\" \/>\n<meta property=\"og:url\" content=\"https:\/\/transito.cambe.pr.gov.br\/index.php\/multas\/\" \/>\n<meta property=\"og:site_name\" content=\"Seguran\u00e7a P\u00fablica e Tr\u00e2nsito - Camb\u00e9\" \/>\n<meta property=\"article:publisher\" content=\"https:\/\/www.facebook.com\/DepartamentoTransitoCambe\/\" \/>\n<meta property=\"article:modified_time\" content=\"2025-12-09T13:28:22+00:00\" \/>\n<meta property=\"og:image\" content=\"https:\/\/transito.cambe.pr.gov.br\/wp-content\/uploads\/2023\/08\/brasao_cambe100x100.png\" \/>\n\t<meta property=\"og:image:width\" content=\"100\" \/>\n\t<meta property=\"og:image:height\" content=\"100\" \/>\n\t<meta property=\"og:image:type\" content=\"image\/png\" \/>\n<meta name=\"twitter:card\" content=\"summary_large_image\" \/>\n<meta name=\"twitter:label1\" content=\"Est. tempo de leitura\" \/>\n\t<meta name=\"twitter:data1\" content=\"1 minuto\" \/>\n<script type=\"application\/ld+json\" class=\"yoast-schema-graph\">{\"@context\":\"https:\/\/schema.org\",\"@graph\":[{\"@type\":\"WebPage\",\"@id\":\"https:\/\/transito.cambe.pr.gov.br\/index.php\/multas\/\",\"url\":\"https:\/\/transito.cambe.pr.gov.br\/index.php\/multas\/\",\"name\":\"Infra\u00e7\u00f5es - Seguran\u00e7a P\u00fablica e Tr\u00e2nsito - Camb\u00e9\",\"isPartOf\":{\"@id\":\"https:\/\/transito.cambe.pr.gov.br\/#website\"},\"datePublished\":\"2023-08-17T15:33:02+00:00\",\"dateModified\":\"2025-12-09T13:28:22+00:00\",\"breadcrumb\":{\"@id\":\"https:\/\/transito.cambe.pr.gov.br\/index.php\/multas\/#breadcrumb\"},\"inLanguage\":\"pt-BR\",\"potentialAction\":[{\"@type\":\"ReadAction\",\"target\":[\"https:\/\/transito.cambe.pr.gov.br\/index.php\/multas\/\"]}]},{\"@type\":\"BreadcrumbList\",\"@id\":\"https:\/\/transito.cambe.pr.gov.br\/index.php\/multas\/#breadcrumb\",\"itemListElement\":[{\"@type\":\"ListItem\",\"position\":1,\"name\":\"In\u00edcio\",\"item\":\"https:\/\/transito.cambe.pr.gov.br\/\"},{\"@type\":\"ListItem\",\"position\":2,\"name\":\"Infra\u00e7\u00f5es\"}]},{\"@type\":\"WebSite\",\"@id\":\"https:\/\/transito.cambe.pr.gov.br\/#website\",\"url\":\"https:\/\/transito.cambe.pr.gov.br\/\",\"name\":\"Seguran\u00e7a P\u00fablica e Tr\u00e2nsito - Camb\u00e9\",\"description\":\"\",\"publisher\":{\"@id\":\"https:\/\/transito.cambe.pr.gov.br\/#organization\"},\"alternateName\":\"SESTRAN-Camb\u00e9\",\"potentialAction\":[{\"@type\":\"SearchAction\",\"target\":{\"@type\":\"EntryPoint\",\"urlTemplate\":\"https:\/\/transito.cambe.pr.gov.br\/?s={search_term_string}\"},\"query-input\":{\"@type\":\"PropertyValueSpecification\",\"valueRequired\":true,\"valueName\":\"search_term_string\"}}],\"inLanguage\":\"pt-BR\"},{\"@type\":\"Organization\",\"@id\":\"https:\/\/transito.cambe.pr.gov.br\/#organization\",\"name\":\"Secretaria de Seguran\u00e7a P\u00fablica e Tr\u00e2nsito de Camb\u00e9\",\"alternateName\":\"SESTRAN-Camb\u00e9\",\"url\":\"https:\/\/transito.cambe.pr.gov.br\/\",\"logo\":{\"@type\":\"ImageObject\",\"inLanguage\":\"pt-BR\",\"@id\":\"https:\/\/transito.cambe.pr.gov.br\/#\/schema\/logo\/image\/\",\"url\":\"https:\/\/transito.cambe.pr.gov.br\/wp-content\/uploads\/2023\/08\/brasao_cambe100x100.png\",\"contentUrl\":\"https:\/\/transito.cambe.pr.gov.br\/wp-content\/uploads\/2023\/08\/brasao_cambe100x100.png\",\"width\":100,\"height\":100,\"caption\":\"Secretaria de Seguran\u00e7a P\u00fablica e Tr\u00e2nsito de Camb\u00e9\"},\"image\":{\"@id\":\"https:\/\/transito.cambe.pr.gov.br\/#\/schema\/logo\/image\/\"},\"sameAs\":[\"https:\/\/www.facebook.com\/DepartamentoTransitoCambe\/\"]}]}<\/script>\n<!-- \/ Yoast SEO plugin. -->","yoast_head_json":{"title":"Infra\u00e7\u00f5es - Seguran\u00e7a P\u00fablica e Tr\u00e2nsito - Camb\u00e9","robots":{"index":"index","follow":"follow","max-snippet":"max-snippet:-1","max-image-preview":"max-image-preview:large","max-video-preview":"max-video-preview:-1"},"canonical":"https:\/\/transito.cambe.pr.gov.br\/index.php\/multas\/","og_locale":"pt_BR","og_type":"article","og_title":"Infra\u00e7\u00f5es - Seguran\u00e7a P\u00fablica e Tr\u00e2nsito - Camb\u00e9","og_description":"A multa de tr\u00e2nsito \u00e9 uma penalidade financeira imposta por autoridades de tr\u00e2nsito em resposta a infra\u00e7\u00f5es ou viola\u00e7\u00f5es das regras de tr\u00e1fego e seguran\u00e7a vi\u00e1ria. Essas infra\u00e7\u00f5es podem envolver excesso de velocidade, desrespeito a sinais de tr\u00e2nsito, estacionamento indevido, uso inadequado de dispositivos de seguran\u00e7a (como cinto de seguran\u00e7a) e outras transgress\u00f5es relacionadas ao [&hellip;]","og_url":"https:\/\/transito.cambe.pr.gov.br\/index.php\/multas\/","og_site_name":"Seguran\u00e7a P\u00fablica e Tr\u00e2nsito - Camb\u00e9","article_publisher":"https:\/\/www.facebook.com\/DepartamentoTransitoCambe\/","article_modified_time":"2025-12-09T13:28:22+00:00","og_image":[{"width":100,"height":100,"url":"https:\/\/transito.cambe.pr.gov.br\/wp-content\/uploads\/2023\/08\/brasao_cambe100x100.png","type":"image\/png"}],"twitter_card":"summary_large_image","twitter_misc":{"Est. tempo de leitura":"1 minuto"},"schema":{"@context":"https:\/\/schema.org","@graph":[{"@type":"WebPage","@id":"https:\/\/transito.cambe.pr.gov.br\/index.php\/multas\/","url":"https:\/\/transito.cambe.pr.gov.br\/index.php\/multas\/","name":"Infra\u00e7\u00f5es - Seguran\u00e7a P\u00fablica e Tr\u00e2nsito - Camb\u00e9","isPartOf":{"@id":"https:\/\/transito.cambe.pr.gov.br\/#website"},"datePublished":"2023-08-17T15:33:02+00:00","dateModified":"2025-12-09T13:28:22+00:00","breadcrumb":{"@id":"https:\/\/transito.cambe.pr.gov.br\/index.php\/multas\/#breadcrumb"},"inLanguage":"pt-BR","potentialAction":[{"@type":"ReadAction","target":["https:\/\/transito.cambe.pr.gov.br\/index.php\/multas\/"]}]},{"@type":"BreadcrumbList","@id":"https:\/\/transito.cambe.pr.gov.br\/index.php\/multas\/#breadcrumb","itemListElement":[{"@type":"ListItem","position":1,"name":"In\u00edcio","item":"https:\/\/transito.cambe.pr.gov.br\/"},{"@type":"ListItem","position":2,"name":"Infra\u00e7\u00f5es"}]},{"@type":"WebSite","@id":"https:\/\/transito.cambe.pr.gov.br\/#website","url":"https:\/\/transito.cambe.pr.gov.br\/","name":"Seguran\u00e7a P\u00fablica e Tr\u00e2nsito - Camb\u00e9","description":"","publisher":{"@id":"https:\/\/transito.cambe.pr.gov.br\/#organization"},"alternateName":"SESTRAN-Camb\u00e9","potentialAction":[{"@type":"SearchAction","target":{"@type":"EntryPoint","urlTemplate":"https:\/\/transito.cambe.pr.gov.br\/?s={search_term_string}"},"query-input":{"@type":"PropertyValueSpecification","valueRequired":true,"valueName":"search_term_string"}}],"inLanguage":"pt-BR"},{"@type":"Organization","@id":"https:\/\/transito.cambe.pr.gov.br\/#organization","name":"Secretaria de Seguran\u00e7a P\u00fablica e Tr\u00e2nsito de Camb\u00e9","alternateName":"SESTRAN-Camb\u00e9","url":"https:\/\/transito.cambe.pr.gov.br\/","logo":{"@type":"ImageObject","inLanguage":"pt-BR","@id":"https:\/\/transito.cambe.pr.gov.br\/#\/schema\/logo\/image\/","url":"https:\/\/transito.cambe.pr.gov.br\/wp-content\/uploads\/2023\/08\/brasao_cambe100x100.png","contentUrl":"https:\/\/transito.cambe.pr.gov.br\/wp-content\/uploads\/2023\/08\/brasao_cambe100x100.png","width":100,"height":100,"caption":"Secretaria de Seguran\u00e7a P\u00fablica e Tr\u00e2nsito de Camb\u00e9"},"image":{"@id":"https:\/\/transito.cambe.pr.gov.br\/#\/schema\/logo\/image\/"},"sameAs":["https:\/\/www.facebook.com\/DepartamentoTransitoCambe\/"]}]}},"_links":{"self":[{"href":"https:\/\/transito.cambe.pr.gov.br\/index.php\/wp-json\/wp\/v2\/pages\/61","targetHints":{"allow":["GET"]}}],"collection":[{"href":"https:\/\/transito.cambe.pr.gov.br\/index.php\/wp-json\/wp\/v2\/pages"}],"about":[{"href":"https:\/\/transito.cambe.pr.gov.br\/index.php\/wp-json\/wp\/v2\/types\/page"}],"author":[{"embeddable":true,"href":"https:\/\/transito.cambe.pr.gov.br\/index.php\/wp-json\/wp\/v2\/users\/2"}],"replies":[{"embeddable":true,"href":"https:\/\/transito.cambe.pr.gov.br\/index.php\/wp-json\/wp\/v2\/comments?post=61"}],"version-history":[{"count":20,"href":"https:\/\/transito.cambe.pr.gov.br\/index.php\/wp-json\/wp\/v2\/pages\/61\/revisions"}],"predecessor-version":[{"id":3244,"href":"https:\/\/transito.cambe.pr.gov.br\/index.php\/wp-json\/wp\/v2\/pages\/61\/revisions\/3244"}],"wp:attachment":[{"href":"https:\/\/transito.cambe.pr.gov.br\/index.php\/wp-json\/wp\/v2\/media?parent=61"}],"curies":[{"name":"wp","href":"https:\/\/api.w.org\/{rel}","templated":true}]}}