{"id":364,"date":"2023-09-14T10:01:25","date_gmt":"2023-09-14T13:01:25","guid":{"rendered":"http:\/\/transito.cambe.pr.gov.br\/?page_id=364"},"modified":"2025-04-25T07:57:11","modified_gmt":"2025-04-25T10:57:11","slug":"recurso-ao-cetran","status":"publish","type":"page","link":"https:\/\/transito.cambe.pr.gov.br\/index.php\/multas\/recurso-ao-cetran\/","title":{"rendered":"Recurso ao CETRAN"},"content":{"rendered":"<p style=\"text-align: justify;\"><span style=\"font-family: arial, helvetica, sans-serif; color: #000000;\"><span style=\"font-weight: 400;\">N\u00e3o acolhido &#8211; indeferido &#8211; o recurso pela Junta Administrativa de Recursos de Infra\u00e7\u00f5es &#8211; JARI, <\/span><b>o recorrente poder\u00e1 interpor recurso ao Conselho Estadual de Tr\u00e2nsito &#8211; CETRAN\/PR no prazo de 30 (trinta) dias<\/b><span style=\"font-weight: 400;\">, contados da data de publica\u00e7\u00e3o da decis\u00e3o de indeferimento, ou do seu conhecimento por via postal, ou qualquer meio tecnol\u00f3gico que assegure a ci\u00eancia do recorrente.<\/span><\/span><\/p>\n<p style=\"text-align: justify;\"><span style=\"font-family: arial, helvetica, sans-serif; color: #000000;\"><span style=\"font-weight: 400;\">O recurso deve ser apresentado seja de forma presencial ou por via postal, seguindo o prazo estipulado.<\/span><span style=\"font-weight: 400;\">\u00a0N\u00e3o \u00e9 necess\u00e1rio a efetua\u00e7\u00e3o do dep\u00f3sito ou pagamento da multa, por conta da revoga\u00e7\u00e3o do \u00a72\u00ba. do artigo 288 do C\u00f3digo de Tr\u00e2nsito Brasileiro (Lei 12.249, de 11 de junho de 2010).<\/span><\/span><\/p>\n<hr \/>\n<p style=\"text-align: justify;\"><span style=\"font-size: 14pt;\"><strong><span style=\"font-family: arial, helvetica, sans-serif; color: #000000;\">Documentos Necess\u00e1rios:<\/span><\/strong><\/span><\/p>\n<p style=\"text-align: justify;\"><strong><span style=\"font-family: arial, helvetica, sans-serif; color: #000000;\">Ve\u00edculos em nome de Pessoa F\u00edsica:<\/span><\/strong><\/p>\n<ol style=\"text-align: justify;\">\n<li><span style=\"font-weight: 400; font-family: arial, helvetica, sans-serif; color: #000000;\">Notifica\u00e7\u00e3o\u00a0 de Imposi\u00e7\u00e3o da Penalidade &#8211; NIP (cada peti\u00e7\u00e3o dever\u00e1 ter somente um auto de infra\u00e7\u00e3o por objeto);<\/span><\/li>\n<li><span style=\"color: #000000; font-family: arial, helvetica, sans-serif;\">C\u00f3pia da decis\u00e3o de indeferimento da JARI;<\/span><\/li>\n<li><span style=\"font-weight: 400; font-family: arial, helvetica, sans-serif; color: #000000;\">RG ou CNH do Requerente (outro documento de identifica\u00e7\u00e3o que comprove a assinatura);<\/span><\/li>\n<li><span style=\"font-weight: 400; font-family: arial, helvetica, sans-serif; color: #000000;\">Documenta\u00e7\u00e3o do ve\u00edculo &#8211; CRLV;<\/span><\/li>\n<li><span style=\"font-weight: 400; font-family: arial, helvetica, sans-serif; color: #000000;\">Procura\u00e7\u00e3o e RG do procurador, quando for o caso;<\/span><\/li>\n<li><span style=\"font-weight: 400; font-family: arial, helvetica, sans-serif; color: #000000;\"><span style=\"font-weight: 400; font-family: arial, helvetica, sans-serif; color: #000000;\"><span style=\"font-weight: 400; font-family: arial, helvetica, sans-serif; color: #000000;\">Documentos comprobat\u00f3rios das alega\u00e7\u00f5es do Recurso;<\/span><\/span><\/span><\/li>\n<\/ol>\n<hr \/>\n<p style=\"text-align: justify;\"><strong><span style=\"font-family: arial, helvetica, sans-serif; color: #000000;\">Ve\u00edculos em nome de Pessoa Jur\u00eddica:<\/span><\/strong><\/p>\n<ol style=\"text-align: justify;\">\n<li><span style=\"font-weight: 400; font-family: arial, helvetica, sans-serif; color: #000000;\">Notifica\u00e7\u00e3o de Imposi\u00e7\u00e3o da Penalidade &#8211; NIP (cada peti\u00e7\u00e3o dever\u00e1 ter somente um auto de infra\u00e7\u00e3o por objeto);<\/span><\/li>\n<li><span style=\"color: #000000;\">C\u00f3pia da <span style=\"font-family: arial, helvetica, sans-serif;\"><span style=\"font-weight: 400;\">decis\u00e3o de indeferimento da JARI;<\/span><\/span><\/span><\/li>\n<li><span style=\"font-weight: 400; font-family: arial, helvetica, sans-serif; color: #000000;\">RG ou CNH do S\u00f3cio da Empresa que assina no Contrato Social ou outro documento de identifica\u00e7\u00e3o que comprove a assinatura;<\/span><\/li>\n<li><span style=\"font-weight: 400; font-family: arial, helvetica, sans-serif; color: #000000;\">Documento do Ve\u00edculo &#8211; CRLV;<\/span><\/li>\n<li><span style=\"font-weight: 400; font-family: arial, helvetica, sans-serif; color: #000000;\">Documentos comprobat\u00f3rios das alega\u00e7\u00f5es da Defesa**;<\/span><\/li>\n<li><span style=\"font-weight: 400; font-family: arial, helvetica, sans-serif; color: #000000;\">Procura\u00e7\u00e3o e RG do procurador, quando for o caso; e<\/span><\/li>\n<li><span style=\"font-family: arial, helvetica, sans-serif; color: #000000;\"><span style=\"font-weight: 400;\">Contrato Social (\u00faltima altera\u00e7\u00e3o)<\/span><b>***<\/b><span style=\"font-weight: 400;\">;<\/span><\/span><\/li>\n<\/ol>\n<p style=\"text-align: justify;\"><span style=\"font-family: arial, helvetica, sans-serif; color: #000000;\"><b>\u00a0\u00a0***<\/b><span style=\"font-weight: 400;\"> Ve\u00edculo em nome de \u00d3rg\u00e3o P\u00fablico complementar a documenta\u00e7\u00e3o:<\/span><\/span><\/p>\n<p style=\"text-align: justify;\"><span style=\"font-weight: 400; font-family: arial, helvetica, sans-serif; color: #000000;\">\u00a0 \u00a0 \u00a0 \u00a0 \u00a0 \u00a0 \u00a0Portaria de Nomea\u00e7\u00e3o do Dirigente;<\/span><\/p>\n<hr \/>\n<p style=\"text-align: justify;\"><span style=\"color: #000000; font-size: 14pt;\"><strong><span style=\"font-family: arial, helvetica, sans-serif;\">O que diz a Lei:<\/span><\/strong><\/span><\/p>\n<ul>\n<li style=\"font-weight: 400; text-align: justify;\" aria-level=\"1\"><span style=\"font-family: arial, helvetica, sans-serif;\"><span style=\"font-weight: 400; color: #000000;\">O Recurso Cetran est\u00e1 previsto no Art. 288 do CTB e Art.16 da <\/span><a href=\"https:\/\/www.gov.br\/transportes\/pt-br\/assuntos\/transito\/conteudo-contran\/resolucoes\/Resolucao9182022.pdf\"><b>Resolu\u00e7\u00e3o 918\/2022<\/b><\/a><span style=\"font-weight: 400; color: #000000;\"> do Contran.<\/span><\/span><\/li>\n<li style=\"font-weight: 400; text-align: justify;\" aria-level=\"1\"><span style=\"font-family: arial, helvetica, sans-serif;\"><span style=\"font-weight: 400; color: #000000;\">As Defesas e Recursos devem atender as premissas da <\/span><a href=\"https:\/\/www.gov.br\/transportes\/pt-br\/assuntos\/transito\/conteudo-contran\/resolucoes\/Resolucao9002022.pdf\"><b>Resolu\u00e7\u00e3o 900\/2022<\/b><\/a><span style=\"font-weight: 400; color: #000000;\"> do Contran.<\/span><\/span><\/li>\n<\/ul>\n<hr \/>\n<p><strong><span style=\"font-size: 14pt; font-family: arial, helvetica, sans-serif; color: #000000;\">Como Protocolar<\/span><\/strong><\/p>\n<p><strong><span style=\"color: #000000; font-family: arial, helvetica, sans-serif;\">PRESENCIAL ou VIA CORREIOS<\/span><\/strong><\/p>\n<p><span style=\"color: #000000; font-family: arial, helvetica, sans-serif;\">Protocolar presencialmente na SESTRAN &#8211; Secretaria Municipal de Seguran\u00e7a P\u00fablica e Tr\u00e2nsito ou via CORREIOS para o endere\u00e7o Rua Fran\u00e7a, 87, Centro &#8211; Camb\u00e9 &#8211; PR CEP: 86181-040<\/span><\/p>\n<hr \/>\n<p style=\"text-align: justify;\"><strong><span style=\"font-size: 14pt; font-family: arial, helvetica, sans-serif; color: #000000;\">Documentos para <\/span><span style=\"font-family: arial, helvetica, sans-serif; font-size: 14pt; color: #000000;\">Downloads<\/span><\/strong><\/p>\n<p><a href=\"https:\/\/transito.cambe.pr.gov.br\/wp-content\/uploads\/2025\/04\/REQUERIMENTO-DE-DEFESA-DE-AUTUACAO-SESTRAN.pdf\"><strong><span style=\"color: #008000;\" data-wp-editing=\"1\"><span style=\"color: #00b458;\"><img loading=\"lazy\" decoding=\"async\" class=\"alignnone wp-image-661\" src=\"https:\/\/transito.cambe.pr.gov.br\/wp-content\/uploads\/2024\/11\/724933-1-300x300.png\" alt=\"\" width=\"20\" height=\"20\" srcset=\"https:\/\/transito.cambe.pr.gov.br\/wp-content\/uploads\/2024\/11\/724933-1-300x300.png 300w, https:\/\/transito.cambe.pr.gov.br\/wp-content\/uploads\/2024\/11\/724933-1-150x150.png 150w, https:\/\/transito.cambe.pr.gov.br\/wp-content\/uploads\/2024\/11\/724933-1-50x50.png 50w, https:\/\/transito.cambe.pr.gov.br\/wp-content\/uploads\/2024\/11\/724933-1-80x80.png 80w, https:\/\/transito.cambe.pr.gov.br\/wp-content\/uploads\/2024\/11\/724933-1.png 512w\" sizes=\"auto, (max-width: 20px) 100vw, 20px\" \/>\u00a0<\/span> RECURSO AO CETRAN &#8211; CLIQUE AQUI<\/span><\/strong><\/a><\/p>\n","protected":false},"excerpt":{"rendered":"<p>N\u00e3o acolhido &#8211; indeferido &#8211; o recurso pela Junta Administrativa de Recursos de Infra\u00e7\u00f5es &#8211; JARI, o recorrente poder\u00e1 interpor recurso ao Conselho Estadual de Tr\u00e2nsito &#8211; CETRAN\/PR no prazo de 30 (trinta) dias, contados da data de publica\u00e7\u00e3o da decis\u00e3o de indeferimento, ou do seu conhecimento por via postal, ou qualquer meio tecnol\u00f3gico que [&hellip;]<\/p>\n","protected":false},"author":2,"featured_media":0,"parent":61,"menu_order":4,"comment_status":"closed","ping_status":"closed","template":"","meta":{"footnotes":""},"class_list":["post-364","page","type-page","status-publish","hentry"],"blocksy_meta":[],"yoast_head":"<!-- This site is optimized with the Yoast SEO plugin v24.4 - https:\/\/yoast.com\/wordpress\/plugins\/seo\/ -->\n<title>Recurso ao CETRAN - Seguran\u00e7a P\u00fablica e Tr\u00e2nsito - Camb\u00e9<\/title>\n<meta name=\"robots\" content=\"index, follow, max-snippet:-1, max-image-preview:large, max-video-preview:-1\" \/>\n<link rel=\"canonical\" href=\"https:\/\/transito.cambe.pr.gov.br\/index.php\/multas\/recurso-ao-cetran\/\" \/>\n<meta property=\"og:locale\" content=\"pt_BR\" \/>\n<meta property=\"og:type\" content=\"article\" \/>\n<meta property=\"og:title\" content=\"Recurso ao CETRAN - Seguran\u00e7a P\u00fablica e Tr\u00e2nsito - Camb\u00e9\" \/>\n<meta property=\"og:description\" content=\"N\u00e3o acolhido &#8211; indeferido &#8211; o recurso pela Junta Administrativa de Recursos de Infra\u00e7\u00f5es &#8211; JARI, o recorrente poder\u00e1 interpor recurso ao Conselho Estadual de Tr\u00e2nsito &#8211; CETRAN\/PR no prazo de 30 (trinta) dias, contados da data de publica\u00e7\u00e3o da decis\u00e3o de indeferimento, ou do seu conhecimento por via postal, ou qualquer meio tecnol\u00f3gico que [&hellip;]\" \/>\n<meta property=\"og:url\" content=\"https:\/\/transito.cambe.pr.gov.br\/index.php\/multas\/recurso-ao-cetran\/\" \/>\n<meta property=\"og:site_name\" content=\"Seguran\u00e7a P\u00fablica e Tr\u00e2nsito - Camb\u00e9\" \/>\n<meta property=\"article:publisher\" content=\"https:\/\/www.facebook.com\/DepartamentoTransitoCambe\/\" \/>\n<meta property=\"article:modified_time\" content=\"2025-04-25T10:57:11+00:00\" \/>\n<meta property=\"og:image\" content=\"https:\/\/transito.cambe.pr.gov.br\/wp-content\/uploads\/2024\/11\/724933-1-300x300.png\" \/>\n<meta name=\"twitter:card\" content=\"summary_large_image\" \/>\n<meta name=\"twitter:label1\" content=\"Est. tempo de leitura\" \/>\n\t<meta name=\"twitter:data1\" content=\"3 minutos\" \/>\n<script type=\"application\/ld+json\" class=\"yoast-schema-graph\">{\"@context\":\"https:\/\/schema.org\",\"@graph\":[{\"@type\":\"WebPage\",\"@id\":\"https:\/\/transito.cambe.pr.gov.br\/index.php\/multas\/recurso-ao-cetran\/\",\"url\":\"https:\/\/transito.cambe.pr.gov.br\/index.php\/multas\/recurso-ao-cetran\/\",\"name\":\"Recurso ao CETRAN - Seguran\u00e7a P\u00fablica e Tr\u00e2nsito - Camb\u00e9\",\"isPartOf\":{\"@id\":\"https:\/\/transito.cambe.pr.gov.br\/#website\"},\"primaryImageOfPage\":{\"@id\":\"https:\/\/transito.cambe.pr.gov.br\/index.php\/multas\/recurso-ao-cetran\/#primaryimage\"},\"image\":{\"@id\":\"https:\/\/transito.cambe.pr.gov.br\/index.php\/multas\/recurso-ao-cetran\/#primaryimage\"},\"thumbnailUrl\":\"https:\/\/transito.cambe.pr.gov.br\/wp-content\/uploads\/2024\/11\/724933-1-300x300.png\",\"datePublished\":\"2023-09-14T13:01:25+00:00\",\"dateModified\":\"2025-04-25T10:57:11+00:00\",\"breadcrumb\":{\"@id\":\"https:\/\/transito.cambe.pr.gov.br\/index.php\/multas\/recurso-ao-cetran\/#breadcrumb\"},\"inLanguage\":\"pt-BR\",\"potentialAction\":[{\"@type\":\"ReadAction\",\"target\":[\"https:\/\/transito.cambe.pr.gov.br\/index.php\/multas\/recurso-ao-cetran\/\"]}]},{\"@type\":\"ImageObject\",\"inLanguage\":\"pt-BR\",\"@id\":\"https:\/\/transito.cambe.pr.gov.br\/index.php\/multas\/recurso-ao-cetran\/#primaryimage\",\"url\":\"https:\/\/transito.cambe.pr.gov.br\/wp-content\/uploads\/2024\/11\/724933-1.png\",\"contentUrl\":\"https:\/\/transito.cambe.pr.gov.br\/wp-content\/uploads\/2024\/11\/724933-1.png\",\"width\":512,\"height\":512},{\"@type\":\"BreadcrumbList\",\"@id\":\"https:\/\/transito.cambe.pr.gov.br\/index.php\/multas\/recurso-ao-cetran\/#breadcrumb\",\"itemListElement\":[{\"@type\":\"ListItem\",\"position\":1,\"name\":\"In\u00edcio\",\"item\":\"https:\/\/transito.cambe.pr.gov.br\/\"},{\"@type\":\"ListItem\",\"position\":2,\"name\":\"Infra\u00e7\u00f5es\",\"item\":\"https:\/\/transito.cambe.pr.gov.br\/index.php\/multas\/\"},{\"@type\":\"ListItem\",\"position\":3,\"name\":\"Recurso ao CETRAN\"}]},{\"@type\":\"WebSite\",\"@id\":\"https:\/\/transito.cambe.pr.gov.br\/#website\",\"url\":\"https:\/\/transito.cambe.pr.gov.br\/\",\"name\":\"Seguran\u00e7a P\u00fablica e Tr\u00e2nsito - Camb\u00e9\",\"description\":\"\",\"publisher\":{\"@id\":\"https:\/\/transito.cambe.pr.gov.br\/#organization\"},\"alternateName\":\"SESTRAN-Camb\u00e9\",\"potentialAction\":[{\"@type\":\"SearchAction\",\"target\":{\"@type\":\"EntryPoint\",\"urlTemplate\":\"https:\/\/transito.cambe.pr.gov.br\/?s={search_term_string}\"},\"query-input\":{\"@type\":\"PropertyValueSpecification\",\"valueRequired\":true,\"valueName\":\"search_term_string\"}}],\"inLanguage\":\"pt-BR\"},{\"@type\":\"Organization\",\"@id\":\"https:\/\/transito.cambe.pr.gov.br\/#organization\",\"name\":\"Secretaria de Seguran\u00e7a P\u00fablica e Tr\u00e2nsito de Camb\u00e9\",\"alternateName\":\"SESTRAN-Camb\u00e9\",\"url\":\"https:\/\/transito.cambe.pr.gov.br\/\",\"logo\":{\"@type\":\"ImageObject\",\"inLanguage\":\"pt-BR\",\"@id\":\"https:\/\/transito.cambe.pr.gov.br\/#\/schema\/logo\/image\/\",\"url\":\"https:\/\/transito.cambe.pr.gov.br\/wp-content\/uploads\/2023\/08\/brasao_cambe100x100.png\",\"contentUrl\":\"https:\/\/transito.cambe.pr.gov.br\/wp-content\/uploads\/2023\/08\/brasao_cambe100x100.png\",\"width\":100,\"height\":100,\"caption\":\"Secretaria de Seguran\u00e7a P\u00fablica e Tr\u00e2nsito de Camb\u00e9\"},\"image\":{\"@id\":\"https:\/\/transito.cambe.pr.gov.br\/#\/schema\/logo\/image\/\"},\"sameAs\":[\"https:\/\/www.facebook.com\/DepartamentoTransitoCambe\/\"]}]}<\/script>\n<!-- \/ Yoast SEO plugin. -->","yoast_head_json":{"title":"Recurso ao CETRAN - Seguran\u00e7a P\u00fablica e Tr\u00e2nsito - Camb\u00e9","robots":{"index":"index","follow":"follow","max-snippet":"max-snippet:-1","max-image-preview":"max-image-preview:large","max-video-preview":"max-video-preview:-1"},"canonical":"https:\/\/transito.cambe.pr.gov.br\/index.php\/multas\/recurso-ao-cetran\/","og_locale":"pt_BR","og_type":"article","og_title":"Recurso ao CETRAN - Seguran\u00e7a P\u00fablica e Tr\u00e2nsito - Camb\u00e9","og_description":"N\u00e3o acolhido &#8211; indeferido &#8211; o recurso pela Junta Administrativa de Recursos de Infra\u00e7\u00f5es &#8211; JARI, o recorrente poder\u00e1 interpor recurso ao Conselho Estadual de Tr\u00e2nsito &#8211; CETRAN\/PR no prazo de 30 (trinta) dias, contados da data de publica\u00e7\u00e3o da decis\u00e3o de indeferimento, ou do seu conhecimento por via postal, ou qualquer meio tecnol\u00f3gico que [&hellip;]","og_url":"https:\/\/transito.cambe.pr.gov.br\/index.php\/multas\/recurso-ao-cetran\/","og_site_name":"Seguran\u00e7a P\u00fablica e Tr\u00e2nsito - Camb\u00e9","article_publisher":"https:\/\/www.facebook.com\/DepartamentoTransitoCambe\/","article_modified_time":"2025-04-25T10:57:11+00:00","og_image":[{"url":"https:\/\/transito.cambe.pr.gov.br\/wp-content\/uploads\/2024\/11\/724933-1-300x300.png","type":"","width":"","height":""}],"twitter_card":"summary_large_image","twitter_misc":{"Est. tempo de leitura":"3 minutos"},"schema":{"@context":"https:\/\/schema.org","@graph":[{"@type":"WebPage","@id":"https:\/\/transito.cambe.pr.gov.br\/index.php\/multas\/recurso-ao-cetran\/","url":"https:\/\/transito.cambe.pr.gov.br\/index.php\/multas\/recurso-ao-cetran\/","name":"Recurso ao CETRAN - Seguran\u00e7a P\u00fablica e Tr\u00e2nsito - Camb\u00e9","isPartOf":{"@id":"https:\/\/transito.cambe.pr.gov.br\/#website"},"primaryImageOfPage":{"@id":"https:\/\/transito.cambe.pr.gov.br\/index.php\/multas\/recurso-ao-cetran\/#primaryimage"},"image":{"@id":"https:\/\/transito.cambe.pr.gov.br\/index.php\/multas\/recurso-ao-cetran\/#primaryimage"},"thumbnailUrl":"https:\/\/transito.cambe.pr.gov.br\/wp-content\/uploads\/2024\/11\/724933-1-300x300.png","datePublished":"2023-09-14T13:01:25+00:00","dateModified":"2025-04-25T10:57:11+00:00","breadcrumb":{"@id":"https:\/\/transito.cambe.pr.gov.br\/index.php\/multas\/recurso-ao-cetran\/#breadcrumb"},"inLanguage":"pt-BR","potentialAction":[{"@type":"ReadAction","target":["https:\/\/transito.cambe.pr.gov.br\/index.php\/multas\/recurso-ao-cetran\/"]}]},{"@type":"ImageObject","inLanguage":"pt-BR","@id":"https:\/\/transito.cambe.pr.gov.br\/index.php\/multas\/recurso-ao-cetran\/#primaryimage","url":"https:\/\/transito.cambe.pr.gov.br\/wp-content\/uploads\/2024\/11\/724933-1.png","contentUrl":"https:\/\/transito.cambe.pr.gov.br\/wp-content\/uploads\/2024\/11\/724933-1.png","width":512,"height":512},{"@type":"BreadcrumbList","@id":"https:\/\/transito.cambe.pr.gov.br\/index.php\/multas\/recurso-ao-cetran\/#breadcrumb","itemListElement":[{"@type":"ListItem","position":1,"name":"In\u00edcio","item":"https:\/\/transito.cambe.pr.gov.br\/"},{"@type":"ListItem","position":2,"name":"Infra\u00e7\u00f5es","item":"https:\/\/transito.cambe.pr.gov.br\/index.php\/multas\/"},{"@type":"ListItem","position":3,"name":"Recurso ao CETRAN"}]},{"@type":"WebSite","@id":"https:\/\/transito.cambe.pr.gov.br\/#website","url":"https:\/\/transito.cambe.pr.gov.br\/","name":"Seguran\u00e7a P\u00fablica e Tr\u00e2nsito - Camb\u00e9","description":"","publisher":{"@id":"https:\/\/transito.cambe.pr.gov.br\/#organization"},"alternateName":"SESTRAN-Camb\u00e9","potentialAction":[{"@type":"SearchAction","target":{"@type":"EntryPoint","urlTemplate":"https:\/\/transito.cambe.pr.gov.br\/?s={search_term_string}"},"query-input":{"@type":"PropertyValueSpecification","valueRequired":true,"valueName":"search_term_string"}}],"inLanguage":"pt-BR"},{"@type":"Organization","@id":"https:\/\/transito.cambe.pr.gov.br\/#organization","name":"Secretaria de Seguran\u00e7a P\u00fablica e Tr\u00e2nsito de Camb\u00e9","alternateName":"SESTRAN-Camb\u00e9","url":"https:\/\/transito.cambe.pr.gov.br\/","logo":{"@type":"ImageObject","inLanguage":"pt-BR","@id":"https:\/\/transito.cambe.pr.gov.br\/#\/schema\/logo\/image\/","url":"https:\/\/transito.cambe.pr.gov.br\/wp-content\/uploads\/2023\/08\/brasao_cambe100x100.png","contentUrl":"https:\/\/transito.cambe.pr.gov.br\/wp-content\/uploads\/2023\/08\/brasao_cambe100x100.png","width":100,"height":100,"caption":"Secretaria de Seguran\u00e7a P\u00fablica e Tr\u00e2nsito de Camb\u00e9"},"image":{"@id":"https:\/\/transito.cambe.pr.gov.br\/#\/schema\/logo\/image\/"},"sameAs":["https:\/\/www.facebook.com\/DepartamentoTransitoCambe\/"]}]}},"_links":{"self":[{"href":"https:\/\/transito.cambe.pr.gov.br\/index.php\/wp-json\/wp\/v2\/pages\/364","targetHints":{"allow":["GET"]}}],"collection":[{"href":"https:\/\/transito.cambe.pr.gov.br\/index.php\/wp-json\/wp\/v2\/pages"}],"about":[{"href":"https:\/\/transito.cambe.pr.gov.br\/index.php\/wp-json\/wp\/v2\/types\/page"}],"author":[{"embeddable":true,"href":"https:\/\/transito.cambe.pr.gov.br\/index.php\/wp-json\/wp\/v2\/users\/2"}],"replies":[{"embeddable":true,"href":"https:\/\/transito.cambe.pr.gov.br\/index.php\/wp-json\/wp\/v2\/comments?post=364"}],"version-history":[{"count":15,"href":"https:\/\/transito.cambe.pr.gov.br\/index.php\/wp-json\/wp\/v2\/pages\/364\/revisions"}],"predecessor-version":[{"id":1873,"href":"https:\/\/transito.cambe.pr.gov.br\/index.php\/wp-json\/wp\/v2\/pages\/364\/revisions\/1873"}],"up":[{"embeddable":true,"href":"https:\/\/transito.cambe.pr.gov.br\/index.php\/wp-json\/wp\/v2\/pages\/61"}],"wp:attachment":[{"href":"https:\/\/transito.cambe.pr.gov.br\/index.php\/wp-json\/wp\/v2\/media?parent=364"}],"curies":[{"name":"wp","href":"https:\/\/api.w.org\/{rel}","templated":true}]}}