{"id":34,"date":"2023-08-15T13:47:40","date_gmt":"2023-08-15T16:47:40","guid":{"rendered":"http:\/\/transito.cambe.pr.gov.br\/?page_id=34"},"modified":"2025-03-14T08:02:11","modified_gmt":"2025-03-14T11:02:11","slug":"educacao","status":"publish","type":"page","link":"https:\/\/transito.cambe.pr.gov.br\/index.php\/transito\/educacao\/","title":{"rendered":"Educa\u00e7\u00e3o de Tr\u00e2nsito"},"content":{"rendered":"<p style=\"text-align: justify;\"><span style=\"color: #000000; font-size: 12pt; font-family: arial, helvetica, sans-serif;\">A <strong>Sestran<\/strong> desenvolve diversas atividades de educa\u00e7\u00e3o no tr\u00e2nsito com o objetivo de promover a conscientiza\u00e7\u00e3o e a responsabilidade de todos os cidad\u00e3os cambeenses, desde as crian\u00e7as at\u00e9 os adultos. As a\u00e7\u00f5es educativas t\u00eam como objetivo formar uma cultura de respeito, organiza\u00e7\u00e3o e paz no tr\u00e2nsito, incentivando comportamentos que contribuam para a seguran\u00e7a de todos.<\/span><\/p>\n<hr \/>\n<p style=\"text-align: center;\"><strong><span style=\"color: #000000; font-size: 14pt; font-family: arial, helvetica, sans-serif;\">Entre as atividades realizadas, destacam-se:<\/span><\/strong><\/p>\n<hr \/>\n<p style=\"text-align: justify;\"><span style=\"color: #000000; font-family: arial, helvetica, sans-serif;\"><strong><img loading=\"lazy\" decoding=\"async\" class=\"\" src=\"https:\/\/www.pngarts.com\/files\/7\/Traffic-Cone-PNG-Background-Image.png\" alt=\"Cone de tr\u00e1fego PNG Para Download Gratuito\" width=\"56\" height=\"56\" \/><span style=\"font-size: 12pt;\"> Blitz Educativas<\/span><\/strong><span style=\"font-size: 12pt;\">, como parte da campanha Maio Amarelo, que promove a conscientiza\u00e7\u00e3o sobre a seguran\u00e7a vi\u00e1ria;<\/span><\/span><\/p>\n<hr \/>\n<p style=\"text-align: justify;\"><span style=\"color: #000000; font-size: 14pt; font-family: arial, helvetica, sans-serif;\"><strong>\u00a0<img loading=\"lazy\" decoding=\"async\" class=\"alignnone wp-image-1463\" src=\"https:\/\/transito.cambe.pr.gov.br\/wp-content\/uploads\/2024\/12\/dia-das-criancas-desenho-212x300.png\" alt=\"\" width=\"41\" height=\"58\" srcset=\"https:\/\/transito.cambe.pr.gov.br\/wp-content\/uploads\/2024\/12\/dia-das-criancas-desenho-212x300.png 212w, https:\/\/transito.cambe.pr.gov.br\/wp-content\/uploads\/2024\/12\/dia-das-criancas-desenho-724x1024.png 724w, https:\/\/transito.cambe.pr.gov.br\/wp-content\/uploads\/2024\/12\/dia-das-criancas-desenho-768x1086.png 768w, https:\/\/transito.cambe.pr.gov.br\/wp-content\/uploads\/2024\/12\/dia-das-criancas-desenho-1086x1536.png 1086w, https:\/\/transito.cambe.pr.gov.br\/wp-content\/uploads\/2024\/12\/dia-das-criancas-desenho-1448x2048.png 1448w\" sizes=\"auto, (max-width: 41px) 100vw, 41px\" \/>\u00a0 \u00a0<\/strong><span style=\"font-size: 12pt;\">Programa <strong>SESTRAN na Escola<\/strong> leva aos estudantes orienta\u00e7\u00f5es sobre o tr\u00e2nsito e o comportamento adequado nas vias;<\/span><\/span><\/p>\n<p><img loading=\"lazy\" decoding=\"async\" class=\"alignnone\" title=\"Escola Municipal Pe. Symphoriano Kopf\" src=\"https:\/\/transito.cambe.pr.gov.br\/wp-content\/uploads\/2024\/12\/Escola-Municipal-Pe.-Symphoriano-Kopf.jpg\" alt=\"\" width=\"502\" height=\"377\" \/> \u00a0<img loading=\"lazy\" decoding=\"async\" class=\"alignnone\" title=\"Escola Municipal Prof. Jac\u00eddio Correia\" src=\"https:\/\/transito.cambe.pr.gov.br\/wp-content\/uploads\/2024\/12\/Escola-Municipal-Prof.-Jacidio-Correia.jpg\" alt=\"\" width=\"670\" height=\"377\" \/><\/p>\n<hr \/>\n<p style=\"text-align: justify;\"><span style=\"color: #000000; font-family: arial, helvetica, sans-serif;\"><strong>\u00a0 <img loading=\"lazy\" decoding=\"async\" class=\"\" src=\"https:\/\/images.vexels.com\/content\/144883\/preview\/company-building-stroke-c1b2b8.png\" alt=\"Design PNG E SVG De Curso De Constru\u00e7\u00e3o De Empresa Para Camisetas\" width=\"41\" height=\"41\" \/><span style=\"font-size: 14pt;\">\u00a0<span style=\"font-size: 12pt;\"> SESTRAN nas Empresas<\/span><\/span><\/strong><span style=\"font-size: 12pt;\"> oferece treinamentos e palestras para colaboradores de empresas locais, buscando disseminar boas pr\u00e1ticas de seguran\u00e7a tamb\u00e9m no ambiente de trabalho;<\/span><\/span><\/p>\n<p><img loading=\"lazy\" decoding=\"async\" class=\"alignnone\" title=\"Sipat 2024 - Santa Casa de Camb\u00e9\" src=\"https:\/\/transito.cambe.pr.gov.br\/wp-content\/uploads\/2024\/12\/Sipat-2024-Santa-Casa-de-Cambe.jpg\" alt=\"\" width=\"523\" height=\"391\" \/><\/p>\n<hr \/>\n<p style=\"text-align: justify;\"><span style=\"color: #000000;\"><strong><span style=\"font-size: 14pt;\">\u00a0<span style=\"font-family: arial, helvetica, sans-serif;\"><img loading=\"lazy\" decoding=\"async\" class=\"alignnone wp-image-1464\" src=\"https:\/\/transito.cambe.pr.gov.br\/wp-content\/uploads\/2024\/12\/Check-300x300.jpg\" alt=\"\" width=\"41\" height=\"41\" srcset=\"https:\/\/transito.cambe.pr.gov.br\/wp-content\/uploads\/2024\/12\/Check-300x300.jpg 300w, https:\/\/transito.cambe.pr.gov.br\/wp-content\/uploads\/2024\/12\/Check-150x150.jpg 150w, https:\/\/transito.cambe.pr.gov.br\/wp-content\/uploads\/2024\/12\/Check-768x768.jpg 768w, https:\/\/transito.cambe.pr.gov.br\/wp-content\/uploads\/2024\/12\/Check-50x50.jpg 50w, https:\/\/transito.cambe.pr.gov.br\/wp-content\/uploads\/2024\/12\/Check-80x80.jpg 80w, https:\/\/transito.cambe.pr.gov.br\/wp-content\/uploads\/2024\/12\/Check.jpg 1024w\" sizes=\"auto, (max-width: 41px) 100vw, 41px\" \/><span style=\"color: #000000;\">\u00a0<span style=\"font-size: 12pt;\">Caminhadas, Passeios Cicl\u00edsticos e Eventos<\/span><\/span><\/span><\/span><\/strong><span style=\"font-size: 12pt; font-family: arial, helvetica, sans-serif;\"> que promovem a conscientiza\u00e7\u00e3o de forma l\u00fadica e integrada com as demais Secretarias Municipais;<\/span><\/span><\/p>\n<hr \/>\n<p style=\"text-align: justify;\"><span style=\"color: #000000; font-family: arial, helvetica, sans-serif;\"><strong>\u00a0<img loading=\"lazy\" decoding=\"async\" class=\"\" src=\"https:\/\/png.pngtree.com\/png-vector\/20240209\/ourmid\/pngtree-lamp-idea-icon-object-yellow-light-png-image_11735983.png\" alt=\"Imagens Lampada Ideia PNG e Vetor, com Fundo Transparente Para Download Gr\u00e1tis | Pngtree\" width=\"41\" height=\"41\" \/> <\/strong><\/span><span style=\"color: #000000; font-family: arial, helvetica, sans-serif; font-size: 12pt;\"><strong>\u00a0Campanhas de Conscientiza\u00e7\u00e3o<\/strong> que atingem a popula\u00e7\u00e3o em geral, refor\u00e7ando a import\u00e2ncia da educa\u00e7\u00e3o no tr\u00e2nsito para a redu\u00e7\u00e3o de sinistros e melhoria na mobilidade urbana.<\/span><\/p>\n<p style=\"text-align: justify;\"><img loading=\"lazy\" decoding=\"async\" class=\"alignleft\" title=\"CCI JD. Tupi\" src=\"https:\/\/transito.cambe.pr.gov.br\/wp-content\/uploads\/2024\/12\/9d8d8f87-732d-45cd-99bb-6999c8921934.jpg\" alt=\"\" width=\"621\" height=\"287\" \/><\/p>\n<p>&nbsp;<\/p>\n<p style=\"text-align: justify;\"><span style=\"color: #000000; font-size: 12pt; font-family: arial, helvetica, sans-serif;\"><strong>Hor\u00e1rio<\/strong>: segunda a sexta-feira, das 08h00 \u00e0s 18h.<\/span><\/p>\n<p style=\"text-align: justify;\"><span style=\"color: #000000; font-size: 12pt; font-family: arial, helvetica, sans-serif;\"><strong>E-mail<\/strong>: transito@cambe.pr.gov.br<\/span><\/p>\n<p style=\"text-align: justify;\"><span style=\"color: #000000; font-size: 12pt; font-family: arial, helvetica, sans-serif;\"><strong>Endere\u00e7o<\/strong>: Rua Fran\u00e7a, 87 &#8211; Camb\u00e9, PR<\/span><\/p>\n<p><span style=\"color: #000000; font-size: 12pt; font-family: arial, helvetica, sans-serif;\"><strong>Telefone<\/strong>: 3174-2739<\/span><\/p>\n<p style=\"text-align: center;\"><span style=\"font-family: arial, helvetica, sans-serif;\"><b><span style=\"color: #000000;\">Entre em contato para agendar um atendimento ou fa\u00e7a via formul\u00e1rio online:<\/span> <a href=\"https:\/\/transito.cambe.pr.gov.br\/index.php\/transito\/educacao\/sestran-educacao\/\"><span style=\"color: #008000;\">clique aqui<\/span><\/a><\/b><\/span><\/p>\n","protected":false},"excerpt":{"rendered":"<p>A Sestran desenvolve diversas atividades de educa\u00e7\u00e3o no tr\u00e2nsito com o objetivo de promover a conscientiza\u00e7\u00e3o e a responsabilidade de todos os cidad\u00e3os cambeenses, desde as crian\u00e7as at\u00e9 os adultos. As a\u00e7\u00f5es educativas t\u00eam como objetivo formar uma cultura de respeito, organiza\u00e7\u00e3o e paz no tr\u00e2nsito, incentivando comportamentos que contribuam para a seguran\u00e7a de todos. [&hellip;]<\/p>\n","protected":false},"author":1,"featured_media":0,"parent":1336,"menu_order":0,"comment_status":"closed","ping_status":"closed","template":"","meta":{"footnotes":""},"class_list":["post-34","page","type-page","status-publish","hentry"],"blocksy_meta":[],"yoast_head":"<!-- This site is optimized with the Yoast SEO plugin v24.4 - https:\/\/yoast.com\/wordpress\/plugins\/seo\/ -->\n<title>Educa\u00e7\u00e3o de Tr\u00e2nsito - Seguran\u00e7a P\u00fablica e Tr\u00e2nsito - Camb\u00e9<\/title>\n<meta name=\"robots\" content=\"index, follow, max-snippet:-1, max-image-preview:large, max-video-preview:-1\" \/>\n<link rel=\"canonical\" href=\"https:\/\/transito.cambe.pr.gov.br\/index.php\/transito\/educacao\/\" \/>\n<meta property=\"og:locale\" content=\"pt_BR\" \/>\n<meta property=\"og:type\" content=\"article\" \/>\n<meta property=\"og:title\" content=\"Educa\u00e7\u00e3o de Tr\u00e2nsito - Seguran\u00e7a P\u00fablica e Tr\u00e2nsito - Camb\u00e9\" \/>\n<meta property=\"og:description\" content=\"A Sestran desenvolve diversas atividades de educa\u00e7\u00e3o no tr\u00e2nsito com o objetivo de promover a conscientiza\u00e7\u00e3o e a responsabilidade de todos os cidad\u00e3os cambeenses, desde as crian\u00e7as at\u00e9 os adultos. As a\u00e7\u00f5es educativas t\u00eam como objetivo formar uma cultura de respeito, organiza\u00e7\u00e3o e paz no tr\u00e2nsito, incentivando comportamentos que contribuam para a seguran\u00e7a de todos. [&hellip;]\" \/>\n<meta property=\"og:url\" content=\"https:\/\/transito.cambe.pr.gov.br\/index.php\/transito\/educacao\/\" \/>\n<meta property=\"og:site_name\" content=\"Seguran\u00e7a P\u00fablica e Tr\u00e2nsito - Camb\u00e9\" \/>\n<meta property=\"article:publisher\" content=\"https:\/\/www.facebook.com\/DepartamentoTransitoCambe\/\" \/>\n<meta property=\"article:modified_time\" content=\"2025-03-14T11:02:11+00:00\" \/>\n<meta property=\"og:image\" content=\"https:\/\/www.pngarts.com\/files\/7\/Traffic-Cone-PNG-Background-Image.png\" \/>\n<meta name=\"twitter:card\" content=\"summary_large_image\" \/>\n<meta name=\"twitter:label1\" content=\"Est. tempo de leitura\" \/>\n\t<meta name=\"twitter:data1\" content=\"3 minutos\" \/>\n<script type=\"application\/ld+json\" class=\"yoast-schema-graph\">{\"@context\":\"https:\/\/schema.org\",\"@graph\":[{\"@type\":\"WebPage\",\"@id\":\"https:\/\/transito.cambe.pr.gov.br\/index.php\/transito\/educacao\/\",\"url\":\"https:\/\/transito.cambe.pr.gov.br\/index.php\/transito\/educacao\/\",\"name\":\"Educa\u00e7\u00e3o de Tr\u00e2nsito - Seguran\u00e7a P\u00fablica e Tr\u00e2nsito - Camb\u00e9\",\"isPartOf\":{\"@id\":\"https:\/\/transito.cambe.pr.gov.br\/#website\"},\"primaryImageOfPage\":{\"@id\":\"https:\/\/transito.cambe.pr.gov.br\/index.php\/transito\/educacao\/#primaryimage\"},\"image\":{\"@id\":\"https:\/\/transito.cambe.pr.gov.br\/index.php\/transito\/educacao\/#primaryimage\"},\"thumbnailUrl\":\"https:\/\/www.pngarts.com\/files\/7\/Traffic-Cone-PNG-Background-Image.png\",\"datePublished\":\"2023-08-15T16:47:40+00:00\",\"dateModified\":\"2025-03-14T11:02:11+00:00\",\"breadcrumb\":{\"@id\":\"https:\/\/transito.cambe.pr.gov.br\/index.php\/transito\/educacao\/#breadcrumb\"},\"inLanguage\":\"pt-BR\",\"potentialAction\":[{\"@type\":\"ReadAction\",\"target\":[\"https:\/\/transito.cambe.pr.gov.br\/index.php\/transito\/educacao\/\"]}]},{\"@type\":\"ImageObject\",\"inLanguage\":\"pt-BR\",\"@id\":\"https:\/\/transito.cambe.pr.gov.br\/index.php\/transito\/educacao\/#primaryimage\",\"url\":\"https:\/\/www.pngarts.com\/files\/7\/Traffic-Cone-PNG-Background-Image.png\",\"contentUrl\":\"https:\/\/www.pngarts.com\/files\/7\/Traffic-Cone-PNG-Background-Image.png\"},{\"@type\":\"BreadcrumbList\",\"@id\":\"https:\/\/transito.cambe.pr.gov.br\/index.php\/transito\/educacao\/#breadcrumb\",\"itemListElement\":[{\"@type\":\"ListItem\",\"position\":1,\"name\":\"In\u00edcio\",\"item\":\"https:\/\/transito.cambe.pr.gov.br\/\"},{\"@type\":\"ListItem\",\"position\":2,\"name\":\"Tr\u00e2nsito\",\"item\":\"https:\/\/transito.cambe.pr.gov.br\/index.php\/transito\/\"},{\"@type\":\"ListItem\",\"position\":3,\"name\":\"Educa\u00e7\u00e3o de Tr\u00e2nsito\"}]},{\"@type\":\"WebSite\",\"@id\":\"https:\/\/transito.cambe.pr.gov.br\/#website\",\"url\":\"https:\/\/transito.cambe.pr.gov.br\/\",\"name\":\"Seguran\u00e7a P\u00fablica e Tr\u00e2nsito - Camb\u00e9\",\"description\":\"\",\"publisher\":{\"@id\":\"https:\/\/transito.cambe.pr.gov.br\/#organization\"},\"alternateName\":\"SESTRAN-Camb\u00e9\",\"potentialAction\":[{\"@type\":\"SearchAction\",\"target\":{\"@type\":\"EntryPoint\",\"urlTemplate\":\"https:\/\/transito.cambe.pr.gov.br\/?s={search_term_string}\"},\"query-input\":{\"@type\":\"PropertyValueSpecification\",\"valueRequired\":true,\"valueName\":\"search_term_string\"}}],\"inLanguage\":\"pt-BR\"},{\"@type\":\"Organization\",\"@id\":\"https:\/\/transito.cambe.pr.gov.br\/#organization\",\"name\":\"Secretaria de Seguran\u00e7a P\u00fablica e Tr\u00e2nsito de Camb\u00e9\",\"alternateName\":\"SESTRAN-Camb\u00e9\",\"url\":\"https:\/\/transito.cambe.pr.gov.br\/\",\"logo\":{\"@type\":\"ImageObject\",\"inLanguage\":\"pt-BR\",\"@id\":\"https:\/\/transito.cambe.pr.gov.br\/#\/schema\/logo\/image\/\",\"url\":\"https:\/\/transito.cambe.pr.gov.br\/wp-content\/uploads\/2023\/08\/brasao_cambe100x100.png\",\"contentUrl\":\"https:\/\/transito.cambe.pr.gov.br\/wp-content\/uploads\/2023\/08\/brasao_cambe100x100.png\",\"width\":100,\"height\":100,\"caption\":\"Secretaria de Seguran\u00e7a P\u00fablica e Tr\u00e2nsito de Camb\u00e9\"},\"image\":{\"@id\":\"https:\/\/transito.cambe.pr.gov.br\/#\/schema\/logo\/image\/\"},\"sameAs\":[\"https:\/\/www.facebook.com\/DepartamentoTransitoCambe\/\"]}]}<\/script>\n<!-- \/ Yoast SEO plugin. -->","yoast_head_json":{"title":"Educa\u00e7\u00e3o de Tr\u00e2nsito - Seguran\u00e7a P\u00fablica e Tr\u00e2nsito - Camb\u00e9","robots":{"index":"index","follow":"follow","max-snippet":"max-snippet:-1","max-image-preview":"max-image-preview:large","max-video-preview":"max-video-preview:-1"},"canonical":"https:\/\/transito.cambe.pr.gov.br\/index.php\/transito\/educacao\/","og_locale":"pt_BR","og_type":"article","og_title":"Educa\u00e7\u00e3o de Tr\u00e2nsito - Seguran\u00e7a P\u00fablica e Tr\u00e2nsito - Camb\u00e9","og_description":"A Sestran desenvolve diversas atividades de educa\u00e7\u00e3o no tr\u00e2nsito com o objetivo de promover a conscientiza\u00e7\u00e3o e a responsabilidade de todos os cidad\u00e3os cambeenses, desde as crian\u00e7as at\u00e9 os adultos. As a\u00e7\u00f5es educativas t\u00eam como objetivo formar uma cultura de respeito, organiza\u00e7\u00e3o e paz no tr\u00e2nsito, incentivando comportamentos que contribuam para a seguran\u00e7a de todos. [&hellip;]","og_url":"https:\/\/transito.cambe.pr.gov.br\/index.php\/transito\/educacao\/","og_site_name":"Seguran\u00e7a P\u00fablica e Tr\u00e2nsito - Camb\u00e9","article_publisher":"https:\/\/www.facebook.com\/DepartamentoTransitoCambe\/","article_modified_time":"2025-03-14T11:02:11+00:00","og_image":[{"url":"https:\/\/www.pngarts.com\/files\/7\/Traffic-Cone-PNG-Background-Image.png","type":"","width":"","height":""}],"twitter_card":"summary_large_image","twitter_misc":{"Est. tempo de leitura":"3 minutos"},"schema":{"@context":"https:\/\/schema.org","@graph":[{"@type":"WebPage","@id":"https:\/\/transito.cambe.pr.gov.br\/index.php\/transito\/educacao\/","url":"https:\/\/transito.cambe.pr.gov.br\/index.php\/transito\/educacao\/","name":"Educa\u00e7\u00e3o de Tr\u00e2nsito - Seguran\u00e7a P\u00fablica e Tr\u00e2nsito - Camb\u00e9","isPartOf":{"@id":"https:\/\/transito.cambe.pr.gov.br\/#website"},"primaryImageOfPage":{"@id":"https:\/\/transito.cambe.pr.gov.br\/index.php\/transito\/educacao\/#primaryimage"},"image":{"@id":"https:\/\/transito.cambe.pr.gov.br\/index.php\/transito\/educacao\/#primaryimage"},"thumbnailUrl":"https:\/\/www.pngarts.com\/files\/7\/Traffic-Cone-PNG-Background-Image.png","datePublished":"2023-08-15T16:47:40+00:00","dateModified":"2025-03-14T11:02:11+00:00","breadcrumb":{"@id":"https:\/\/transito.cambe.pr.gov.br\/index.php\/transito\/educacao\/#breadcrumb"},"inLanguage":"pt-BR","potentialAction":[{"@type":"ReadAction","target":["https:\/\/transito.cambe.pr.gov.br\/index.php\/transito\/educacao\/"]}]},{"@type":"ImageObject","inLanguage":"pt-BR","@id":"https:\/\/transito.cambe.pr.gov.br\/index.php\/transito\/educacao\/#primaryimage","url":"https:\/\/www.pngarts.com\/files\/7\/Traffic-Cone-PNG-Background-Image.png","contentUrl":"https:\/\/www.pngarts.com\/files\/7\/Traffic-Cone-PNG-Background-Image.png"},{"@type":"BreadcrumbList","@id":"https:\/\/transito.cambe.pr.gov.br\/index.php\/transito\/educacao\/#breadcrumb","itemListElement":[{"@type":"ListItem","position":1,"name":"In\u00edcio","item":"https:\/\/transito.cambe.pr.gov.br\/"},{"@type":"ListItem","position":2,"name":"Tr\u00e2nsito","item":"https:\/\/transito.cambe.pr.gov.br\/index.php\/transito\/"},{"@type":"ListItem","position":3,"name":"Educa\u00e7\u00e3o de Tr\u00e2nsito"}]},{"@type":"WebSite","@id":"https:\/\/transito.cambe.pr.gov.br\/#website","url":"https:\/\/transito.cambe.pr.gov.br\/","name":"Seguran\u00e7a P\u00fablica e Tr\u00e2nsito - Camb\u00e9","description":"","publisher":{"@id":"https:\/\/transito.cambe.pr.gov.br\/#organization"},"alternateName":"SESTRAN-Camb\u00e9","potentialAction":[{"@type":"SearchAction","target":{"@type":"EntryPoint","urlTemplate":"https:\/\/transito.cambe.pr.gov.br\/?s={search_term_string}"},"query-input":{"@type":"PropertyValueSpecification","valueRequired":true,"valueName":"search_term_string"}}],"inLanguage":"pt-BR"},{"@type":"Organization","@id":"https:\/\/transito.cambe.pr.gov.br\/#organization","name":"Secretaria de Seguran\u00e7a P\u00fablica e Tr\u00e2nsito de Camb\u00e9","alternateName":"SESTRAN-Camb\u00e9","url":"https:\/\/transito.cambe.pr.gov.br\/","logo":{"@type":"ImageObject","inLanguage":"pt-BR","@id":"https:\/\/transito.cambe.pr.gov.br\/#\/schema\/logo\/image\/","url":"https:\/\/transito.cambe.pr.gov.br\/wp-content\/uploads\/2023\/08\/brasao_cambe100x100.png","contentUrl":"https:\/\/transito.cambe.pr.gov.br\/wp-content\/uploads\/2023\/08\/brasao_cambe100x100.png","width":100,"height":100,"caption":"Secretaria de Seguran\u00e7a P\u00fablica e Tr\u00e2nsito de Camb\u00e9"},"image":{"@id":"https:\/\/transito.cambe.pr.gov.br\/#\/schema\/logo\/image\/"},"sameAs":["https:\/\/www.facebook.com\/DepartamentoTransitoCambe\/"]}]}},"_links":{"self":[{"href":"https:\/\/transito.cambe.pr.gov.br\/index.php\/wp-json\/wp\/v2\/pages\/34","targetHints":{"allow":["GET"]}}],"collection":[{"href":"https:\/\/transito.cambe.pr.gov.br\/index.php\/wp-json\/wp\/v2\/pages"}],"about":[{"href":"https:\/\/transito.cambe.pr.gov.br\/index.php\/wp-json\/wp\/v2\/types\/page"}],"author":[{"embeddable":true,"href":"https:\/\/transito.cambe.pr.gov.br\/index.php\/wp-json\/wp\/v2\/users\/1"}],"replies":[{"embeddable":true,"href":"https:\/\/transito.cambe.pr.gov.br\/index.php\/wp-json\/wp\/v2\/comments?post=34"}],"version-history":[{"count":29,"href":"https:\/\/transito.cambe.pr.gov.br\/index.php\/wp-json\/wp\/v2\/pages\/34\/revisions"}],"predecessor-version":[{"id":1713,"href":"https:\/\/transito.cambe.pr.gov.br\/index.php\/wp-json\/wp\/v2\/pages\/34\/revisions\/1713"}],"up":[{"embeddable":true,"href":"https:\/\/transito.cambe.pr.gov.br\/index.php\/wp-json\/wp\/v2\/pages\/1336"}],"wp:attachment":[{"href":"https:\/\/transito.cambe.pr.gov.br\/index.php\/wp-json\/wp\/v2\/media?parent=34"}],"curies":[{"name":"wp","href":"https:\/\/api.w.org\/{rel}","templated":true}]}}