{"id":3155,"date":"2025-11-21T08:11:16","date_gmt":"2025-11-21T11:11:16","guid":{"rendered":"https:\/\/transito.cambe.pr.gov.br\/?page_id=3155"},"modified":"2025-12-02T08:33:59","modified_gmt":"2025-12-02T11:33:59","slug":"transporte-escolar-nova-pagina","status":"publish","type":"page","link":"https:\/\/transito.cambe.pr.gov.br\/index.php\/transporte-escolar-nova-pagina\/","title":{"rendered":"Transporte Escolar"},"content":{"rendered":"<p style=\"text-align: justify;\"><span style=\"font-size: 14pt; font-family: arial, helvetica, sans-serif; color: #000000;\">A regulamenta\u00e7\u00e3o municipal do transporte privado de escolares \u00e9 fundamental para garantir a seguran\u00e7a e a qualidade do servi\u00e7o prestado \u00e0s crian\u00e7as. Ao exigir requisitos para ve\u00edculos e condutores, o munic\u00edpio evita a atua\u00e7\u00e3o irregular, reduz riscos e assegura um servi\u00e7o seguro e organizado. O munic\u00edpio de Camb\u00e9 <strong>estabelece as normas e crit\u00e9rios para a opera\u00e7\u00e3o do transporte escolar por meio d<\/strong><strong>o Decreto n\u00ba 707\/2025 em vigor a partir de 1\u00b0 de janeiro de 2026,<\/strong>\u00a0trazendo mais confian\u00e7a \u00e0s fam\u00edlias e prote\u00e7\u00e3o aos estudantes.<\/span><\/p>\n<hr \/>\n<p>&nbsp;<\/p>\n<p style=\"text-align: center;\"><span style=\"font-size: 14pt; font-family: arial, helvetica, sans-serif; color: #ff0000;\"><strong>INFORMA\u00c7\u00d5ES IMPORTANTES:<\/strong><\/span><\/p>\n<p style=\"text-align: justify;\"><span style=\"font-family: arial, helvetica, sans-serif; color: #000000;\">Art. 1\u00ba Ficam estabelecidas as normas para explora\u00e7\u00e3o do\u00a0<strong>Servi\u00e7o Privado de Transporte de Escolares<\/strong> do Munic\u00edpio de Camb\u00e9, conforme disposi\u00e7\u00f5es contidas no Decreto N\u00b0 707 de 23 de outubro de 2.025.\u00a0<\/span><\/p>\n<p style=\"text-align: justify;\"><span style=\"font-family: arial, helvetica, sans-serif; color: #000000;\">Par\u00e1grafo \u00fanico. O\u00a0<strong>Servi\u00e7o Privado de Transporte de Escolares<\/strong>\u00a0ser\u00e1 explorado mediante\u00a0<strong>autoriza\u00e7\u00e3o<\/strong>\u00a0expedida pelo Munic\u00edpio de Camb\u00e9,\u00a0<strong>por interm\u00e9dio da Secretaria Municipal de Seguran\u00e7a P\u00fablica e Tr\u00e2nsito (SESTRAN).<\/strong><\/span><\/p>\n<p style=\"text-align: justify;\"><span style=\"font-family: arial, helvetica, sans-serif; color: #000000;\">Art. 4\u00ba A execu\u00e7\u00e3o do Servi\u00e7o Privado de Transporte de Escolares\u00a0<strong>fica condicionada \u00e0 outorga de\u00a0autoriza\u00e7\u00e3o\u00a0para a sua explora\u00e7\u00e3o pela SETRAN<\/strong>\u00a0ap\u00f3s a aprova\u00e7\u00e3o do ve\u00edculo em vistoria pelo Detran-PR.<\/span><\/p>\n<p style=\"text-align: justify;\"><span style=\"font-family: arial, helvetica, sans-serif; color: #000000;\">Par\u00e1grafo \u00fanico. Para cada pessoa f\u00edsica ou jur\u00eddica ser\u00e1 outorgada uma \u00fanica autoriza\u00e7\u00e3o.<\/span><\/p>\n<p style=\"text-align: justify;\"><span style=\"font-family: arial, helvetica, sans-serif; color: #000000;\">Art. 5\u00ba Poder\u00e3o ser\u00a0<strong>autorizadas<\/strong>\u00a0a explorar o\u00a0<strong>Servi\u00e7o Privado de Transporte de Escolares<\/strong>\u00a0\u00e0s pessoas f\u00edsicas ou jur\u00eddicas, que:<\/span><\/p>\n<p style=\"text-align: justify;\"><span style=\"font-family: arial, helvetica, sans-serif; color: #000000;\">I &#8211; sejam propriet\u00e1rios ou possuidores dos ve\u00edculos que atendam \u00e0s exig\u00eancias estabelecidas para a execu\u00e7\u00e3o do servi\u00e7o;<\/span><br \/>\n<span style=\"font-family: arial, helvetica, sans-serif; color: #000000;\">II &#8211; cumpram ou atendam \u00e0s exig\u00eancias constantes deste Decreto no que se refere ao condutor;<\/span><br \/>\n<span style=\"font-family: arial, helvetica, sans-serif; color: #000000;\">III &#8211; estejam inscritas no Cadastro Municipal de Contribuintes de Camb\u00e9;<\/span><br \/>\n<span style=\"font-family: arial, helvetica, sans-serif; color: #000000;\">IV &#8211; sendo pessoas jur\u00eddicas, que tenham como objetivo social a atividade de transporte de escolares.<\/span><\/p>\n<hr \/>\n<p>&nbsp;<\/p>\n<div style=\"background: linear-gradient(135deg, #2f5722, #4f7d32); border: 3px solid #d7ff45; padding: 12px 18px; margin: 20px 0; border-radius: 12px; box-shadow: 0 10px 12px rgba(0,0,0,0.1); font-family: sans-serif; color: #fff;\">\n<p style=\"margin: 0px; font-size: 14px; text-align: center;\"><span style=\"font-size: 18pt; color: #ffe32e;\"><strong style=\"font-family: arial, helvetica, sans-serif;\">PASSO A PASSO PARA A REGULARIZA\u00c7\u00c3O<\/strong><\/span><\/p>\n<p style=\"text-align: center; margin-top: 10px;\"><a style=\"display: inline-block; background: linear-gradient(135deg, #fbc02d, #fff176); color: #339966; padding: 10px 26px; font-weight: bold; border-radius: 20px; text-decoration: none; box-shadow: 0 3px 6px rgba(0,0,0,0.2); font-family: sans-serif; min-width: 130px; text-align: center; font-size: 12pt; border: none;\" href=\"https:\/\/transito.cambe.pr.gov.br\/index.php\/regularizacao-para-o-servico-privado-de-transporte-de-escolares\/\">CLIQUE AQUI<\/a><\/p>\n<\/div>\n<hr \/>\n<div style=\"background: linear-gradient(135deg, #2f5722, #4f7d32); border: 3px solid #d7ff45; padding: 12px 18px; margin: 20px 0; border-radius: 12px; box-shadow: 0 10px 12px rgba(0,0,0,0.1); font-family: sans-serif; color: #fff;\">\n<p style=\"margin: 0px; font-size: 14px; text-align: center;\"><span style=\"font-size: 18pt; color: #ffe32e;\"><strong style=\"font-family: arial, helvetica, sans-serif;\">INFORMA\u00c7\u00d5ES SOBRE DOCUMENTA\u00c7\u00c3O<\/strong><\/span><\/p>\n<p style=\"text-align: center; margin-top: 10px;\"><a style=\"display: inline-block; background: linear-gradient(135deg, #fbc02d, #fff176); color: #339966; padding: 10px 26px; font-weight: bold; border-radius: 20px; text-decoration: none; box-shadow: 0 3px 6px rgba(0,0,0,0.2); font-family: sans-serif; min-width: 130px; text-align: center; font-size: 12pt; border: none;\" href=\"https:\/\/transito.cambe.pr.gov.br\/index.php\/documentacao\/\">CLIQUE AQUI<\/a><\/p>\n<\/div>\n<hr \/>\n<div style=\"background: linear-gradient(135deg, #2f5722, #4f7d32); border: 3px solid #d7ff45; padding: 12px 18px; margin: 20px 0; border-radius: 12px; box-shadow: 0 10px 12px rgba(0,0,0,0.1); font-family: sans-serif; color: #fff;\">\n<p style=\"margin: 0px; font-size: 14px; text-align: center;\"><span style=\"font-size: 18pt; color: #ffe32e;\"><strong style=\"font-family: arial, helvetica, sans-serif;\">REGISTRO DE VE\u00cdCULO EMERGENCIAL<\/strong><\/span><\/p>\n<p style=\"text-align: center; margin-top: 10px;\"><a style=\"display: inline-block; background: linear-gradient(135deg, #fbc02d, #fff176); color: #339966; padding: 10px 26px; font-weight: bold; border-radius: 20px; text-decoration: none; box-shadow: 0 3px 6px rgba(0,0,0,0.2); font-family: sans-serif; min-width: 130px; text-align: center; font-size: 12pt; border: none;\" href=\"https:\/\/transito.cambe.pr.gov.br\/index.php\/registro-de-veiculo-emergencial\/\">CLIQUE AQUI<\/a><\/p>\n<\/div>\n<hr \/>\n<p>&nbsp;<\/p>\n","protected":false},"excerpt":{"rendered":"<p>A regulamenta\u00e7\u00e3o municipal do transporte privado de escolares \u00e9 fundamental para garantir a seguran\u00e7a e a qualidade do servi\u00e7o prestado \u00e0s crian\u00e7as. Ao exigir requisitos para ve\u00edculos e condutores, o munic\u00edpio evita a atua\u00e7\u00e3o irregular, reduz riscos e assegura um servi\u00e7o seguro e organizado. O munic\u00edpio de Camb\u00e9 estabelece as normas e crit\u00e9rios para a [&hellip;]<\/p>\n","protected":false},"author":5,"featured_media":0,"parent":0,"menu_order":0,"comment_status":"closed","ping_status":"closed","template":"","meta":{"footnotes":""},"class_list":["post-3155","page","type-page","status-publish","hentry"],"blocksy_meta":[],"yoast_head":"<!-- This site is optimized with the Yoast SEO plugin v24.4 - https:\/\/yoast.com\/wordpress\/plugins\/seo\/ -->\n<title>Transporte Escolar - Seguran\u00e7a P\u00fablica e Tr\u00e2nsito - Camb\u00e9<\/title>\n<meta name=\"robots\" content=\"index, follow, max-snippet:-1, max-image-preview:large, max-video-preview:-1\" \/>\n<link rel=\"canonical\" href=\"https:\/\/transito.cambe.pr.gov.br\/index.php\/transporte-escolar-nova-pagina\/\" \/>\n<meta property=\"og:locale\" content=\"pt_BR\" \/>\n<meta property=\"og:type\" content=\"article\" \/>\n<meta property=\"og:title\" content=\"Transporte Escolar - Seguran\u00e7a P\u00fablica e Tr\u00e2nsito - Camb\u00e9\" \/>\n<meta property=\"og:description\" content=\"A regulamenta\u00e7\u00e3o municipal do transporte privado de escolares \u00e9 fundamental para garantir a seguran\u00e7a e a qualidade do servi\u00e7o prestado \u00e0s crian\u00e7as. Ao exigir requisitos para ve\u00edculos e condutores, o munic\u00edpio evita a atua\u00e7\u00e3o irregular, reduz riscos e assegura um servi\u00e7o seguro e organizado. O munic\u00edpio de Camb\u00e9 estabelece as normas e crit\u00e9rios para a [&hellip;]\" \/>\n<meta property=\"og:url\" content=\"https:\/\/transito.cambe.pr.gov.br\/index.php\/transporte-escolar-nova-pagina\/\" \/>\n<meta property=\"og:site_name\" content=\"Seguran\u00e7a P\u00fablica e Tr\u00e2nsito - Camb\u00e9\" \/>\n<meta property=\"article:publisher\" content=\"https:\/\/www.facebook.com\/DepartamentoTransitoCambe\/\" \/>\n<meta property=\"article:modified_time\" content=\"2025-12-02T11:33:59+00:00\" \/>\n<meta property=\"og:image\" content=\"https:\/\/transito.cambe.pr.gov.br\/wp-content\/uploads\/2023\/08\/brasao_cambe100x100.png\" \/>\n\t<meta property=\"og:image:width\" content=\"100\" \/>\n\t<meta property=\"og:image:height\" content=\"100\" \/>\n\t<meta property=\"og:image:type\" content=\"image\/png\" \/>\n<meta name=\"twitter:card\" content=\"summary_large_image\" \/>\n<meta name=\"twitter:label1\" content=\"Est. tempo de leitura\" \/>\n\t<meta name=\"twitter:data1\" content=\"2 minutos\" \/>\n<script type=\"application\/ld+json\" class=\"yoast-schema-graph\">{\"@context\":\"https:\/\/schema.org\",\"@graph\":[{\"@type\":\"WebPage\",\"@id\":\"https:\/\/transito.cambe.pr.gov.br\/index.php\/transporte-escolar-nova-pagina\/\",\"url\":\"https:\/\/transito.cambe.pr.gov.br\/index.php\/transporte-escolar-nova-pagina\/\",\"name\":\"Transporte Escolar - Seguran\u00e7a P\u00fablica e Tr\u00e2nsito - Camb\u00e9\",\"isPartOf\":{\"@id\":\"https:\/\/transito.cambe.pr.gov.br\/#website\"},\"datePublished\":\"2025-11-21T11:11:16+00:00\",\"dateModified\":\"2025-12-02T11:33:59+00:00\",\"breadcrumb\":{\"@id\":\"https:\/\/transito.cambe.pr.gov.br\/index.php\/transporte-escolar-nova-pagina\/#breadcrumb\"},\"inLanguage\":\"pt-BR\",\"potentialAction\":[{\"@type\":\"ReadAction\",\"target\":[\"https:\/\/transito.cambe.pr.gov.br\/index.php\/transporte-escolar-nova-pagina\/\"]}]},{\"@type\":\"BreadcrumbList\",\"@id\":\"https:\/\/transito.cambe.pr.gov.br\/index.php\/transporte-escolar-nova-pagina\/#breadcrumb\",\"itemListElement\":[{\"@type\":\"ListItem\",\"position\":1,\"name\":\"In\u00edcio\",\"item\":\"https:\/\/transito.cambe.pr.gov.br\/\"},{\"@type\":\"ListItem\",\"position\":2,\"name\":\"Transporte Escolar\"}]},{\"@type\":\"WebSite\",\"@id\":\"https:\/\/transito.cambe.pr.gov.br\/#website\",\"url\":\"https:\/\/transito.cambe.pr.gov.br\/\",\"name\":\"Seguran\u00e7a P\u00fablica e Tr\u00e2nsito - Camb\u00e9\",\"description\":\"\",\"publisher\":{\"@id\":\"https:\/\/transito.cambe.pr.gov.br\/#organization\"},\"alternateName\":\"SESTRAN-Camb\u00e9\",\"potentialAction\":[{\"@type\":\"SearchAction\",\"target\":{\"@type\":\"EntryPoint\",\"urlTemplate\":\"https:\/\/transito.cambe.pr.gov.br\/?s={search_term_string}\"},\"query-input\":{\"@type\":\"PropertyValueSpecification\",\"valueRequired\":true,\"valueName\":\"search_term_string\"}}],\"inLanguage\":\"pt-BR\"},{\"@type\":\"Organization\",\"@id\":\"https:\/\/transito.cambe.pr.gov.br\/#organization\",\"name\":\"Secretaria de Seguran\u00e7a P\u00fablica e Tr\u00e2nsito de Camb\u00e9\",\"alternateName\":\"SESTRAN-Camb\u00e9\",\"url\":\"https:\/\/transito.cambe.pr.gov.br\/\",\"logo\":{\"@type\":\"ImageObject\",\"inLanguage\":\"pt-BR\",\"@id\":\"https:\/\/transito.cambe.pr.gov.br\/#\/schema\/logo\/image\/\",\"url\":\"https:\/\/transito.cambe.pr.gov.br\/wp-content\/uploads\/2023\/08\/brasao_cambe100x100.png\",\"contentUrl\":\"https:\/\/transito.cambe.pr.gov.br\/wp-content\/uploads\/2023\/08\/brasao_cambe100x100.png\",\"width\":100,\"height\":100,\"caption\":\"Secretaria de Seguran\u00e7a P\u00fablica e Tr\u00e2nsito de Camb\u00e9\"},\"image\":{\"@id\":\"https:\/\/transito.cambe.pr.gov.br\/#\/schema\/logo\/image\/\"},\"sameAs\":[\"https:\/\/www.facebook.com\/DepartamentoTransitoCambe\/\"]}]}<\/script>\n<!-- \/ Yoast SEO plugin. -->","yoast_head_json":{"title":"Transporte Escolar - Seguran\u00e7a P\u00fablica e Tr\u00e2nsito - Camb\u00e9","robots":{"index":"index","follow":"follow","max-snippet":"max-snippet:-1","max-image-preview":"max-image-preview:large","max-video-preview":"max-video-preview:-1"},"canonical":"https:\/\/transito.cambe.pr.gov.br\/index.php\/transporte-escolar-nova-pagina\/","og_locale":"pt_BR","og_type":"article","og_title":"Transporte Escolar - Seguran\u00e7a P\u00fablica e Tr\u00e2nsito - Camb\u00e9","og_description":"A regulamenta\u00e7\u00e3o municipal do transporte privado de escolares \u00e9 fundamental para garantir a seguran\u00e7a e a qualidade do servi\u00e7o prestado \u00e0s crian\u00e7as. Ao exigir requisitos para ve\u00edculos e condutores, o munic\u00edpio evita a atua\u00e7\u00e3o irregular, reduz riscos e assegura um servi\u00e7o seguro e organizado. O munic\u00edpio de Camb\u00e9 estabelece as normas e crit\u00e9rios para a [&hellip;]","og_url":"https:\/\/transito.cambe.pr.gov.br\/index.php\/transporte-escolar-nova-pagina\/","og_site_name":"Seguran\u00e7a P\u00fablica e Tr\u00e2nsito - Camb\u00e9","article_publisher":"https:\/\/www.facebook.com\/DepartamentoTransitoCambe\/","article_modified_time":"2025-12-02T11:33:59+00:00","og_image":[{"width":100,"height":100,"url":"https:\/\/transito.cambe.pr.gov.br\/wp-content\/uploads\/2023\/08\/brasao_cambe100x100.png","type":"image\/png"}],"twitter_card":"summary_large_image","twitter_misc":{"Est. tempo de leitura":"2 minutos"},"schema":{"@context":"https:\/\/schema.org","@graph":[{"@type":"WebPage","@id":"https:\/\/transito.cambe.pr.gov.br\/index.php\/transporte-escolar-nova-pagina\/","url":"https:\/\/transito.cambe.pr.gov.br\/index.php\/transporte-escolar-nova-pagina\/","name":"Transporte Escolar - Seguran\u00e7a P\u00fablica e Tr\u00e2nsito - Camb\u00e9","isPartOf":{"@id":"https:\/\/transito.cambe.pr.gov.br\/#website"},"datePublished":"2025-11-21T11:11:16+00:00","dateModified":"2025-12-02T11:33:59+00:00","breadcrumb":{"@id":"https:\/\/transito.cambe.pr.gov.br\/index.php\/transporte-escolar-nova-pagina\/#breadcrumb"},"inLanguage":"pt-BR","potentialAction":[{"@type":"ReadAction","target":["https:\/\/transito.cambe.pr.gov.br\/index.php\/transporte-escolar-nova-pagina\/"]}]},{"@type":"BreadcrumbList","@id":"https:\/\/transito.cambe.pr.gov.br\/index.php\/transporte-escolar-nova-pagina\/#breadcrumb","itemListElement":[{"@type":"ListItem","position":1,"name":"In\u00edcio","item":"https:\/\/transito.cambe.pr.gov.br\/"},{"@type":"ListItem","position":2,"name":"Transporte Escolar"}]},{"@type":"WebSite","@id":"https:\/\/transito.cambe.pr.gov.br\/#website","url":"https:\/\/transito.cambe.pr.gov.br\/","name":"Seguran\u00e7a P\u00fablica e Tr\u00e2nsito - Camb\u00e9","description":"","publisher":{"@id":"https:\/\/transito.cambe.pr.gov.br\/#organization"},"alternateName":"SESTRAN-Camb\u00e9","potentialAction":[{"@type":"SearchAction","target":{"@type":"EntryPoint","urlTemplate":"https:\/\/transito.cambe.pr.gov.br\/?s={search_term_string}"},"query-input":{"@type":"PropertyValueSpecification","valueRequired":true,"valueName":"search_term_string"}}],"inLanguage":"pt-BR"},{"@type":"Organization","@id":"https:\/\/transito.cambe.pr.gov.br\/#organization","name":"Secretaria de Seguran\u00e7a P\u00fablica e Tr\u00e2nsito de Camb\u00e9","alternateName":"SESTRAN-Camb\u00e9","url":"https:\/\/transito.cambe.pr.gov.br\/","logo":{"@type":"ImageObject","inLanguage":"pt-BR","@id":"https:\/\/transito.cambe.pr.gov.br\/#\/schema\/logo\/image\/","url":"https:\/\/transito.cambe.pr.gov.br\/wp-content\/uploads\/2023\/08\/brasao_cambe100x100.png","contentUrl":"https:\/\/transito.cambe.pr.gov.br\/wp-content\/uploads\/2023\/08\/brasao_cambe100x100.png","width":100,"height":100,"caption":"Secretaria de Seguran\u00e7a P\u00fablica e Tr\u00e2nsito de Camb\u00e9"},"image":{"@id":"https:\/\/transito.cambe.pr.gov.br\/#\/schema\/logo\/image\/"},"sameAs":["https:\/\/www.facebook.com\/DepartamentoTransitoCambe\/"]}]}},"_links":{"self":[{"href":"https:\/\/transito.cambe.pr.gov.br\/index.php\/wp-json\/wp\/v2\/pages\/3155","targetHints":{"allow":["GET"]}}],"collection":[{"href":"https:\/\/transito.cambe.pr.gov.br\/index.php\/wp-json\/wp\/v2\/pages"}],"about":[{"href":"https:\/\/transito.cambe.pr.gov.br\/index.php\/wp-json\/wp\/v2\/types\/page"}],"author":[{"embeddable":true,"href":"https:\/\/transito.cambe.pr.gov.br\/index.php\/wp-json\/wp\/v2\/users\/5"}],"replies":[{"embeddable":true,"href":"https:\/\/transito.cambe.pr.gov.br\/index.php\/wp-json\/wp\/v2\/comments?post=3155"}],"version-history":[{"count":39,"href":"https:\/\/transito.cambe.pr.gov.br\/index.php\/wp-json\/wp\/v2\/pages\/3155\/revisions"}],"predecessor-version":[{"id":3242,"href":"https:\/\/transito.cambe.pr.gov.br\/index.php\/wp-json\/wp\/v2\/pages\/3155\/revisions\/3242"}],"wp:attachment":[{"href":"https:\/\/transito.cambe.pr.gov.br\/index.php\/wp-json\/wp\/v2\/media?parent=3155"}],"curies":[{"name":"wp","href":"https:\/\/api.w.org\/{rel}","templated":true}]}}