{"id":28,"date":"2023-08-15T13:46:49","date_gmt":"2023-08-15T16:46:49","guid":{"rendered":"http:\/\/transito.cambe.pr.gov.br\/?page_id=28"},"modified":"2025-05-26T10:04:05","modified_gmt":"2025-05-26T13:04:05","slug":"viario","status":"publish","type":"page","link":"https:\/\/transito.cambe.pr.gov.br\/index.php\/viario\/","title":{"rendered":"Melhorias Vi\u00e1rias"},"content":{"rendered":"<p style=\"text-align: justify;\"><span style=\"color: #000000; font-family: arial, helvetica, sans-serif;\">Estamos empenhados em promover a seguran\u00e7a, efici\u00eancia e qualidade das vias em nossa comunidade, tornando as estradas mais seguras e os deslocamentos mais fluidos para todos os cidad\u00e3os.<\/span><\/p>\n<ol style=\"text-align: justify;\">\n<li><span style=\"color: #000000; font-family: arial, helvetica, sans-serif;\"><strong>Requalifica\u00e7\u00e3o de Interse\u00e7\u00f5es Cr\u00edticas:<\/strong> Identifica\u00e7\u00e3o das interse\u00e7\u00f5es mais congestionadas e perigosas do munic\u00edpio para projetos que melhorarem o fluxo de tr\u00e1fego e a seguran\u00e7a nessas \u00e1reas.<\/span><br \/>\n<hr \/>\n<\/li>\n<li><span style=\"color: #000000; font-family: arial, helvetica, sans-serif;\"><strong>Proposta de Malha Ciclovi\u00e1ria:<\/strong> Estamos pensando a rede de ciclovias e ciclofaixas para incentivar o uso de bicicletas como meio de transporte sustent\u00e1vel.<\/span><br \/>\n<hr \/>\n<\/li>\n<li><span style=\"color: #000000; font-family: arial, helvetica, sans-serif;\"><span style=\"color: #000000; font-family: arial, helvetica, sans-serif;\"><strong>Moderniza\u00e7\u00e3o da Sinaliza\u00e7\u00e3o:<\/strong> Implementaremos uma sinaliza\u00e7\u00e3o mais clara e vis\u00edvel, incluindo sinaliza\u00e7\u00e3o digital, para melhorar a orienta\u00e7\u00e3o dos motoristas e reduzir a incid\u00eancia de infra\u00e7\u00f5es.<\/span><\/span><br \/>\n<hr \/>\n<\/li>\n<\/ol>\n<div style=\"background: linear-gradient(135deg, #1b5e20, #66bb6a); border: 3px solid #1b5e20; padding: 12px 18px; margin: 20px 0; border-radius: 12px; box-shadow: 0 4px 12px rgba(0,0,0,0.1); font-family: sans-serif; color: #fff;\">\n<p style=\"margin: 0px; font-size: 14px; text-align: center;\"><span style=\"font-size: 18pt;\"><strong style=\"font-family: arial, helvetica, sans-serif;\">SOLICITA\u00c7\u00d5ES<\/strong><\/span><\/p>\n<p style=\"text-align: center; margin-top: 10px;\"><a style=\"display: inline-block; background: linear-gradient(135deg, #fbc02d, #fff176); color: #339966; padding: 10px 26px; font-weight: bold; border-radius: 6px; text-decoration: none; box-shadow: rgba(0, 0, 0, 0.2) 0px 3px 6px; font-family: sans-serif; margin-right: 12px; min-width: 130px; text-align: center; font-size: 12pt; border: none;\" href=\"https:\/\/transito.cambe.pr.gov.br\/index.php\/viario\/solicitacoes\/solicitacao-de-melhoria-viaria\/\">MELHORIAS VI\u00c1RIAS<\/a><a style=\"display: inline-block; background: linear-gradient(135deg, #fbc02d, #fff176); color: #339966; padding: 10px 26px; font-weight: bold; border-radius: 6px; text-decoration: none; box-shadow: 0 3px 6px rgba(0,0,0,0.2); font-family: sans-serif; min-width: 130px; text-align: center; font-size: 12pt; border: none;\" href=\"https:\/\/transito.cambe.pr.br\/index.php\/viario\/solicitacoes\/quebra-molas\/\">QUEBRA MOLAS<\/a><\/p>\n<\/div>\n","protected":false},"excerpt":{"rendered":"<p>Estamos empenhados em promover a seguran\u00e7a, efici\u00eancia e qualidade das vias em nossa comunidade, tornando as estradas mais seguras e os deslocamentos mais fluidos para todos os cidad\u00e3os. Requalifica\u00e7\u00e3o de Interse\u00e7\u00f5es Cr\u00edticas: Identifica\u00e7\u00e3o das interse\u00e7\u00f5es mais congestionadas e perigosas do munic\u00edpio para projetos que melhorarem o fluxo de tr\u00e1fego e a seguran\u00e7a nessas \u00e1reas. Proposta [&hellip;]<\/p>\n","protected":false},"author":1,"featured_media":0,"parent":0,"menu_order":0,"comment_status":"closed","ping_status":"closed","template":"","meta":{"footnotes":""},"class_list":["post-28","page","type-page","status-publish","hentry"],"blocksy_meta":[],"yoast_head":"<!-- This site is optimized with the Yoast SEO plugin v24.4 - https:\/\/yoast.com\/wordpress\/plugins\/seo\/ -->\n<title>Melhorias Vi\u00e1rias - Seguran\u00e7a P\u00fablica e Tr\u00e2nsito - Camb\u00e9<\/title>\n<meta name=\"robots\" content=\"index, follow, max-snippet:-1, max-image-preview:large, max-video-preview:-1\" \/>\n<link rel=\"canonical\" href=\"https:\/\/transito.cambe.pr.gov.br\/index.php\/viario\/\" \/>\n<meta property=\"og:locale\" content=\"pt_BR\" \/>\n<meta property=\"og:type\" content=\"article\" \/>\n<meta property=\"og:title\" content=\"Melhorias Vi\u00e1rias - Seguran\u00e7a P\u00fablica e Tr\u00e2nsito - Camb\u00e9\" \/>\n<meta property=\"og:description\" content=\"Estamos empenhados em promover a seguran\u00e7a, efici\u00eancia e qualidade das vias em nossa comunidade, tornando as estradas mais seguras e os deslocamentos mais fluidos para todos os cidad\u00e3os. Requalifica\u00e7\u00e3o de Interse\u00e7\u00f5es Cr\u00edticas: Identifica\u00e7\u00e3o das interse\u00e7\u00f5es mais congestionadas e perigosas do munic\u00edpio para projetos que melhorarem o fluxo de tr\u00e1fego e a seguran\u00e7a nessas \u00e1reas. Proposta [&hellip;]\" \/>\n<meta property=\"og:url\" content=\"https:\/\/transito.cambe.pr.gov.br\/index.php\/viario\/\" \/>\n<meta property=\"og:site_name\" content=\"Seguran\u00e7a P\u00fablica e Tr\u00e2nsito - Camb\u00e9\" \/>\n<meta property=\"article:publisher\" content=\"https:\/\/www.facebook.com\/DepartamentoTransitoCambe\/\" \/>\n<meta property=\"article:modified_time\" content=\"2025-05-26T13:04:05+00:00\" \/>\n<meta property=\"og:image\" content=\"https:\/\/transito.cambe.pr.gov.br\/wp-content\/uploads\/2023\/08\/brasao_cambe100x100.png\" \/>\n\t<meta property=\"og:image:width\" content=\"100\" \/>\n\t<meta property=\"og:image:height\" content=\"100\" \/>\n\t<meta property=\"og:image:type\" content=\"image\/png\" \/>\n<meta name=\"twitter:card\" content=\"summary_large_image\" \/>\n<meta name=\"twitter:label1\" content=\"Est. tempo de leitura\" \/>\n\t<meta name=\"twitter:data1\" content=\"1 minuto\" \/>\n<script type=\"application\/ld+json\" class=\"yoast-schema-graph\">{\"@context\":\"https:\/\/schema.org\",\"@graph\":[{\"@type\":\"WebPage\",\"@id\":\"https:\/\/transito.cambe.pr.gov.br\/index.php\/viario\/\",\"url\":\"https:\/\/transito.cambe.pr.gov.br\/index.php\/viario\/\",\"name\":\"Melhorias Vi\u00e1rias - Seguran\u00e7a P\u00fablica e Tr\u00e2nsito - Camb\u00e9\",\"isPartOf\":{\"@id\":\"https:\/\/transito.cambe.pr.gov.br\/#website\"},\"datePublished\":\"2023-08-15T16:46:49+00:00\",\"dateModified\":\"2025-05-26T13:04:05+00:00\",\"breadcrumb\":{\"@id\":\"https:\/\/transito.cambe.pr.gov.br\/index.php\/viario\/#breadcrumb\"},\"inLanguage\":\"pt-BR\",\"potentialAction\":[{\"@type\":\"ReadAction\",\"target\":[\"https:\/\/transito.cambe.pr.gov.br\/index.php\/viario\/\"]}]},{\"@type\":\"BreadcrumbList\",\"@id\":\"https:\/\/transito.cambe.pr.gov.br\/index.php\/viario\/#breadcrumb\",\"itemListElement\":[{\"@type\":\"ListItem\",\"position\":1,\"name\":\"In\u00edcio\",\"item\":\"https:\/\/transito.cambe.pr.gov.br\/\"},{\"@type\":\"ListItem\",\"position\":2,\"name\":\"Melhorias Vi\u00e1rias\"}]},{\"@type\":\"WebSite\",\"@id\":\"https:\/\/transito.cambe.pr.gov.br\/#website\",\"url\":\"https:\/\/transito.cambe.pr.gov.br\/\",\"name\":\"Seguran\u00e7a P\u00fablica e Tr\u00e2nsito - Camb\u00e9\",\"description\":\"\",\"publisher\":{\"@id\":\"https:\/\/transito.cambe.pr.gov.br\/#organization\"},\"alternateName\":\"SESTRAN-Camb\u00e9\",\"potentialAction\":[{\"@type\":\"SearchAction\",\"target\":{\"@type\":\"EntryPoint\",\"urlTemplate\":\"https:\/\/transito.cambe.pr.gov.br\/?s={search_term_string}\"},\"query-input\":{\"@type\":\"PropertyValueSpecification\",\"valueRequired\":true,\"valueName\":\"search_term_string\"}}],\"inLanguage\":\"pt-BR\"},{\"@type\":\"Organization\",\"@id\":\"https:\/\/transito.cambe.pr.gov.br\/#organization\",\"name\":\"Secretaria de Seguran\u00e7a P\u00fablica e Tr\u00e2nsito de Camb\u00e9\",\"alternateName\":\"SESTRAN-Camb\u00e9\",\"url\":\"https:\/\/transito.cambe.pr.gov.br\/\",\"logo\":{\"@type\":\"ImageObject\",\"inLanguage\":\"pt-BR\",\"@id\":\"https:\/\/transito.cambe.pr.gov.br\/#\/schema\/logo\/image\/\",\"url\":\"https:\/\/transito.cambe.pr.gov.br\/wp-content\/uploads\/2023\/08\/brasao_cambe100x100.png\",\"contentUrl\":\"https:\/\/transito.cambe.pr.gov.br\/wp-content\/uploads\/2023\/08\/brasao_cambe100x100.png\",\"width\":100,\"height\":100,\"caption\":\"Secretaria de Seguran\u00e7a P\u00fablica e Tr\u00e2nsito de Camb\u00e9\"},\"image\":{\"@id\":\"https:\/\/transito.cambe.pr.gov.br\/#\/schema\/logo\/image\/\"},\"sameAs\":[\"https:\/\/www.facebook.com\/DepartamentoTransitoCambe\/\"]}]}<\/script>\n<!-- \/ Yoast SEO plugin. -->","yoast_head_json":{"title":"Melhorias Vi\u00e1rias - Seguran\u00e7a P\u00fablica e Tr\u00e2nsito - Camb\u00e9","robots":{"index":"index","follow":"follow","max-snippet":"max-snippet:-1","max-image-preview":"max-image-preview:large","max-video-preview":"max-video-preview:-1"},"canonical":"https:\/\/transito.cambe.pr.gov.br\/index.php\/viario\/","og_locale":"pt_BR","og_type":"article","og_title":"Melhorias Vi\u00e1rias - Seguran\u00e7a P\u00fablica e Tr\u00e2nsito - Camb\u00e9","og_description":"Estamos empenhados em promover a seguran\u00e7a, efici\u00eancia e qualidade das vias em nossa comunidade, tornando as estradas mais seguras e os deslocamentos mais fluidos para todos os cidad\u00e3os. Requalifica\u00e7\u00e3o de Interse\u00e7\u00f5es Cr\u00edticas: Identifica\u00e7\u00e3o das interse\u00e7\u00f5es mais congestionadas e perigosas do munic\u00edpio para projetos que melhorarem o fluxo de tr\u00e1fego e a seguran\u00e7a nessas \u00e1reas. Proposta [&hellip;]","og_url":"https:\/\/transito.cambe.pr.gov.br\/index.php\/viario\/","og_site_name":"Seguran\u00e7a P\u00fablica e Tr\u00e2nsito - Camb\u00e9","article_publisher":"https:\/\/www.facebook.com\/DepartamentoTransitoCambe\/","article_modified_time":"2025-05-26T13:04:05+00:00","og_image":[{"width":100,"height":100,"url":"https:\/\/transito.cambe.pr.gov.br\/wp-content\/uploads\/2023\/08\/brasao_cambe100x100.png","type":"image\/png"}],"twitter_card":"summary_large_image","twitter_misc":{"Est. tempo de leitura":"1 minuto"},"schema":{"@context":"https:\/\/schema.org","@graph":[{"@type":"WebPage","@id":"https:\/\/transito.cambe.pr.gov.br\/index.php\/viario\/","url":"https:\/\/transito.cambe.pr.gov.br\/index.php\/viario\/","name":"Melhorias Vi\u00e1rias - Seguran\u00e7a P\u00fablica e Tr\u00e2nsito - Camb\u00e9","isPartOf":{"@id":"https:\/\/transito.cambe.pr.gov.br\/#website"},"datePublished":"2023-08-15T16:46:49+00:00","dateModified":"2025-05-26T13:04:05+00:00","breadcrumb":{"@id":"https:\/\/transito.cambe.pr.gov.br\/index.php\/viario\/#breadcrumb"},"inLanguage":"pt-BR","potentialAction":[{"@type":"ReadAction","target":["https:\/\/transito.cambe.pr.gov.br\/index.php\/viario\/"]}]},{"@type":"BreadcrumbList","@id":"https:\/\/transito.cambe.pr.gov.br\/index.php\/viario\/#breadcrumb","itemListElement":[{"@type":"ListItem","position":1,"name":"In\u00edcio","item":"https:\/\/transito.cambe.pr.gov.br\/"},{"@type":"ListItem","position":2,"name":"Melhorias Vi\u00e1rias"}]},{"@type":"WebSite","@id":"https:\/\/transito.cambe.pr.gov.br\/#website","url":"https:\/\/transito.cambe.pr.gov.br\/","name":"Seguran\u00e7a P\u00fablica e Tr\u00e2nsito - Camb\u00e9","description":"","publisher":{"@id":"https:\/\/transito.cambe.pr.gov.br\/#organization"},"alternateName":"SESTRAN-Camb\u00e9","potentialAction":[{"@type":"SearchAction","target":{"@type":"EntryPoint","urlTemplate":"https:\/\/transito.cambe.pr.gov.br\/?s={search_term_string}"},"query-input":{"@type":"PropertyValueSpecification","valueRequired":true,"valueName":"search_term_string"}}],"inLanguage":"pt-BR"},{"@type":"Organization","@id":"https:\/\/transito.cambe.pr.gov.br\/#organization","name":"Secretaria de Seguran\u00e7a P\u00fablica e Tr\u00e2nsito de Camb\u00e9","alternateName":"SESTRAN-Camb\u00e9","url":"https:\/\/transito.cambe.pr.gov.br\/","logo":{"@type":"ImageObject","inLanguage":"pt-BR","@id":"https:\/\/transito.cambe.pr.gov.br\/#\/schema\/logo\/image\/","url":"https:\/\/transito.cambe.pr.gov.br\/wp-content\/uploads\/2023\/08\/brasao_cambe100x100.png","contentUrl":"https:\/\/transito.cambe.pr.gov.br\/wp-content\/uploads\/2023\/08\/brasao_cambe100x100.png","width":100,"height":100,"caption":"Secretaria de Seguran\u00e7a P\u00fablica e Tr\u00e2nsito de Camb\u00e9"},"image":{"@id":"https:\/\/transito.cambe.pr.gov.br\/#\/schema\/logo\/image\/"},"sameAs":["https:\/\/www.facebook.com\/DepartamentoTransitoCambe\/"]}]}},"_links":{"self":[{"href":"https:\/\/transito.cambe.pr.gov.br\/index.php\/wp-json\/wp\/v2\/pages\/28","targetHints":{"allow":["GET"]}}],"collection":[{"href":"https:\/\/transito.cambe.pr.gov.br\/index.php\/wp-json\/wp\/v2\/pages"}],"about":[{"href":"https:\/\/transito.cambe.pr.gov.br\/index.php\/wp-json\/wp\/v2\/types\/page"}],"author":[{"embeddable":true,"href":"https:\/\/transito.cambe.pr.gov.br\/index.php\/wp-json\/wp\/v2\/users\/1"}],"replies":[{"embeddable":true,"href":"https:\/\/transito.cambe.pr.gov.br\/index.php\/wp-json\/wp\/v2\/comments?post=28"}],"version-history":[{"count":13,"href":"https:\/\/transito.cambe.pr.gov.br\/index.php\/wp-json\/wp\/v2\/pages\/28\/revisions"}],"predecessor-version":[{"id":1694,"href":"https:\/\/transito.cambe.pr.gov.br\/index.php\/wp-json\/wp\/v2\/pages\/28\/revisions\/1694"}],"wp:attachment":[{"href":"https:\/\/transito.cambe.pr.gov.br\/index.php\/wp-json\/wp\/v2\/media?parent=28"}],"curies":[{"name":"wp","href":"https:\/\/api.w.org\/{rel}","templated":true}]}}