{"id":2458,"date":"2025-10-16T11:08:21","date_gmt":"2025-10-16T14:08:21","guid":{"rendered":"https:\/\/transito.cambe.pr.gov.br\/?page_id=2458"},"modified":"2025-10-20T11:55:21","modified_gmt":"2025-10-20T14:55:21","slug":"mudanca","status":"publish","type":"page","link":"https:\/\/transito.cambe.pr.gov.br\/index.php\/mudanca\/","title":{"rendered":"Uso da Via para Mudan\u00e7as"},"content":{"rendered":"<h2><\/h2>\n<h2 style=\"margin-bottom: 1rem; text-align: center;\"><span style=\"color: #ff0000;\"><strong><span style=\"font-family: arial, helvetica, sans-serif;\">IMPORTANTE:<\/span><\/strong><\/span><\/h2>\n<hr \/>\n<p style=\"text-align: center;\"><span style=\"font-family: arial, helvetica, sans-serif; color: #800000;\">SOMENTE O TEMPO ESTRITAMENTE NECESS\u00c1RIO PARA A REALIZA\u00c7\u00c3O DA OPERA\u00c7\u00c3O;<\/span><\/p>\n<hr \/>\n<p style=\"text-align: center;\"><span style=\"font-family: arial, helvetica, sans-serif; color: #800000;\"><span style=\"font-family: arial, helvetica, sans-serif;\">O CONDUTOR DEVER\u00c1 FICAR PR\u00d3XIMO AO VE\u00cdCULO DURANTE A OPERA\u00c7\u00c3O;<\/span><\/span><\/p>\n<hr \/>\n<p style=\"text-align: center;\"><span style=\"font-family: arial, helvetica, sans-serif; color: #800000;\">OBRIGAT\u00d3RIO SINALIZAR A VIA COM CONES DE 5 A 10 METROS ANTES DA INTERDI\u00c7\u00c3O.<\/span><\/p>\n<hr \/>\n<p>&nbsp;<\/p>\n<table style=\"width: 100%; border-collapse: collapse; background-color: #fcf09f;\">\n<tbody>\n<tr>\n<td style=\"width: 100%;\">\n<h4 style=\"text-align: center;\"><span style=\"font-family: arial, helvetica, sans-serif; color: #008000;\"><strong>FORMUL\u00c1RIO<\/strong><\/span><\/h4>\n<p><div class=\"forminator-ui forminator-custom-form forminator-custom-form-2457 forminator-design--default  forminator_ajax\" data-forminator-render=\"0\" data-form=\"forminator-module-2457\" data-uid=\"69ff38d04b5f3\"><br\/><\/div><form\n\t\t\t\tid=\"forminator-module-2457\"\n\t\t\t\tclass=\"forminator-ui forminator-custom-form forminator-custom-form-2457 forminator-design--default  forminator_ajax\"\n\t\t\t\tmethod=\"post\"\n\t\t\t\tdata-forminator-render=\"0\"\n\t\t\t\tdata-form-id=\"2457\"\n\t\t\t\t\n\t\t\t\tdata-design=\"default\"\n\t\t\t\t\n\t\t\t\t\n\t\t\t\t\n\t\t\t\tdata-grid=\"open\"\n\t\t\t\t\n\t\t\t\t\n\t\t\t\tstyle=\"display: none;\"\n\t\t\t\t\n\t\t\t\tdata-uid=\"69ff38d04b5f3\"\n\t\t\t><div role=\"alert\" aria-live=\"polite\" class=\"forminator-response-message forminator-error\" aria-hidden=\"true\"><\/div><div class=\"forminator-row\"><div id=\"name-2\" class=\"forminator-field-name forminator-col forminator-col-6 \"><div class=\"forminator-field\"><label for=\"forminator-field-name-2_69ff38d04b5f3\" id=\"forminator-field-name-2_69ff38d04b5f3-label\" class=\"forminator-label\">Nome completo do solicitante <span class=\"forminator-required\">*<\/span><\/label><input type=\"text\" name=\"name-2\" value=\"\" placeholder=\"\" id=\"forminator-field-name-2_69ff38d04b5f3\" class=\"forminator-input forminator-name--field\" aria-required=\"true\" \/><\/div><\/div><div id=\"name-4\" class=\"forminator-field-name forminator-col forminator-col-6 \"><div class=\"forminator-field\"><label for=\"forminator-field-name-4_69ff38d04b5f3\" id=\"forminator-field-name-4_69ff38d04b5f3-label\" class=\"forminator-label\">Identifica\u00e7\u00e3o do ve\u00edculo estacionado (Placa) <span class=\"forminator-required\">*<\/span><\/label><input type=\"text\" name=\"name-4\" value=\"\" placeholder=\"\" id=\"forminator-field-name-4_69ff38d04b5f3\" class=\"forminator-input forminator-name--field\" aria-required=\"true\" aria-describedby=\"forminator-field-name-4_69ff38d04b5f3-description\" \/><span id=\"forminator-field-name-4_69ff38d04b5f3-description\" class=\"forminator-description\">Descreva exatamente a placa do ve\u00edculo a ser estacionado.<\/span><\/div><\/div><\/div><div class=\"forminator-row\"><div id=\"name-3\" class=\"forminator-field-name forminator-col forminator-col-12 \"><div class=\"forminator-field\"><label for=\"forminator-field-name-3_69ff38d04b5f3\" id=\"forminator-field-name-3_69ff38d04b5f3-label\" class=\"forminator-label\">Ve\u00edculo <span class=\"forminator-required\">*<\/span><\/label><input type=\"text\" name=\"name-3\" value=\"\" placeholder=\"\" id=\"forminator-field-name-3_69ff38d04b5f3\" class=\"forminator-input forminator-name--field\" aria-required=\"true\" aria-describedby=\"forminator-field-name-3_69ff38d04b5f3-description\" \/><span id=\"forminator-field-name-3_69ff38d04b5f3-description\" class=\"forminator-description\">(marca\/modelo\/cor)<\/span><\/div><\/div><\/div><div class=\"forminator-row\"><div id=\"phone-1\" class=\"forminator-field-phone forminator-col forminator-col-6 \"><div class=\"forminator-field\"><label for=\"forminator-field-phone-1_69ff38d04b5f3\" id=\"forminator-field-phone-1_69ff38d04b5f3-label\" class=\"forminator-label\">Telefone do respons\u00e1vel (com DDD) <span class=\"forminator-required\">*<\/span><\/label><input type=\"text\" name=\"phone-1\" value=\"\" placeholder=\"\" id=\"forminator-field-phone-1_69ff38d04b5f3\" class=\"forminator-input forminator-field--phone\" data-required=\"1\" aria-required=\"true\" autocomplete=\"off\" \/><\/div><\/div><div id=\"email-1\" class=\"forminator-field-email forminator-col forminator-col-6 \"><div class=\"forminator-field\"><label for=\"forminator-field-email-1_69ff38d04b5f3\" id=\"forminator-field-email-1_69ff38d04b5f3-label\" class=\"forminator-label\">Endere\u00e7o de E-mail <span class=\"forminator-required\">*<\/span><\/label><input type=\"email\" name=\"email-1\" value=\"\" placeholder=\"\" id=\"forminator-field-email-1_69ff38d04b5f3\" class=\"forminator-input forminator-email--field\" data-required=\"1\" aria-required=\"true\" \/><\/div><\/div><\/div><div class=\"forminator-row\"><div id=\"address-1\" class=\"forminator-field-address forminator-col forminator-col-12 \"><div class=\"forminator-row\"><div id=\"address-1-street_address\" class=\"forminator-col\"><div class=\"forminator-field\"><label for=\"forminator-field-address-1-street_address_69ff38d04b5f3\" id=\"forminator-field-address-1-street_address_69ff38d04b5f3-label\" class=\"forminator-label\">Endere\u00e7o e N\u00famero do local do estacionamento <span class=\"forminator-required\">*<\/span><\/label><input type=\"text\" name=\"address-1-street_address\" placeholder=\"\" id=\"forminator-field-address-1-street_address_69ff38d04b5f3\" class=\"forminator-input\" data-required=\"1\" aria-required=\"true\" value=\"\" aria-describedby=\"forminator-field-address-1-street_address_69ff38d04b5f3-description\" \/><span id=\"forminator-field-address-1-street_address_69ff38d04b5f3-description\" class=\"forminator-description\">Seja o mais espec\u00edfico poss\u00edvel. Caso haja falta de informa\u00e7\u00e3o, o pedido poder\u00e1 ser indeferido. Por exemplo: o ve\u00edculo ficar\u00e1 estacionado na rua x em frente ao n\u00famero y.<\/span><\/div><\/div><\/div><\/div><\/div><div class=\"forminator-row\"><div id=\"date-1\" class=\"forminator-field-date forminator-col forminator-col-6 \"><div class=\"forminator-field\"><label for=\"forminator-field-date-1-picker_69ff38d04b5f3\" id=\"forminator-field-date-1-picker_69ff38d04b5f3-label\" class=\"forminator-label\">Data do estacionamento <span class=\"forminator-required\">*<\/span><\/label><div class=\"forminator-input-with-icon\"><span class=\"forminator-icon-calendar\" aria-hidden=\"true\"><\/span><input autocomplete=\"off\" type=\"text\" size=\"1\" name=\"date-1\" value=\"\" placeholder=\"Escolher Data\" id=\"forminator-field-date-1-picker_69ff38d04b5f3\" class=\"forminator-input forminator-datepicker\" data-required=\"1\" data-format=\"dd\/mm\/yy\" data-restrict-type=\"\" data-restrict=\"\" data-start-year=\"1926\" data-end-year=\"2126\" data-past-dates=\"enable\" data-start-of-week=\"0\" data-start-date=\"\" data-end-date=\"\" data-start-field=\"\" data-end-field=\"\" data-start-offset=\"\" data-end-offset=\"\" data-disable-date=\"\" data-disable-range=\"\" \/><\/div><\/div><\/div><div id=\"text-3\" class=\"forminator-field-text forminator-col forminator-col-6 \"><div class=\"forminator-field\"><label for=\"forminator-field-text-3_69ff38d04b5f3\" id=\"forminator-field-text-3_69ff38d04b5f3-label\" class=\"forminator-label\">Per\u00edodo do estacionamento <span class=\"forminator-required\">*<\/span><\/label><input type=\"text\" name=\"text-3\" value=\"\" placeholder=\"Exemplo: das 08:00 \u00e0s 09:00\" id=\"forminator-field-text-3_69ff38d04b5f3\" class=\"forminator-input forminator-name--field\" data-required=\"1\" aria-describedby=\"forminator-field-text-3_69ff38d04b5f3-description\" \/><span id=\"forminator-field-text-3_69ff38d04b5f3-description\" class=\"forminator-description\">Descreva com exatid\u00e3o o tempo que o ve\u00edculo permanecer\u00e1 estacionado<\/span><\/div><\/div><\/div><div class=\"forminator-row\"><div id=\"textarea-1\" class=\"forminator-field-textarea forminator-col forminator-col-12 \"><div class=\"forminator-field\"><label for=\"forminator-field-textarea-1_69ff38d04b5f3\" id=\"forminator-field-textarea-1_69ff38d04b5f3-label\" class=\"forminator-label\">Descreva o motivo da solicita\u00e7\u00e3o <span class=\"forminator-required\">*<\/span><\/label><textarea name=\"textarea-1\" placeholder=\"\" id=\"forminator-field-textarea-1_69ff38d04b5f3\" class=\"forminator-textarea\" rows=\"6\" style=\"min-height:140px;\" ><\/textarea><\/div><\/div><\/div><div class=\"forminator-row\"><div id=\"html-1\" class=\"forminator-field-html forminator-col forminator-col-12 \"><div class=\"forminator-field forminator-merge-tags\" data-field=\"html-1\"><label class=\"forminator-label\">TERMO DE RESPONSABILIDADE PARA FECHAMENTO DE VIA P\u00daBLICA:<\/label><p style=\"color: black\">\nA autoriza\u00e7\u00e3o concedida por meio deste documento somente ter\u00e1 validade se o mesmo preencher as seguintes condi\u00e7\u00f5es:\n<\/p>\n\n<ol style=\"color: black\">\n<li>Estiver colocada sobre o painel do ve\u00edculo, com frente voltada para cima;<\/li>\n<li>For apresentada \u00e0 autoridade de tr\u00e2nsito ou aos seus agentes, sempre que solicitada.<\/li>\n<li>No local permitido para reservar as vagas fixar c\u00f3pia desta autoriza\u00e7\u00e3o em um dos cones;<\/li>\n<li>O ve\u00edculo n\u00e3o poder\u00e1 ficar em vagas para motos, guia rebaixada, vaga carga\/descarga, pol\u00edcia, idoso, ambul\u00e2ncia, embarque\/desembarque e vaga deficiente;<\/li>\n<li>O requerente \u00e9 obrigado a sinalizar instantaneamente a \u00e1rea interditada, atrav\u00e9s de cones ou placas e sinaliza\u00e7\u00e3o de emerg\u00eancia;<\/li>\n<li>Se a vaga de uso da via para mudan\u00e7as for em \u00e1rea de zona verde, o requerente dever\u00e1 efetuar o pagamento da tarifa correspondente;<\/li>\n<li>Ap\u00f3s o per\u00edodo autorizado, o local dever\u00e1 ser mantido limpo e sem a presen\u00e7a de quaisquer materiais ou equipamentos que possam obstruir o livre tr\u00e2nsito de ve\u00edculo e pedestre;<\/li>\n<li>O desrespeito ao disposto nesta autoriza\u00e7\u00e3o sujeitar\u00e1 o infrator \u00e0s medidas administrativas, penalidades e pontua\u00e7\u00f5es previstas no C\u00f3digo de Tr\u00e2nsito Brasileiro e\/ou C\u00f3digo de Postura do Munic\u00edpio.<\/li>\n<li>Fica o requerente respons\u00e1vel, civil e criminalmente, por quaisquer danos e anormalidades que venham ocorrer no dia, hora e local, objetos da presente autoriza\u00e7\u00e3o.<\/li>\n<\/ol><\/div><\/div><\/div><div class=\"forminator-row\"><div id=\"consent-1\" class=\"forminator-field-consent forminator-col forminator-col-12 \"><div class=\"forminator-field\"><label for=\"forminator-field-consent-1_69ff38d04b5f3\" id=\"forminator-field-consent-1_69ff38d04b5f3-label\" class=\"forminator-label\">Termo de Responsabilidade <span class=\"forminator-required\">*<\/span><\/label><div class=\"forminator-checkbox__wrapper\"><label for=\"forminator-field-consent-1_69ff38d04b5f3\" id=\"forminator-field-consent-1_69ff38d04b5f3__label\" class=\"forminator-checkbox forminator-consent\"><input type=\"checkbox\" name=\"consent-1\" id=\"forminator-field-consent-1_69ff38d04b5f3\" value=\"checked\" aria-labelledby=\"forminator-field-consent-1_69ff38d04b5f3-label\" aria-describedby=\"forminator-field-consent-1_69ff38d04b5f3__description\" data-required=\"true\" aria-required=\"true\" \/><span class=\"forminator-checkbox-box\" aria-hidden=\"true\"><\/span><\/label><div id=\"forminator-field-consent-1_69ff38d04b5f3__description\" class=\"forminator-checkbox__label forminator-consent__label\"><p>Sim, eu concordo com o Termo de Responsabilidade.<\/p><\/div><\/div><\/div><\/div><\/div><input type=\"hidden\" name=\"referer_url\" value=\"\" \/><div class=\"forminator-row forminator-row-last\"><div class=\"forminator-col\"><div class=\"forminator-field\"><button class=\"forminator-button forminator-button-submit\">Enviar mensagem<\/button><\/div><\/div><\/div><input type=\"hidden\" id=\"forminator_nonce\" name=\"forminator_nonce\" value=\"2e870b12d4\" \/><input type=\"hidden\" name=\"_wp_http_referer\" value=\"\/index.php\/wp-json\/wp\/v2\/pages\/2458\" \/><input type=\"hidden\" name=\"form_id\" value=\"2457\"><input type=\"hidden\" name=\"page_id\" value=\"2458\"><input type=\"hidden\" name=\"form_type\" value=\"default\"><input type=\"hidden\" name=\"current_url\" value=\"https:\/\/transito.cambe.pr.gov.br\/index.php\/mudanca\/\"><input type=\"hidden\" name=\"render_id\" value=\"0\"><input type=\"hidden\" name=\"action\" value=\"forminator_submit_form_custom-forms\"><\/form><\/td>\n<\/tr>\n<\/tbody>\n<\/table>\n","protected":false},"excerpt":{"rendered":"<p>IMPORTANTE: SOMENTE O TEMPO ESTRITAMENTE NECESS\u00c1RIO PARA A REALIZA\u00c7\u00c3O DA OPERA\u00c7\u00c3O; O CONDUTOR DEVER\u00c1 FICAR PR\u00d3XIMO AO VE\u00cdCULO DURANTE A OPERA\u00c7\u00c3O; OBRIGAT\u00d3RIO SINALIZAR A VIA COM CONES DE 5 A 10 METROS ANTES DA INTERDI\u00c7\u00c3O. &nbsp; FORMUL\u00c1RIO<\/p>\n","protected":false},"author":5,"featured_media":0,"parent":0,"menu_order":0,"comment_status":"closed","ping_status":"closed","template":"","meta":{"footnotes":""},"class_list":["post-2458","page","type-page","status-publish","hentry"],"blocksy_meta":[],"yoast_head":"<!-- This site is optimized with the Yoast SEO plugin v24.4 - https:\/\/yoast.com\/wordpress\/plugins\/seo\/ -->\n<title>Uso da Via para Mudan\u00e7as - Seguran\u00e7a P\u00fablica e Tr\u00e2nsito - Camb\u00e9<\/title>\n<meta name=\"robots\" content=\"index, follow, max-snippet:-1, max-image-preview:large, max-video-preview:-1\" \/>\n<link rel=\"canonical\" href=\"https:\/\/transito.cambe.pr.gov.br\/index.php\/mudanca\/\" \/>\n<meta property=\"og:locale\" content=\"pt_BR\" \/>\n<meta property=\"og:type\" content=\"article\" \/>\n<meta property=\"og:title\" content=\"Uso da Via para Mudan\u00e7as - Seguran\u00e7a P\u00fablica e Tr\u00e2nsito - Camb\u00e9\" \/>\n<meta property=\"og:description\" content=\"IMPORTANTE: SOMENTE O TEMPO ESTRITAMENTE NECESS\u00c1RIO PARA A REALIZA\u00c7\u00c3O DA OPERA\u00c7\u00c3O; O CONDUTOR DEVER\u00c1 FICAR PR\u00d3XIMO AO VE\u00cdCULO DURANTE A OPERA\u00c7\u00c3O; OBRIGAT\u00d3RIO SINALIZAR A VIA COM CONES DE 5 A 10 METROS ANTES DA INTERDI\u00c7\u00c3O. &nbsp; FORMUL\u00c1RIO\" \/>\n<meta property=\"og:url\" content=\"https:\/\/transito.cambe.pr.gov.br\/index.php\/mudanca\/\" \/>\n<meta property=\"og:site_name\" content=\"Seguran\u00e7a P\u00fablica e Tr\u00e2nsito - Camb\u00e9\" \/>\n<meta property=\"article:publisher\" content=\"https:\/\/www.facebook.com\/DepartamentoTransitoCambe\/\" \/>\n<meta property=\"article:modified_time\" content=\"2025-10-20T14:55:21+00:00\" \/>\n<meta property=\"og:image\" content=\"https:\/\/transito.cambe.pr.gov.br\/wp-content\/uploads\/2023\/08\/brasao_cambe100x100.png\" \/>\n\t<meta property=\"og:image:width\" content=\"100\" \/>\n\t<meta property=\"og:image:height\" content=\"100\" \/>\n\t<meta property=\"og:image:type\" content=\"image\/png\" \/>\n<meta name=\"twitter:card\" content=\"summary_large_image\" \/>\n<meta name=\"twitter:label1\" content=\"Est. tempo de leitura\" \/>\n\t<meta name=\"twitter:data1\" content=\"1 minuto\" \/>\n<script type=\"application\/ld+json\" class=\"yoast-schema-graph\">{\"@context\":\"https:\/\/schema.org\",\"@graph\":[{\"@type\":\"WebPage\",\"@id\":\"https:\/\/transito.cambe.pr.gov.br\/index.php\/mudanca\/\",\"url\":\"https:\/\/transito.cambe.pr.gov.br\/index.php\/mudanca\/\",\"name\":\"Uso da Via para Mudan\u00e7as - Seguran\u00e7a P\u00fablica e Tr\u00e2nsito - Camb\u00e9\",\"isPartOf\":{\"@id\":\"https:\/\/transito.cambe.pr.gov.br\/#website\"},\"datePublished\":\"2025-10-16T14:08:21+00:00\",\"dateModified\":\"2025-10-20T14:55:21+00:00\",\"breadcrumb\":{\"@id\":\"https:\/\/transito.cambe.pr.gov.br\/index.php\/mudanca\/#breadcrumb\"},\"inLanguage\":\"pt-BR\",\"potentialAction\":[{\"@type\":\"ReadAction\",\"target\":[\"https:\/\/transito.cambe.pr.gov.br\/index.php\/mudanca\/\"]}]},{\"@type\":\"BreadcrumbList\",\"@id\":\"https:\/\/transito.cambe.pr.gov.br\/index.php\/mudanca\/#breadcrumb\",\"itemListElement\":[{\"@type\":\"ListItem\",\"position\":1,\"name\":\"In\u00edcio\",\"item\":\"https:\/\/transito.cambe.pr.gov.br\/\"},{\"@type\":\"ListItem\",\"position\":2,\"name\":\"Uso da Via para Mudan\u00e7as\"}]},{\"@type\":\"WebSite\",\"@id\":\"https:\/\/transito.cambe.pr.gov.br\/#website\",\"url\":\"https:\/\/transito.cambe.pr.gov.br\/\",\"name\":\"Seguran\u00e7a P\u00fablica e Tr\u00e2nsito - Camb\u00e9\",\"description\":\"\",\"publisher\":{\"@id\":\"https:\/\/transito.cambe.pr.gov.br\/#organization\"},\"alternateName\":\"SESTRAN-Camb\u00e9\",\"potentialAction\":[{\"@type\":\"SearchAction\",\"target\":{\"@type\":\"EntryPoint\",\"urlTemplate\":\"https:\/\/transito.cambe.pr.gov.br\/?s={search_term_string}\"},\"query-input\":{\"@type\":\"PropertyValueSpecification\",\"valueRequired\":true,\"valueName\":\"search_term_string\"}}],\"inLanguage\":\"pt-BR\"},{\"@type\":\"Organization\",\"@id\":\"https:\/\/transito.cambe.pr.gov.br\/#organization\",\"name\":\"Secretaria de Seguran\u00e7a P\u00fablica e Tr\u00e2nsito de Camb\u00e9\",\"alternateName\":\"SESTRAN-Camb\u00e9\",\"url\":\"https:\/\/transito.cambe.pr.gov.br\/\",\"logo\":{\"@type\":\"ImageObject\",\"inLanguage\":\"pt-BR\",\"@id\":\"https:\/\/transito.cambe.pr.gov.br\/#\/schema\/logo\/image\/\",\"url\":\"https:\/\/transito.cambe.pr.gov.br\/wp-content\/uploads\/2023\/08\/brasao_cambe100x100.png\",\"contentUrl\":\"https:\/\/transito.cambe.pr.gov.br\/wp-content\/uploads\/2023\/08\/brasao_cambe100x100.png\",\"width\":100,\"height\":100,\"caption\":\"Secretaria de Seguran\u00e7a P\u00fablica e Tr\u00e2nsito de Camb\u00e9\"},\"image\":{\"@id\":\"https:\/\/transito.cambe.pr.gov.br\/#\/schema\/logo\/image\/\"},\"sameAs\":[\"https:\/\/www.facebook.com\/DepartamentoTransitoCambe\/\"]}]}<\/script>\n<!-- \/ Yoast SEO plugin. -->","yoast_head_json":{"title":"Uso da Via para Mudan\u00e7as - Seguran\u00e7a P\u00fablica e Tr\u00e2nsito - Camb\u00e9","robots":{"index":"index","follow":"follow","max-snippet":"max-snippet:-1","max-image-preview":"max-image-preview:large","max-video-preview":"max-video-preview:-1"},"canonical":"https:\/\/transito.cambe.pr.gov.br\/index.php\/mudanca\/","og_locale":"pt_BR","og_type":"article","og_title":"Uso da Via para Mudan\u00e7as - Seguran\u00e7a P\u00fablica e Tr\u00e2nsito - Camb\u00e9","og_description":"IMPORTANTE: SOMENTE O TEMPO ESTRITAMENTE NECESS\u00c1RIO PARA A REALIZA\u00c7\u00c3O DA OPERA\u00c7\u00c3O; O CONDUTOR DEVER\u00c1 FICAR PR\u00d3XIMO AO VE\u00cdCULO DURANTE A OPERA\u00c7\u00c3O; OBRIGAT\u00d3RIO SINALIZAR A VIA COM CONES DE 5 A 10 METROS ANTES DA INTERDI\u00c7\u00c3O. &nbsp; FORMUL\u00c1RIO","og_url":"https:\/\/transito.cambe.pr.gov.br\/index.php\/mudanca\/","og_site_name":"Seguran\u00e7a P\u00fablica e Tr\u00e2nsito - Camb\u00e9","article_publisher":"https:\/\/www.facebook.com\/DepartamentoTransitoCambe\/","article_modified_time":"2025-10-20T14:55:21+00:00","og_image":[{"width":100,"height":100,"url":"https:\/\/transito.cambe.pr.gov.br\/wp-content\/uploads\/2023\/08\/brasao_cambe100x100.png","type":"image\/png"}],"twitter_card":"summary_large_image","twitter_misc":{"Est. tempo de leitura":"1 minuto"},"schema":{"@context":"https:\/\/schema.org","@graph":[{"@type":"WebPage","@id":"https:\/\/transito.cambe.pr.gov.br\/index.php\/mudanca\/","url":"https:\/\/transito.cambe.pr.gov.br\/index.php\/mudanca\/","name":"Uso da Via para Mudan\u00e7as - Seguran\u00e7a P\u00fablica e Tr\u00e2nsito - Camb\u00e9","isPartOf":{"@id":"https:\/\/transito.cambe.pr.gov.br\/#website"},"datePublished":"2025-10-16T14:08:21+00:00","dateModified":"2025-10-20T14:55:21+00:00","breadcrumb":{"@id":"https:\/\/transito.cambe.pr.gov.br\/index.php\/mudanca\/#breadcrumb"},"inLanguage":"pt-BR","potentialAction":[{"@type":"ReadAction","target":["https:\/\/transito.cambe.pr.gov.br\/index.php\/mudanca\/"]}]},{"@type":"BreadcrumbList","@id":"https:\/\/transito.cambe.pr.gov.br\/index.php\/mudanca\/#breadcrumb","itemListElement":[{"@type":"ListItem","position":1,"name":"In\u00edcio","item":"https:\/\/transito.cambe.pr.gov.br\/"},{"@type":"ListItem","position":2,"name":"Uso da Via para Mudan\u00e7as"}]},{"@type":"WebSite","@id":"https:\/\/transito.cambe.pr.gov.br\/#website","url":"https:\/\/transito.cambe.pr.gov.br\/","name":"Seguran\u00e7a P\u00fablica e Tr\u00e2nsito - Camb\u00e9","description":"","publisher":{"@id":"https:\/\/transito.cambe.pr.gov.br\/#organization"},"alternateName":"SESTRAN-Camb\u00e9","potentialAction":[{"@type":"SearchAction","target":{"@type":"EntryPoint","urlTemplate":"https:\/\/transito.cambe.pr.gov.br\/?s={search_term_string}"},"query-input":{"@type":"PropertyValueSpecification","valueRequired":true,"valueName":"search_term_string"}}],"inLanguage":"pt-BR"},{"@type":"Organization","@id":"https:\/\/transito.cambe.pr.gov.br\/#organization","name":"Secretaria de Seguran\u00e7a P\u00fablica e Tr\u00e2nsito de Camb\u00e9","alternateName":"SESTRAN-Camb\u00e9","url":"https:\/\/transito.cambe.pr.gov.br\/","logo":{"@type":"ImageObject","inLanguage":"pt-BR","@id":"https:\/\/transito.cambe.pr.gov.br\/#\/schema\/logo\/image\/","url":"https:\/\/transito.cambe.pr.gov.br\/wp-content\/uploads\/2023\/08\/brasao_cambe100x100.png","contentUrl":"https:\/\/transito.cambe.pr.gov.br\/wp-content\/uploads\/2023\/08\/brasao_cambe100x100.png","width":100,"height":100,"caption":"Secretaria de Seguran\u00e7a P\u00fablica e Tr\u00e2nsito de Camb\u00e9"},"image":{"@id":"https:\/\/transito.cambe.pr.gov.br\/#\/schema\/logo\/image\/"},"sameAs":["https:\/\/www.facebook.com\/DepartamentoTransitoCambe\/"]}]}},"_links":{"self":[{"href":"https:\/\/transito.cambe.pr.gov.br\/index.php\/wp-json\/wp\/v2\/pages\/2458","targetHints":{"allow":["GET"]}}],"collection":[{"href":"https:\/\/transito.cambe.pr.gov.br\/index.php\/wp-json\/wp\/v2\/pages"}],"about":[{"href":"https:\/\/transito.cambe.pr.gov.br\/index.php\/wp-json\/wp\/v2\/types\/page"}],"author":[{"embeddable":true,"href":"https:\/\/transito.cambe.pr.gov.br\/index.php\/wp-json\/wp\/v2\/users\/5"}],"replies":[{"embeddable":true,"href":"https:\/\/transito.cambe.pr.gov.br\/index.php\/wp-json\/wp\/v2\/comments?post=2458"}],"version-history":[{"count":14,"href":"https:\/\/transito.cambe.pr.gov.br\/index.php\/wp-json\/wp\/v2\/pages\/2458\/revisions"}],"predecessor-version":[{"id":3862,"href":"https:\/\/transito.cambe.pr.gov.br\/index.php\/wp-json\/wp\/v2\/pages\/2458\/revisions\/3862"}],"wp:attachment":[{"href":"https:\/\/transito.cambe.pr.gov.br\/index.php\/wp-json\/wp\/v2\/media?parent=2458"}],"curies":[{"name":"wp","href":"https:\/\/api.w.org\/{rel}","templated":true}]}}