{"id":2250,"date":"2025-09-12T08:28:21","date_gmt":"2025-09-12T11:28:21","guid":{"rendered":"https:\/\/transito.cambe.pr.gov.br\/?page_id=2250"},"modified":"2026-01-08T07:25:28","modified_gmt":"2026-01-08T10:25:28","slug":"regularizacao-para-o-servico-privado-de-transporte-de-escolares","status":"publish","type":"page","link":"https:\/\/transito.cambe.pr.gov.br\/index.php\/regularizacao-para-o-servico-privado-de-transporte-de-escolares\/","title":{"rendered":"Regulariza\u00e7\u00e3o para o Servi\u00e7o Privado de Transporte de Escolares"},"content":{"rendered":"<div style=\"background: linear-gradient(135deg, #2f5722, #4f7d32); border: 3px solid #d7ff45; padding: 12px 18px; margin: 20px 0; border-radius: 25px; box-shadow: 0 10px 12px rgba(0,0,0,0.1); font-family: sans-serif; color: #fff;\">\n<p style=\"margin: 0px; font-size: 14px; text-align: justify;\"><span style=\"font-size: 18pt; color: #ffe32e;\"><strong style=\"font-family: arial, helvetica, sans-serif;\">1\u00b0 &#8211; OBTER O ALVAR\u00c1 DE LICEN\u00c7A E FUNCIONAMENTO<\/strong><\/span><\/p>\n<p style=\"text-align: justify;\"><span style=\"color: #ffffff; font-family: arial, helvetica, sans-serif;\"><strong>ALVAR\u00c1 DE LICEN\u00c7A E FUNCIONAMENTO<\/strong>: documento emitido pela Secretaria Municipal da Fazenda, que inscreve a pessoa f\u00edsica ou jur\u00eddica na atividade de explora\u00e7\u00e3o do Servi\u00e7o Privado de Transporte de Escolares no Cadastro Municipal de Contribuintes (Art. 2\u00b0, III).<\/span><\/p>\n<p style=\"text-align: center;\"><a style=\"display: inline-block; background: linear-gradient(135deg, #fbc02d, #fff176); color: #339966; padding: 10px 26px; font-weight: bold; border-radius: 20px; text-decoration: none; box-shadow: 0 3px 6px rgba(0,0,0,0.2); font-family: sans-serif; min-width: 130px; text-align: center; font-size: 12pt; border: none;\" href=\"https:\/\/fazenda.cambe.pr.gov.br\/index.php\/secretaria-de-fazenda\/alvara-de-licenca\/requerimentos\/\">SECRETARIA DA FAZENDA (CLIQUE AQUI)<\/a><\/p>\n<p><span style=\"font-family: arial, helvetica, sans-serif; color: #ffffff;\"><strong>ATEN\u00c7\u00c3O<\/strong>: se voc\u00ea j\u00e1 possuir Inscri\u00e7\u00e3o Municipal ativa junto \u00e0 Fazenda para funcionamento, pule diretamente para o passo 2\u00b0 <\/span><a style=\"display: inline-block; background: linear-gradient(135deg, #fbc02d, #fff176); color: #339966; padding: 10px 26px; font-weight: bold; border-radius: 20px; text-decoration: none; box-shadow: 0 3px 6px rgba(0,0,0,0.2); font-family: sans-serif; min-width: 130px; text-align: center; font-size: 12pt; border: none;\" href=\"http:\/\/sgm.cambe.pr.gov.br:8180\/Servicos\/SGM\/RELATORIOS\/InscricaoMunicipal.xhtml\">D\u00favidas (CLIQUE AQUI)<\/a><\/p>\n<\/div>\n<hr \/>\n<div style=\"background: linear-gradient(135deg, #2f5722, #4f7d32); border: 3px solid #d7ff45; padding: 12px 18px; margin: 20px 0; border-radius: 25px; box-shadow: 0 10px 12px rgba(0,0,0,0.1); font-family: sans-serif; color: #fff;\">\n<p style=\"margin: 0px; font-size: 14px; text-align: justify;\"><span style=\"font-size: 18pt; color: #ffe32e;\"><strong style=\"font-family: arial, helvetica, sans-serif;\">2\u00b0 &#8211; OBTER A AUTORIZA\u00c7\u00c3O PARA A EXPLORA\u00c7\u00c3O DO SERVI\u00c7O PRIVADO DE TRANSPORTE DE ESCOLARES<\/strong><\/span><\/p>\n<p style=\"text-align: justify;\"><span style=\"color: #ffffff; font-family: arial, helvetica, sans-serif;\">1\u00b0 Solicitar ao DETRAN\/PR a Autoriza\u00e7\u00e3o de Transporte Escolar. <\/span><\/p>\n<p style=\"text-align: justify;\"><span style=\"color: #ffffff; font-family: arial, helvetica, sans-serif;\">2\u00b0 Ap\u00f3s a emiss\u00e3o da autoriza\u00e7\u00e3o pelo DETRAN\/PR, dirigir-se \u00e0 SESTRAN para obter a autoriza\u00e7\u00e3o para explorar o servi\u00e7o no Munic\u00edpio de Camb\u00e9.<\/span><\/p>\n<p style=\"text-align: justify;\"><span style=\"font-family: arial, helvetica, sans-serif;\"><span style=\"color: #ffffff;\"><strong>Regulamenta\u00e7\u00e3o<\/strong>: <\/span><span style=\"color: #ffffff; background-color: initial;\">Art. 4\u00b0 do Decreto n\u00b0 707\/2025.<\/span><\/span><\/p>\n<\/div>\n<hr \/>\n<div style=\"background: linear-gradient(135deg, #2f5722, #4f7d32); border: 3px solid #d7ff45; padding: 12px 18px; margin: 20px 0; border-radius: 25px; box-shadow: 0 10px 12px rgba(0,0,0,0.1); font-family: sans-serif; color: #fff;\">\n<p style=\"margin: 0px; font-size: 14px; text-align: justify;\"><span style=\"font-size: 18pt; color: #ffe32e;\"><strong style=\"font-family: arial, helvetica, sans-serif;\">3\u00b0 &#8211; OBTER O CERTIFICADO DE TRANSPORTE DE ESCOLARES (CCTE)<\/strong><\/span><\/p>\n<p style=\"text-align: justify;\"><span style=\"color: #ffffff; font-family: arial, helvetica, sans-serif;\"><strong>CERTIFICADO DE TRANSPORTE DE ESCOLARES (CCTE):<\/strong> documento expedido pela SESTRAN que habilita o autorizat\u00e1rio do Servi\u00e7o Privado de Transporte de Escolares ao exerc\u00edcio da atividade no Munic\u00edpio de Camb\u00e9 (Art. 2\u00b0, XII). <\/span><\/p>\n<p style=\"text-align: justify;\"><span style=\"font-family: arial, helvetica, sans-serif;\"><strong><span style=\"color: #ffffff;\">IMPORTANTE:<\/span><\/strong><\/span><\/p>\n<ul style=\"list-style-type: disc;\">\n<li style=\"text-align: justify;\"><span style=\"color: #ffffff; font-family: arial, helvetica, sans-serif;\">Podem obter o CCTE pessoas f\u00edsicas, pessoas jur\u00eddicas e MEI, mediante apresenta\u00e7\u00e3o dos documentos previstos no Decreto n\u00b0 707\/2025.<\/span><\/li>\n<li style=\"text-align: justify;\"><span style=\"color: #ffffff; font-family: arial, helvetica, sans-serif;\">O Certificado de Transporte de Escolares (CCTE) ter\u00e1 validade de 6 (seis) meses.<\/span><\/li>\n<\/ul>\n<\/div>\n<hr \/>\n<div style=\"background: linear-gradient(135deg, #2f5722, #4f7d32); border: 3px solid #d7ff45; padding: 12px 18px; margin: 20px 0; border-radius: 25px; box-shadow: 0 10px 12px rgba(0,0,0,0.1); font-family: sans-serif; color: #fff;\">\n<p style=\"margin: 0px; font-size: 14px;\"><span style=\"font-size: 18pt; color: #ffe32e;\"><strong style=\"font-family: arial, helvetica, sans-serif;\">4\u00b0 &#8211; QUALIFICA\u00c7\u00c3O DOS CONDUTORES<\/strong><\/span><\/p>\n<p style=\"text-align: justify;\"><span style=\"color: #ffffff; font-family: arial, helvetica, sans-serif;\">Para qualifica\u00e7\u00e3o de condutores, ap\u00f3s a expedi\u00e7\u00e3o de autoriza\u00e7\u00e3o, o autorizat\u00e1rio ter\u00e1 o prazo m\u00e1ximo de 10 (dez) dias, contados da expedi\u00e7\u00e3o do respectivo termo, para apresentar os documentoss (Art. 8\u00b0). <\/span><\/p>\n<p style=\"text-align: justify;\"><span style=\"font-family: arial, helvetica, sans-serif;\"><strong><span style=\"color: #ffffff;\">IMPORTANTE: <\/span><\/strong><\/span><\/p>\n<p style=\"text-align: justify;\"><span style=\"color: #ffffff; font-family: arial, helvetica, sans-serif;\">O condutor do ve\u00edculo destinado ao transporte escolar deve atender aos requisitos estabelecidos no Decreto n\u00b0 707\/2025, bem como \u00e0s exig\u00eancias previstas no art.138 do C\u00f3digo de Tr\u00e2nsito Brasileiro (Lei n\u00b0 9.503\/1997).<\/span><\/p>\n<p style=\"text-align: center; margin-top: 10px;\"><a style=\"display: inline-block; background: linear-gradient(135deg, #fbc02d, #fff176); color: #339966; padding: 10px 26px; font-weight: bold; border-radius: 20px; text-decoration: none; box-shadow: 0 3px 6px rgba(0,0,0,0.2); font-family: sans-serif; min-width: 130px; text-align: center; font-size: 12pt; border: none;\" href=\"https:\/\/transito.cambe.pr.gov.br\/index.php\/documentacao\/\">DOCUMENTA\u00c7\u00c3O (CLIQUE AQUI)<\/a><\/p>\n<\/div>\n<hr \/>\n<p>&nbsp;<\/p>\n","protected":false},"excerpt":{"rendered":"<p>1\u00b0 &#8211; OBTER O ALVAR\u00c1 DE LICEN\u00c7A E FUNCIONAMENTO ALVAR\u00c1 DE LICEN\u00c7A E FUNCIONAMENTO: documento emitido pela Secretaria Municipal da Fazenda, que inscreve a pessoa f\u00edsica ou jur\u00eddica na atividade de explora\u00e7\u00e3o do Servi\u00e7o Privado de Transporte de Escolares no Cadastro Municipal de Contribuintes (Art. 2\u00b0, III). SECRETARIA DA FAZENDA (CLIQUE AQUI) ATEN\u00c7\u00c3O: se voc\u00ea [&hellip;]<\/p>\n","protected":false},"author":5,"featured_media":0,"parent":0,"menu_order":0,"comment_status":"closed","ping_status":"closed","template":"","meta":{"footnotes":""},"class_list":["post-2250","page","type-page","status-publish","hentry"],"blocksy_meta":[],"yoast_head":"<!-- This site is optimized with the Yoast SEO plugin v24.4 - https:\/\/yoast.com\/wordpress\/plugins\/seo\/ -->\n<title>Regulariza\u00e7\u00e3o para o Servi\u00e7o Privado de Transporte de Escolares - Seguran\u00e7a P\u00fablica e Tr\u00e2nsito - Camb\u00e9<\/title>\n<meta name=\"robots\" content=\"index, follow, max-snippet:-1, max-image-preview:large, max-video-preview:-1\" \/>\n<link rel=\"canonical\" href=\"https:\/\/transito.cambe.pr.gov.br\/index.php\/regularizacao-para-o-servico-privado-de-transporte-de-escolares\/\" \/>\n<meta property=\"og:locale\" content=\"pt_BR\" \/>\n<meta property=\"og:type\" content=\"article\" \/>\n<meta property=\"og:title\" content=\"Regulariza\u00e7\u00e3o para o Servi\u00e7o Privado de Transporte de Escolares - Seguran\u00e7a P\u00fablica e Tr\u00e2nsito - Camb\u00e9\" \/>\n<meta property=\"og:description\" content=\"1\u00b0 &#8211; OBTER O ALVAR\u00c1 DE LICEN\u00c7A E FUNCIONAMENTO ALVAR\u00c1 DE LICEN\u00c7A E FUNCIONAMENTO: documento emitido pela Secretaria Municipal da Fazenda, que inscreve a pessoa f\u00edsica ou jur\u00eddica na atividade de explora\u00e7\u00e3o do Servi\u00e7o Privado de Transporte de Escolares no Cadastro Municipal de Contribuintes (Art. 2\u00b0, III). SECRETARIA DA FAZENDA (CLIQUE AQUI) ATEN\u00c7\u00c3O: se voc\u00ea [&hellip;]\" \/>\n<meta property=\"og:url\" content=\"https:\/\/transito.cambe.pr.gov.br\/index.php\/regularizacao-para-o-servico-privado-de-transporte-de-escolares\/\" \/>\n<meta property=\"og:site_name\" content=\"Seguran\u00e7a P\u00fablica e Tr\u00e2nsito - Camb\u00e9\" \/>\n<meta property=\"article:publisher\" content=\"https:\/\/www.facebook.com\/DepartamentoTransitoCambe\/\" \/>\n<meta property=\"article:modified_time\" content=\"2026-01-08T10:25:28+00:00\" \/>\n<meta property=\"og:image\" content=\"https:\/\/transito.cambe.pr.gov.br\/wp-content\/uploads\/2023\/08\/brasao_cambe100x100.png\" \/>\n\t<meta property=\"og:image:width\" content=\"100\" \/>\n\t<meta property=\"og:image:height\" content=\"100\" \/>\n\t<meta property=\"og:image:type\" content=\"image\/png\" \/>\n<meta name=\"twitter:card\" content=\"summary_large_image\" \/>\n<meta name=\"twitter:label1\" content=\"Est. tempo de leitura\" \/>\n\t<meta name=\"twitter:data1\" content=\"2 minutos\" \/>\n<script type=\"application\/ld+json\" class=\"yoast-schema-graph\">{\"@context\":\"https:\/\/schema.org\",\"@graph\":[{\"@type\":\"WebPage\",\"@id\":\"https:\/\/transito.cambe.pr.gov.br\/index.php\/regularizacao-para-o-servico-privado-de-transporte-de-escolares\/\",\"url\":\"https:\/\/transito.cambe.pr.gov.br\/index.php\/regularizacao-para-o-servico-privado-de-transporte-de-escolares\/\",\"name\":\"Regulariza\u00e7\u00e3o para o Servi\u00e7o Privado de Transporte de Escolares - Seguran\u00e7a P\u00fablica e Tr\u00e2nsito - Camb\u00e9\",\"isPartOf\":{\"@id\":\"https:\/\/transito.cambe.pr.gov.br\/#website\"},\"datePublished\":\"2025-09-12T11:28:21+00:00\",\"dateModified\":\"2026-01-08T10:25:28+00:00\",\"breadcrumb\":{\"@id\":\"https:\/\/transito.cambe.pr.gov.br\/index.php\/regularizacao-para-o-servico-privado-de-transporte-de-escolares\/#breadcrumb\"},\"inLanguage\":\"pt-BR\",\"potentialAction\":[{\"@type\":\"ReadAction\",\"target\":[\"https:\/\/transito.cambe.pr.gov.br\/index.php\/regularizacao-para-o-servico-privado-de-transporte-de-escolares\/\"]}]},{\"@type\":\"BreadcrumbList\",\"@id\":\"https:\/\/transito.cambe.pr.gov.br\/index.php\/regularizacao-para-o-servico-privado-de-transporte-de-escolares\/#breadcrumb\",\"itemListElement\":[{\"@type\":\"ListItem\",\"position\":1,\"name\":\"In\u00edcio\",\"item\":\"https:\/\/transito.cambe.pr.gov.br\/\"},{\"@type\":\"ListItem\",\"position\":2,\"name\":\"Regulariza\u00e7\u00e3o para o Servi\u00e7o Privado de Transporte de Escolares\"}]},{\"@type\":\"WebSite\",\"@id\":\"https:\/\/transito.cambe.pr.gov.br\/#website\",\"url\":\"https:\/\/transito.cambe.pr.gov.br\/\",\"name\":\"Seguran\u00e7a P\u00fablica e Tr\u00e2nsito - Camb\u00e9\",\"description\":\"\",\"publisher\":{\"@id\":\"https:\/\/transito.cambe.pr.gov.br\/#organization\"},\"alternateName\":\"SESTRAN-Camb\u00e9\",\"potentialAction\":[{\"@type\":\"SearchAction\",\"target\":{\"@type\":\"EntryPoint\",\"urlTemplate\":\"https:\/\/transito.cambe.pr.gov.br\/?s={search_term_string}\"},\"query-input\":{\"@type\":\"PropertyValueSpecification\",\"valueRequired\":true,\"valueName\":\"search_term_string\"}}],\"inLanguage\":\"pt-BR\"},{\"@type\":\"Organization\",\"@id\":\"https:\/\/transito.cambe.pr.gov.br\/#organization\",\"name\":\"Secretaria de Seguran\u00e7a P\u00fablica e Tr\u00e2nsito de Camb\u00e9\",\"alternateName\":\"SESTRAN-Camb\u00e9\",\"url\":\"https:\/\/transito.cambe.pr.gov.br\/\",\"logo\":{\"@type\":\"ImageObject\",\"inLanguage\":\"pt-BR\",\"@id\":\"https:\/\/transito.cambe.pr.gov.br\/#\/schema\/logo\/image\/\",\"url\":\"https:\/\/transito.cambe.pr.gov.br\/wp-content\/uploads\/2023\/08\/brasao_cambe100x100.png\",\"contentUrl\":\"https:\/\/transito.cambe.pr.gov.br\/wp-content\/uploads\/2023\/08\/brasao_cambe100x100.png\",\"width\":100,\"height\":100,\"caption\":\"Secretaria de Seguran\u00e7a P\u00fablica e Tr\u00e2nsito de Camb\u00e9\"},\"image\":{\"@id\":\"https:\/\/transito.cambe.pr.gov.br\/#\/schema\/logo\/image\/\"},\"sameAs\":[\"https:\/\/www.facebook.com\/DepartamentoTransitoCambe\/\"]}]}<\/script>\n<!-- \/ Yoast SEO plugin. -->","yoast_head_json":{"title":"Regulariza\u00e7\u00e3o para o Servi\u00e7o Privado de Transporte de Escolares - Seguran\u00e7a P\u00fablica e Tr\u00e2nsito - Camb\u00e9","robots":{"index":"index","follow":"follow","max-snippet":"max-snippet:-1","max-image-preview":"max-image-preview:large","max-video-preview":"max-video-preview:-1"},"canonical":"https:\/\/transito.cambe.pr.gov.br\/index.php\/regularizacao-para-o-servico-privado-de-transporte-de-escolares\/","og_locale":"pt_BR","og_type":"article","og_title":"Regulariza\u00e7\u00e3o para o Servi\u00e7o Privado de Transporte de Escolares - Seguran\u00e7a P\u00fablica e Tr\u00e2nsito - Camb\u00e9","og_description":"1\u00b0 &#8211; OBTER O ALVAR\u00c1 DE LICEN\u00c7A E FUNCIONAMENTO ALVAR\u00c1 DE LICEN\u00c7A E FUNCIONAMENTO: documento emitido pela Secretaria Municipal da Fazenda, que inscreve a pessoa f\u00edsica ou jur\u00eddica na atividade de explora\u00e7\u00e3o do Servi\u00e7o Privado de Transporte de Escolares no Cadastro Municipal de Contribuintes (Art. 2\u00b0, III). SECRETARIA DA FAZENDA (CLIQUE AQUI) ATEN\u00c7\u00c3O: se voc\u00ea [&hellip;]","og_url":"https:\/\/transito.cambe.pr.gov.br\/index.php\/regularizacao-para-o-servico-privado-de-transporte-de-escolares\/","og_site_name":"Seguran\u00e7a P\u00fablica e Tr\u00e2nsito - Camb\u00e9","article_publisher":"https:\/\/www.facebook.com\/DepartamentoTransitoCambe\/","article_modified_time":"2026-01-08T10:25:28+00:00","og_image":[{"width":100,"height":100,"url":"https:\/\/transito.cambe.pr.gov.br\/wp-content\/uploads\/2023\/08\/brasao_cambe100x100.png","type":"image\/png"}],"twitter_card":"summary_large_image","twitter_misc":{"Est. tempo de leitura":"2 minutos"},"schema":{"@context":"https:\/\/schema.org","@graph":[{"@type":"WebPage","@id":"https:\/\/transito.cambe.pr.gov.br\/index.php\/regularizacao-para-o-servico-privado-de-transporte-de-escolares\/","url":"https:\/\/transito.cambe.pr.gov.br\/index.php\/regularizacao-para-o-servico-privado-de-transporte-de-escolares\/","name":"Regulariza\u00e7\u00e3o para o Servi\u00e7o Privado de Transporte de Escolares - Seguran\u00e7a P\u00fablica e Tr\u00e2nsito - Camb\u00e9","isPartOf":{"@id":"https:\/\/transito.cambe.pr.gov.br\/#website"},"datePublished":"2025-09-12T11:28:21+00:00","dateModified":"2026-01-08T10:25:28+00:00","breadcrumb":{"@id":"https:\/\/transito.cambe.pr.gov.br\/index.php\/regularizacao-para-o-servico-privado-de-transporte-de-escolares\/#breadcrumb"},"inLanguage":"pt-BR","potentialAction":[{"@type":"ReadAction","target":["https:\/\/transito.cambe.pr.gov.br\/index.php\/regularizacao-para-o-servico-privado-de-transporte-de-escolares\/"]}]},{"@type":"BreadcrumbList","@id":"https:\/\/transito.cambe.pr.gov.br\/index.php\/regularizacao-para-o-servico-privado-de-transporte-de-escolares\/#breadcrumb","itemListElement":[{"@type":"ListItem","position":1,"name":"In\u00edcio","item":"https:\/\/transito.cambe.pr.gov.br\/"},{"@type":"ListItem","position":2,"name":"Regulariza\u00e7\u00e3o para o Servi\u00e7o Privado de Transporte de Escolares"}]},{"@type":"WebSite","@id":"https:\/\/transito.cambe.pr.gov.br\/#website","url":"https:\/\/transito.cambe.pr.gov.br\/","name":"Seguran\u00e7a P\u00fablica e Tr\u00e2nsito - Camb\u00e9","description":"","publisher":{"@id":"https:\/\/transito.cambe.pr.gov.br\/#organization"},"alternateName":"SESTRAN-Camb\u00e9","potentialAction":[{"@type":"SearchAction","target":{"@type":"EntryPoint","urlTemplate":"https:\/\/transito.cambe.pr.gov.br\/?s={search_term_string}"},"query-input":{"@type":"PropertyValueSpecification","valueRequired":true,"valueName":"search_term_string"}}],"inLanguage":"pt-BR"},{"@type":"Organization","@id":"https:\/\/transito.cambe.pr.gov.br\/#organization","name":"Secretaria de Seguran\u00e7a P\u00fablica e Tr\u00e2nsito de Camb\u00e9","alternateName":"SESTRAN-Camb\u00e9","url":"https:\/\/transito.cambe.pr.gov.br\/","logo":{"@type":"ImageObject","inLanguage":"pt-BR","@id":"https:\/\/transito.cambe.pr.gov.br\/#\/schema\/logo\/image\/","url":"https:\/\/transito.cambe.pr.gov.br\/wp-content\/uploads\/2023\/08\/brasao_cambe100x100.png","contentUrl":"https:\/\/transito.cambe.pr.gov.br\/wp-content\/uploads\/2023\/08\/brasao_cambe100x100.png","width":100,"height":100,"caption":"Secretaria de Seguran\u00e7a P\u00fablica e Tr\u00e2nsito de Camb\u00e9"},"image":{"@id":"https:\/\/transito.cambe.pr.gov.br\/#\/schema\/logo\/image\/"},"sameAs":["https:\/\/www.facebook.com\/DepartamentoTransitoCambe\/"]}]}},"_links":{"self":[{"href":"https:\/\/transito.cambe.pr.gov.br\/index.php\/wp-json\/wp\/v2\/pages\/2250","targetHints":{"allow":["GET"]}}],"collection":[{"href":"https:\/\/transito.cambe.pr.gov.br\/index.php\/wp-json\/wp\/v2\/pages"}],"about":[{"href":"https:\/\/transito.cambe.pr.gov.br\/index.php\/wp-json\/wp\/v2\/types\/page"}],"author":[{"embeddable":true,"href":"https:\/\/transito.cambe.pr.gov.br\/index.php\/wp-json\/wp\/v2\/users\/5"}],"replies":[{"embeddable":true,"href":"https:\/\/transito.cambe.pr.gov.br\/index.php\/wp-json\/wp\/v2\/comments?post=2250"}],"version-history":[{"count":95,"href":"https:\/\/transito.cambe.pr.gov.br\/index.php\/wp-json\/wp\/v2\/pages\/2250\/revisions"}],"predecessor-version":[{"id":3297,"href":"https:\/\/transito.cambe.pr.gov.br\/index.php\/wp-json\/wp\/v2\/pages\/2250\/revisions\/3297"}],"wp:attachment":[{"href":"https:\/\/transito.cambe.pr.gov.br\/index.php\/wp-json\/wp\/v2\/media?parent=2250"}],"curies":[{"name":"wp","href":"https:\/\/api.w.org\/{rel}","templated":true}]}}