{"id":2053,"date":"2025-07-03T07:56:43","date_gmt":"2025-07-03T10:56:43","guid":{"rendered":"https:\/\/transito.cambe.pr.gov.br\/?page_id=2053"},"modified":"2025-11-21T07:37:25","modified_gmt":"2025-11-21T10:37:25","slug":"zona-verde","status":"publish","type":"page","link":"https:\/\/transito.cambe.pr.gov.br\/index.php\/zona-verde\/","title":{"rendered":"Zona Verde"},"content":{"rendered":"<h2 style=\"text-align: justify;\"><span style=\"font-size: 14pt; color: #000000; font-family: arial, helvetica, sans-serif;\"><strong>Estacionamento Rotativo Zona Verde em Camb\u00e9<\/strong><\/span><\/h2>\n<p style=\"text-align: justify;\"><span style=\"font-weight: 400; color: #000000; font-family: arial, helvetica, sans-serif;\">O estacionamento rotativo <strong><span style=\"color: #008000;\">Zona Verde<\/span><\/strong> \u00e9 uma iniciativa de mobilidade urbana que promove a rotatividade de vagas nas \u00e1reas centrais de Camb\u00e9, conforme previsto nos artigos 24 e 181 XVII do C\u00f3digo de Tr\u00e2nsito Brasileiro (CTB). Regulamentado pela Lei Municipal n\u00ba 3.274\/2025 (altera a Lei n\u00b0 2.704)\u00a0 e pelos Decretos Municipais n\u00ba 315 e 319\/2017, com suas respectivas altera\u00e7\u00f5es, o sistema \u00e9 administrado pelo Instituto Social de Aprendizagem Profissional (ISAP), integrante do Instituto Leonardo Murialdo. O ISAP, selecionado por licita\u00e7\u00e3o, destina parte dos recursos arrecadados para projetos sociais que preparam adolescentes para o mercado de trabalho.<\/span><\/p>\n<hr \/>\n<h2 style=\"text-align: justify;\"><span style=\"font-family: arial, helvetica, sans-serif;\"><strong><span style=\"font-size: 14pt; color: #000000;\">Como Utilizar o Estacionamento Zona Verde<\/span><\/strong><\/span><\/h2>\n<p style=\"text-align: justify;\"><span style=\"font-weight: 400; color: #000000; font-family: arial, helvetica, sans-serif;\">O sistema <span style=\"color: #008000;\"><strong>Zona Verde<\/strong><\/span> oferece op\u00e7\u00f5es modernas e pr\u00e1ticas para uso e pagamento, garantindo comodidade aos usu\u00e1rios:<\/span><\/p>\n<ul style=\"list-style-type: disc; text-align: justify;\">\n<li style=\"font-weight: 400;\" aria-level=\"1\"><span style=\"color: #000000; font-family: arial, helvetica, sans-serif;\"><b>Parqu\u00edmetros<\/b><span style=\"font-weight: 400;\">: dispon\u00edveis nas \u00e1reas de estacionamento, permitem a compra de t\u00edquetes de forma direta. <a href=\"https:\/\/www.zonaverdeepesmel.com.br\/parquimetros\/como-usar\">Informa\u00e7\u00f5es\u00a0<\/a><\/span><\/span><\/li>\n<li style=\"font-weight: 400;\" aria-level=\"1\"><span style=\"color: #000000; font-family: arial, helvetica, sans-serif;\"><b>Colaboradores da Zona Verde<\/b><span style=\"font-weight: 400;\">: a equipe est\u00e1 preparada para orientar, vender t\u00edquetes, regularizar situa\u00e7\u00f5es de irregularidade e realizar recargas de cr\u00e9ditos para o aplicativo Estacione Legal. Os pagamentos poder\u00e3o ser realizados em dinheiro, cart\u00f5es de d\u00e9bito ou cr\u00e9dito e PIX.<\/span><\/span><\/li>\n<li style=\"font-weight: 400;\" aria-level=\"1\"><span style=\"color: #000000; font-family: arial, helvetica, sans-serif;\"><b>Aplicativo Estacione Legal<\/b><span style=\"font-weight: 400;\">: a forma mais pr\u00e1tica e econ\u00f4mica de utilizar a Zona Verde. Baixe o aplicativo, cadastre seus dados e ve\u00edculos, fa\u00e7a uma recarga e ative o tempo desejado ao estacionar. O app permite renovar o tempo de qualquer lugar e recuperar cr\u00e9ditos n\u00e3o utilizados ao deixar a vaga.<\/span><\/span><\/li>\n<li aria-level=\"1\"><strong><span style=\"font-family: arial, helvetica, sans-serif; color: #000000;\">Dispon\u00edvel para:<\/span><\/strong>\n<ul>\n<li style=\"font-weight: 400;\" aria-level=\"2\"><span style=\"color: #000000; font-family: arial, helvetica, sans-serif;\"><span style=\"font-weight: 400;\"><strong>Android:<\/strong>\u00a0<a style=\"display: inline-block; background: linear-gradient(135deg, #fbc02d, #fff176); color: #339966; padding: 8px 20px; font-weight: bold; border-radius: 6px; text-decoration: none; box-shadow: rgba(0, 0, 0, 0.2) 0px 3px 6px; font-family: sans-serif; min-width: 100px; text-align: center; font-size: 11pt; border: none;\" href=\"https:\/\/play.google.com\/store\/apps\/details?id=br.com.bmtisolucoes.estacionelegal&amp;hl=pt_BR&amp;pli=1\">CLIQUE AQUI<\/a>\u00a0 \u00a0<\/span><\/span>\u00a0<span style=\"color: #000000; font-family: arial, helvetica, sans-serif;\"><span style=\"font-weight: 400;\"><strong>iOS:<\/strong>\u00a0<a style=\"display: inline-block; background: linear-gradient(135deg, #fbc02d, #fff176); color: #339966; padding: 8px 20px; font-weight: bold; border-radius: 6px; text-decoration: none; box-shadow: rgba(0, 0, 0, 0.2) 0px 3px 6px; font-family: sans-serif; min-width: 100px; text-align: center; font-size: 11pt; border: none;\" href=\"https:\/\/apps.apple.com\/br\/app\/estacione-legal\/id1385633767\">CLIQUE AQUI<\/a>\u00a0<\/span><\/span><\/li>\n<\/ul>\n<\/li>\n<\/ul>\n<hr \/>\n<h2 style=\"text-align: justify;\"><span style=\"font-size: 14pt; font-family: arial, helvetica, sans-serif;\"><strong><span style=\"color: #000000;\">Irregularidades e Regulariza\u00e7\u00e3o<\/span><\/strong><\/span><\/h2>\n<p style=\"text-align: justify;\"><span style=\"font-weight: 400; color: #000000; font-family: arial, helvetica, sans-serif;\">As principais irregularidades junto ao estacionamento regulamentado <strong><span style=\"color: #008000;\">Zona Verde<\/span><\/strong>, s\u00e3o:<\/span><\/p>\n<ul style=\"list-style-type: disc; text-align: justify;\">\n<li><span style=\"font-weight: 400; color: #000000; font-family: arial, helvetica, sans-serif;\">N\u00e3o adquirir ou ativar o t\u00edquete de estacionamento ao estacionar.<\/span><\/li>\n<li><span style=\"font-family: arial, helvetica, sans-serif; color: #000000;\">Exceder o tempo do t\u00edquete ativado.<\/span><\/li>\n<li><span style=\"font-family: arial, helvetica, sans-serif; color: #000000;\">Permanecer na vaga al\u00e9m do tempo m\u00e1ximo permitido, conforme a sinaliza\u00e7\u00e3o local.<\/span><\/li>\n<\/ul>\n<p><span style=\"font-family: arial, helvetica, sans-serif; color: #000000;\">As irregularidades s\u00e3o fiscalizadas pelos colaboradores da Zona Verde e pelos Agentes de Fiscaliza\u00e7\u00e3o de Tr\u00e2nsito da Secretaria Municipal de Seguran\u00e7a P\u00fablica e Tr\u00e2nsito. <\/span><span style=\"font-family: arial, helvetica, sans-serif; color: #000000;\">Notifica\u00e7\u00f5es de Aviso de Irregularidade <strong>emitidas pelos Agentes de Fiscaliza\u00e7\u00e3o de Tr\u00e2nsito<\/strong> devem ser regularizadas <strong>em at\u00e9 4 dias \u00fateis,<\/strong> pagando a tarifa equivalente a 10 horas de estacionamento,<strong> sob pena<\/strong> de aplica\u00e7\u00e3o da <strong>infra\u00e7\u00e3o grave<\/strong> prevista no artigo 181 XVII do CTB, com multa de R$ 195,23 e 5 pontos na Carteira Nacional de Habilita\u00e7\u00e3o.<\/span><\/p>\n<ul style=\"list-style-type: disc;\">\n<li style=\"text-align: justify;\"><span style=\"font-family: arial, helvetica, sans-serif; color: #000000;\">\u201cArt. 9\u00ba O usu\u00e1rio que n\u00e3o pague a tarifa de estacionamento ou ultrapasse o tempo <\/span><span style=\"font-family: arial, helvetica, sans-serif; color: #000000;\">m\u00e1ximo permitido para o uso da vaga, estar\u00e1 sujeito \u00e0 fiscaliza\u00e7\u00e3o por parte da <\/span><span style=\"font-family: arial, helvetica, sans-serif; color: #000000;\">autoridade de tr\u00e2nsito ou seus agentes para aplica\u00e7\u00e3o das penalidades previstas no <\/span><span style=\"font-family: arial, helvetica, sans-serif; color: #000000;\">artigo 181, inciso XVII, do C\u00f3digo de Tr\u00e2nsito Brasileiro.\u201d<\/span><\/li>\n<\/ul>\n<p><span style=\"font-family: arial, helvetica, sans-serif; color: #000000;\"><strong>Para regularizar<\/strong>, utilize o aplicativo Estacione Legal, os parqu\u00edmetros, contate os colaboradores da Zona Verde ou dirija-se \u00e0 Central de Atendimento da Zona Verde, situada na Rua Par\u00e1, 265, Centro, Camb\u00e9 &#8211; PR, CEP 86181-240.<\/span><\/p>\n<hr \/>\n<h2 style=\"text-align: justify;\"><span style=\"font-family: arial, helvetica, sans-serif;\"><strong><span style=\"font-size: 14pt; color: #000000;\">Atualiza\u00e7\u00f5es<\/span><\/strong><\/span><\/h2>\n<p><span style=\"font-size: 10pt;\">Atualiza\u00e7\u00f5es ap\u00f3s a aprova\u00e7\u00e3o da Lei n\u00b0 3.274\/2025<\/span><\/p>\n<ul style=\"list-style-type: disc;\">\n<li style=\"text-align: justify;\"><span style=\"font-family: arial, helvetica, sans-serif; color: #000000;\">\u201cArt. 6\u00ba O estacionamento remunerado de ve\u00edculos nas \u00e1reas delimitadas far-se-\u00e1 <\/span><span style=\"font-family: arial, helvetica, sans-serif; color: #000000;\">de segunda a sexta-feira, das 8 \u00e0s 18 horas, e aos s\u00e1bados, das 9 \u00e0s 13 horas.<\/span><br \/>\n<span style=\"font-family: arial, helvetica, sans-serif; color: #000000;\">\u00a7 1\u00ba \u00c9 livre o estacionamento, nas \u00e1reas delimitadas, aos domingos e feriados em <\/span><span style=\"font-family: arial, helvetica, sans-serif; color: #000000;\">todo o per\u00edodo, aos s\u00e1bados das 13 \u00e0s 24 horas e, nos demais dias da semana, <\/span><span style=\"font-family: arial, helvetica, sans-serif; color: #000000;\">das 18 \u00e0s 8 horas.<\/span><br \/>\n<span style=\"font-family: arial, helvetica, sans-serif; color: #000000;\">\u00a7 2\u00ba Ser\u00e1 concedida a isen\u00e7\u00e3o nos seguintes casos:<\/span><br \/>\n<span style=\"font-family: arial, helvetica, sans-serif; color: #000000;\">I \u2013 ve\u00edculos pertencentes \u00e0 administra\u00e7\u00e3o direta, indireta e fundacional do Munic\u00edpio, <\/span><span style=\"font-family: arial, helvetica, sans-serif; color: #000000;\">do Estado e da Uni\u00e3o, desde que estejam devidamente identificados;<\/span><br \/>\n<span style=\"font-family: arial, helvetica, sans-serif; color: #000000;\">II \u2013 ambul\u00e2ncias;<\/span><br \/>\n<span style=\"font-family: arial, helvetica, sans-serif; color: #000000;\">III \u2013 ve\u00edculos oficiais da C\u00e2mara Municipal de Camb\u00e9;<\/span><br \/>\n<span style=\"font-family: arial, helvetica, sans-serif; color: #000000;\">IV \u2013 ve\u00edculos em servi\u00e7o de carga e descarga, quando a servi\u00e7o da administra\u00e7\u00e3o <\/span><span style=\"font-family: arial, helvetica, sans-serif; color: #000000;\">municipal, desde que devidamente autorizados para tal fim, com prazo de <\/span><span style=\"font-family: arial, helvetica, sans-serif; color: #000000;\">autoriza\u00e7\u00e3o n\u00e3o superior a 24 (vinte e quatro) horas.<\/span><br \/>\n<span style=\"font-family: arial, helvetica, sans-serif; color: #000000;\">V \u2013 ve\u00edculos a servi\u00e7o da imprensa, desde que devidamente identificados.<\/span><\/li>\n<li style=\"text-align: justify;\"><span style=\"font-family: arial, helvetica, sans-serif; color: #000000;\">\u201cArt. 10 \u2026<\/span><br \/>\n<span style=\"font-family: arial, helvetica, sans-serif; color: #000000;\">Par\u00e1grafo \u00fanico. Em todas as vagas do Sistema de Estacionamento Rotativo Pago <\/span><span style=\"font-family: arial, helvetica, sans-serif; color: #000000;\">nos primeiros 15 (quinze) minutos o estacionamento \u00e9 obrigatoriamente livre e <\/span><span style=\"font-family: arial, helvetica, sans-serif; color: #000000;\">gratuito, bastando para isso o condutor comunicar que vai ficar apenas os quinze <\/span><span style=\"font-family: arial, helvetica, sans-serif; color: #000000;\">minutos e, decorrido esse per\u00edodo de tempo, o condutor dever\u00e1 efetuar o devido <\/span><span style=\"font-family: arial, helvetica, sans-serif; color: #000000;\">pagamento do estacionamento, sendo que a n\u00e3o regulariza\u00e7\u00e3o sujeitar\u00e1 o <\/span><span style=\"font-family: arial, helvetica, sans-serif; color: #000000;\">condutor \u00e0s penalidades previstas em lei.\u201d\u00a0<\/span><\/li>\n<\/ul>\n<hr \/>\n<p><strong><span style=\"font-family: arial, helvetica, sans-serif; font-size: 14pt; color: #000000;\">Contato e Hor\u00e1rios<\/span><\/strong><\/p>\n<p style=\"text-align: justify;\"><span style=\"font-weight: 400; color: #000000; font-family: arial, helvetica, sans-serif;\">Para d\u00favidas ou mais informa\u00e7\u00f5es, entre em contato com a Zona Verde pelo telefone (43) 3035-3474 ou (43) 99146-0391.<\/span><\/p>\n<p style=\"text-align: justify;\"><span style=\"color: #000000; font-family: arial, helvetica, sans-serif;\"><span style=\"font-weight: 400;\">E-mail: <\/span><span style=\"font-weight: 400;\">ouvidoriazonaazul.epesmel@murialdo.com.br<\/span><\/span><\/p>\n<hr \/>\n<p style=\"text-align: justify;\"><span style=\"color: #000000; font-family: arial, helvetica, sans-serif;\"><span style=\"font-size: 14pt;\"><strong>Hor\u00e1rio de Funcionamento:<\/strong><\/span><\/span><\/p>\n<ul style=\"list-style-type: disc; text-align: justify;\">\n<li><span style=\"font-weight: 400; color: #000000; font-family: arial, helvetica, sans-serif;\">Segunda a sexta-feira: 08h \u00e0s 17h30<\/span><\/li>\n<li><span style=\"font-family: arial, helvetica, sans-serif; color: #000000;\">S\u00e1bados: 09h \u00e0s 13h<\/span><\/li>\n<\/ul>\n<p style=\"text-align: justify;\"><span style=\"font-weight: 400; color: #000000; font-family: arial, helvetica, sans-serif;\">Aproveite a praticidade do estacionamento rotativo Zona Verde e estacione com facilidade utilizando o aplicativo Estacione Legal!<\/span><\/p>\n<p><img decoding=\"async\" src=\"https:\/\/www.cambe.pr.gov.br\/wp-content\/uploads\/2022\/10\/WhatsApp-Image-2022-10-10-at-14.27.48-300x300.jpeg\" \/><\/p>\n","protected":false},"excerpt":{"rendered":"<p>Estacionamento Rotativo Zona Verde em Camb\u00e9 O estacionamento rotativo Zona Verde \u00e9 uma iniciativa de mobilidade urbana que promove a rotatividade de vagas nas \u00e1reas centrais de Camb\u00e9, conforme previsto nos artigos 24 e 181 XVII do C\u00f3digo de Tr\u00e2nsito Brasileiro (CTB). Regulamentado pela Lei Municipal n\u00ba 3.274\/2025 (altera a Lei n\u00b0 2.704)\u00a0 e pelos [&hellip;]<\/p>\n","protected":false},"author":5,"featured_media":0,"parent":0,"menu_order":0,"comment_status":"closed","ping_status":"closed","template":"","meta":{"footnotes":""},"class_list":["post-2053","page","type-page","status-publish","hentry"],"blocksy_meta":[],"yoast_head":"<!-- This site is optimized with the Yoast SEO plugin v24.4 - https:\/\/yoast.com\/wordpress\/plugins\/seo\/ -->\n<title>Zona Verde - Seguran\u00e7a P\u00fablica e Tr\u00e2nsito - Camb\u00e9<\/title>\n<meta name=\"robots\" content=\"index, follow, max-snippet:-1, max-image-preview:large, max-video-preview:-1\" \/>\n<link rel=\"canonical\" href=\"https:\/\/transito.cambe.pr.gov.br\/index.php\/zona-verde\/\" \/>\n<meta property=\"og:locale\" content=\"pt_BR\" \/>\n<meta property=\"og:type\" content=\"article\" \/>\n<meta property=\"og:title\" content=\"Zona Verde - Seguran\u00e7a P\u00fablica e Tr\u00e2nsito - Camb\u00e9\" \/>\n<meta property=\"og:description\" content=\"Estacionamento Rotativo Zona Verde em Camb\u00e9 O estacionamento rotativo Zona Verde \u00e9 uma iniciativa de mobilidade urbana que promove a rotatividade de vagas nas \u00e1reas centrais de Camb\u00e9, conforme previsto nos artigos 24 e 181 XVII do C\u00f3digo de Tr\u00e2nsito Brasileiro (CTB). Regulamentado pela Lei Municipal n\u00ba 3.274\/2025 (altera a Lei n\u00b0 2.704)\u00a0 e pelos [&hellip;]\" \/>\n<meta property=\"og:url\" content=\"https:\/\/transito.cambe.pr.gov.br\/index.php\/zona-verde\/\" \/>\n<meta property=\"og:site_name\" content=\"Seguran\u00e7a P\u00fablica e Tr\u00e2nsito - Camb\u00e9\" \/>\n<meta property=\"article:publisher\" content=\"https:\/\/www.facebook.com\/DepartamentoTransitoCambe\/\" \/>\n<meta property=\"article:modified_time\" content=\"2025-11-21T10:37:25+00:00\" \/>\n<meta property=\"og:image\" content=\"https:\/\/www.cambe.pr.gov.br\/wp-content\/uploads\/2022\/10\/WhatsApp-Image-2022-10-10-at-14.27.48-300x300.jpeg\" \/>\n<meta name=\"twitter:card\" content=\"summary_large_image\" \/>\n<meta name=\"twitter:label1\" content=\"Est. tempo de leitura\" \/>\n\t<meta name=\"twitter:data1\" content=\"5 minutos\" \/>\n<script type=\"application\/ld+json\" class=\"yoast-schema-graph\">{\"@context\":\"https:\/\/schema.org\",\"@graph\":[{\"@type\":\"WebPage\",\"@id\":\"https:\/\/transito.cambe.pr.gov.br\/index.php\/zona-verde\/\",\"url\":\"https:\/\/transito.cambe.pr.gov.br\/index.php\/zona-verde\/\",\"name\":\"Zona Verde - Seguran\u00e7a P\u00fablica e Tr\u00e2nsito - Camb\u00e9\",\"isPartOf\":{\"@id\":\"https:\/\/transito.cambe.pr.gov.br\/#website\"},\"primaryImageOfPage\":{\"@id\":\"https:\/\/transito.cambe.pr.gov.br\/index.php\/zona-verde\/#primaryimage\"},\"image\":{\"@id\":\"https:\/\/transito.cambe.pr.gov.br\/index.php\/zona-verde\/#primaryimage\"},\"thumbnailUrl\":\"https:\/\/www.cambe.pr.gov.br\/wp-content\/uploads\/2022\/10\/WhatsApp-Image-2022-10-10-at-14.27.48-300x300.jpeg\",\"datePublished\":\"2025-07-03T10:56:43+00:00\",\"dateModified\":\"2025-11-21T10:37:25+00:00\",\"breadcrumb\":{\"@id\":\"https:\/\/transito.cambe.pr.gov.br\/index.php\/zona-verde\/#breadcrumb\"},\"inLanguage\":\"pt-BR\",\"potentialAction\":[{\"@type\":\"ReadAction\",\"target\":[\"https:\/\/transito.cambe.pr.gov.br\/index.php\/zona-verde\/\"]}]},{\"@type\":\"ImageObject\",\"inLanguage\":\"pt-BR\",\"@id\":\"https:\/\/transito.cambe.pr.gov.br\/index.php\/zona-verde\/#primaryimage\",\"url\":\"https:\/\/www.cambe.pr.gov.br\/wp-content\/uploads\/2022\/10\/WhatsApp-Image-2022-10-10-at-14.27.48-300x300.jpeg\",\"contentUrl\":\"https:\/\/www.cambe.pr.gov.br\/wp-content\/uploads\/2022\/10\/WhatsApp-Image-2022-10-10-at-14.27.48-300x300.jpeg\"},{\"@type\":\"BreadcrumbList\",\"@id\":\"https:\/\/transito.cambe.pr.gov.br\/index.php\/zona-verde\/#breadcrumb\",\"itemListElement\":[{\"@type\":\"ListItem\",\"position\":1,\"name\":\"In\u00edcio\",\"item\":\"https:\/\/transito.cambe.pr.gov.br\/\"},{\"@type\":\"ListItem\",\"position\":2,\"name\":\"Zona Verde\"}]},{\"@type\":\"WebSite\",\"@id\":\"https:\/\/transito.cambe.pr.gov.br\/#website\",\"url\":\"https:\/\/transito.cambe.pr.gov.br\/\",\"name\":\"Seguran\u00e7a P\u00fablica e Tr\u00e2nsito - Camb\u00e9\",\"description\":\"\",\"publisher\":{\"@id\":\"https:\/\/transito.cambe.pr.gov.br\/#organization\"},\"alternateName\":\"SESTRAN-Camb\u00e9\",\"potentialAction\":[{\"@type\":\"SearchAction\",\"target\":{\"@type\":\"EntryPoint\",\"urlTemplate\":\"https:\/\/transito.cambe.pr.gov.br\/?s={search_term_string}\"},\"query-input\":{\"@type\":\"PropertyValueSpecification\",\"valueRequired\":true,\"valueName\":\"search_term_string\"}}],\"inLanguage\":\"pt-BR\"},{\"@type\":\"Organization\",\"@id\":\"https:\/\/transito.cambe.pr.gov.br\/#organization\",\"name\":\"Secretaria de Seguran\u00e7a P\u00fablica e Tr\u00e2nsito de Camb\u00e9\",\"alternateName\":\"SESTRAN-Camb\u00e9\",\"url\":\"https:\/\/transito.cambe.pr.gov.br\/\",\"logo\":{\"@type\":\"ImageObject\",\"inLanguage\":\"pt-BR\",\"@id\":\"https:\/\/transito.cambe.pr.gov.br\/#\/schema\/logo\/image\/\",\"url\":\"https:\/\/transito.cambe.pr.gov.br\/wp-content\/uploads\/2023\/08\/brasao_cambe100x100.png\",\"contentUrl\":\"https:\/\/transito.cambe.pr.gov.br\/wp-content\/uploads\/2023\/08\/brasao_cambe100x100.png\",\"width\":100,\"height\":100,\"caption\":\"Secretaria de Seguran\u00e7a P\u00fablica e Tr\u00e2nsito de Camb\u00e9\"},\"image\":{\"@id\":\"https:\/\/transito.cambe.pr.gov.br\/#\/schema\/logo\/image\/\"},\"sameAs\":[\"https:\/\/www.facebook.com\/DepartamentoTransitoCambe\/\"]}]}<\/script>\n<!-- \/ Yoast SEO plugin. -->","yoast_head_json":{"title":"Zona Verde - Seguran\u00e7a P\u00fablica e Tr\u00e2nsito - Camb\u00e9","robots":{"index":"index","follow":"follow","max-snippet":"max-snippet:-1","max-image-preview":"max-image-preview:large","max-video-preview":"max-video-preview:-1"},"canonical":"https:\/\/transito.cambe.pr.gov.br\/index.php\/zona-verde\/","og_locale":"pt_BR","og_type":"article","og_title":"Zona Verde - Seguran\u00e7a P\u00fablica e Tr\u00e2nsito - Camb\u00e9","og_description":"Estacionamento Rotativo Zona Verde em Camb\u00e9 O estacionamento rotativo Zona Verde \u00e9 uma iniciativa de mobilidade urbana que promove a rotatividade de vagas nas \u00e1reas centrais de Camb\u00e9, conforme previsto nos artigos 24 e 181 XVII do C\u00f3digo de Tr\u00e2nsito Brasileiro (CTB). Regulamentado pela Lei Municipal n\u00ba 3.274\/2025 (altera a Lei n\u00b0 2.704)\u00a0 e pelos [&hellip;]","og_url":"https:\/\/transito.cambe.pr.gov.br\/index.php\/zona-verde\/","og_site_name":"Seguran\u00e7a P\u00fablica e Tr\u00e2nsito - Camb\u00e9","article_publisher":"https:\/\/www.facebook.com\/DepartamentoTransitoCambe\/","article_modified_time":"2025-11-21T10:37:25+00:00","og_image":[{"url":"https:\/\/www.cambe.pr.gov.br\/wp-content\/uploads\/2022\/10\/WhatsApp-Image-2022-10-10-at-14.27.48-300x300.jpeg","type":"","width":"","height":""}],"twitter_card":"summary_large_image","twitter_misc":{"Est. tempo de leitura":"5 minutos"},"schema":{"@context":"https:\/\/schema.org","@graph":[{"@type":"WebPage","@id":"https:\/\/transito.cambe.pr.gov.br\/index.php\/zona-verde\/","url":"https:\/\/transito.cambe.pr.gov.br\/index.php\/zona-verde\/","name":"Zona Verde - Seguran\u00e7a P\u00fablica e Tr\u00e2nsito - Camb\u00e9","isPartOf":{"@id":"https:\/\/transito.cambe.pr.gov.br\/#website"},"primaryImageOfPage":{"@id":"https:\/\/transito.cambe.pr.gov.br\/index.php\/zona-verde\/#primaryimage"},"image":{"@id":"https:\/\/transito.cambe.pr.gov.br\/index.php\/zona-verde\/#primaryimage"},"thumbnailUrl":"https:\/\/www.cambe.pr.gov.br\/wp-content\/uploads\/2022\/10\/WhatsApp-Image-2022-10-10-at-14.27.48-300x300.jpeg","datePublished":"2025-07-03T10:56:43+00:00","dateModified":"2025-11-21T10:37:25+00:00","breadcrumb":{"@id":"https:\/\/transito.cambe.pr.gov.br\/index.php\/zona-verde\/#breadcrumb"},"inLanguage":"pt-BR","potentialAction":[{"@type":"ReadAction","target":["https:\/\/transito.cambe.pr.gov.br\/index.php\/zona-verde\/"]}]},{"@type":"ImageObject","inLanguage":"pt-BR","@id":"https:\/\/transito.cambe.pr.gov.br\/index.php\/zona-verde\/#primaryimage","url":"https:\/\/www.cambe.pr.gov.br\/wp-content\/uploads\/2022\/10\/WhatsApp-Image-2022-10-10-at-14.27.48-300x300.jpeg","contentUrl":"https:\/\/www.cambe.pr.gov.br\/wp-content\/uploads\/2022\/10\/WhatsApp-Image-2022-10-10-at-14.27.48-300x300.jpeg"},{"@type":"BreadcrumbList","@id":"https:\/\/transito.cambe.pr.gov.br\/index.php\/zona-verde\/#breadcrumb","itemListElement":[{"@type":"ListItem","position":1,"name":"In\u00edcio","item":"https:\/\/transito.cambe.pr.gov.br\/"},{"@type":"ListItem","position":2,"name":"Zona Verde"}]},{"@type":"WebSite","@id":"https:\/\/transito.cambe.pr.gov.br\/#website","url":"https:\/\/transito.cambe.pr.gov.br\/","name":"Seguran\u00e7a P\u00fablica e Tr\u00e2nsito - Camb\u00e9","description":"","publisher":{"@id":"https:\/\/transito.cambe.pr.gov.br\/#organization"},"alternateName":"SESTRAN-Camb\u00e9","potentialAction":[{"@type":"SearchAction","target":{"@type":"EntryPoint","urlTemplate":"https:\/\/transito.cambe.pr.gov.br\/?s={search_term_string}"},"query-input":{"@type":"PropertyValueSpecification","valueRequired":true,"valueName":"search_term_string"}}],"inLanguage":"pt-BR"},{"@type":"Organization","@id":"https:\/\/transito.cambe.pr.gov.br\/#organization","name":"Secretaria de Seguran\u00e7a P\u00fablica e Tr\u00e2nsito de Camb\u00e9","alternateName":"SESTRAN-Camb\u00e9","url":"https:\/\/transito.cambe.pr.gov.br\/","logo":{"@type":"ImageObject","inLanguage":"pt-BR","@id":"https:\/\/transito.cambe.pr.gov.br\/#\/schema\/logo\/image\/","url":"https:\/\/transito.cambe.pr.gov.br\/wp-content\/uploads\/2023\/08\/brasao_cambe100x100.png","contentUrl":"https:\/\/transito.cambe.pr.gov.br\/wp-content\/uploads\/2023\/08\/brasao_cambe100x100.png","width":100,"height":100,"caption":"Secretaria de Seguran\u00e7a P\u00fablica e Tr\u00e2nsito de Camb\u00e9"},"image":{"@id":"https:\/\/transito.cambe.pr.gov.br\/#\/schema\/logo\/image\/"},"sameAs":["https:\/\/www.facebook.com\/DepartamentoTransitoCambe\/"]}]}},"_links":{"self":[{"href":"https:\/\/transito.cambe.pr.gov.br\/index.php\/wp-json\/wp\/v2\/pages\/2053","targetHints":{"allow":["GET"]}}],"collection":[{"href":"https:\/\/transito.cambe.pr.gov.br\/index.php\/wp-json\/wp\/v2\/pages"}],"about":[{"href":"https:\/\/transito.cambe.pr.gov.br\/index.php\/wp-json\/wp\/v2\/types\/page"}],"author":[{"embeddable":true,"href":"https:\/\/transito.cambe.pr.gov.br\/index.php\/wp-json\/wp\/v2\/users\/5"}],"replies":[{"embeddable":true,"href":"https:\/\/transito.cambe.pr.gov.br\/index.php\/wp-json\/wp\/v2\/comments?post=2053"}],"version-history":[{"count":39,"href":"https:\/\/transito.cambe.pr.gov.br\/index.php\/wp-json\/wp\/v2\/pages\/2053\/revisions"}],"predecessor-version":[{"id":2090,"href":"https:\/\/transito.cambe.pr.gov.br\/index.php\/wp-json\/wp\/v2\/pages\/2053\/revisions\/2090"}],"wp:attachment":[{"href":"https:\/\/transito.cambe.pr.gov.br\/index.php\/wp-json\/wp\/v2\/media?parent=2053"}],"curies":[{"name":"wp","href":"https:\/\/api.w.org\/{rel}","templated":true}]}}